{"id":9415,"date":"2019-01-17T16:17:11","date_gmt":"2019-01-17T16:17:11","guid":{"rendered":"http:\/\/www.arovite.com\/comunidad-autonoma-de-extremadura-2005\/"},"modified":"2019-01-17T16:17:11","modified_gmt":"2019-01-17T16:17:11","slug":"comunidad-autonoma-de-extremadura-2005","status":"publish","type":"page","link":"https:\/\/www.arovite.com\/eu\/comunidad-autonoma-de-extremadura-2005\/","title":{"rendered":"Comunidad Aut\u00f3noma de Extremadura (2005)"},"content":{"rendered":"<div class=\"wpb-content-wrapper\"><p>[vc_row][vc_column width=&#8221;1\/1&#8243;][vc_column_text][vc_empty_space height=&#8221;20&#8243;]<br \/>\n<strong>Referencia bibliogr\u00e1fica<\/strong><br \/>\nComunidad Aut\u00f3noma de Extremadura (2005): Ley 6\/2005, de 27 de diciembre, de medidas para la asistencia y atenci\u00f3n de las v\u00edctimas del terrorismo y de creaci\u00f3n del Centro Extreme\u00f1o de Estudios para la Paz.<\/p>\n<p><a class=\"button blue  medium \" href=\" https:\/\/www.boe.es\/eli\/es-ex\/l\/2005\/12\/27\/6\" target=\"_blank\">Consultar PDF<\/a>[vc_empty_space height=&#8221;10&#8243;]<br \/>\n<strong>Resumen<\/strong><br \/>\nLa presente Ley tiene por finalidad establecer un conjunto de medidas en distintos sectores de competencia auton\u00f3mica, destinadas a las v\u00edctimas del terrorismo y dem\u00e1s personas a que se refiere el art\u00edculo 3, con el objeto de atender las especiales necesidades de este colectivo. Dicha finalidad y con car\u00e1cter instrumental incluye la creaci\u00f3n del Centro Extreme\u00f1o de Estudios para la Paz como instituci\u00f3n que persigue prestar una atenci\u00f3n especializada a las v\u00edctimas del terrorismo y actos violento y desarrollar programas y actividades en defensa de los derechos humanos y de promoci\u00f3n de los valores constitucionales.<br \/>\n [vc_empty_space height=&#8221;10&#8243;]<br \/>\n<strong>Tipo de documento<\/strong><br \/>\nLey<br \/>\n[vc_empty_space height=&#8221;10&#8243;]<br \/>\n[\/vc_column_text][\/vc_column][\/vc_row]<\/p>\n<\/div>","protected":false},"excerpt":{"rendered":"<p>[vc_row][vc_column width=&#8221;1\/1&#8243;][vc_column_text][vc_empty_space height=&#8221;20&#8243;] Referencia bibliogr\u00e1fica Comunidad Aut\u00f3noma de Extremadura (2005): Ley 6\/2005, de 27 de diciembre, de medidas para la asistencia y atenci\u00f3n de las v\u00edctimas del terrorismo y de&hellip;<\/p>\n","protected":false},"author":1,"featured_media":0,"parent":0,"menu_order":0,"comment_status":"closed","ping_status":"closed","template":"","meta":{"om_disable_all_campaigns":false,"_monsterinsights_skip_tracking":false,"_monsterinsights_sitenote_active":false,"_monsterinsights_sitenote_note":"","_monsterinsights_sitenote_category":0,"_uf_show_specific_survey":0,"_uf_disable_surveys":false,"_vp_format_video_url":"","_vp_image_focal_point":[],"_vp_custom_popup_image":0,"_vp_format_audio_url":"","_vp_custom_thumbnail":0,"_vp_custom_thumbnail_focal_point":[],"_vp_hover_thumbnail":0,"_vp_hover_thumbnail_focal_point":[],"footnotes":""},"class_list":["post-9415","page","type-page","status-publish","hentry"],"aioseo_notices":[],"_links":{"self":[{"href":"https:\/\/www.arovite.com\/eu\/wp-json\/wp\/v2\/pages\/9415","targetHints":{"allow":["GET"]}}],"collection":[{"href":"https:\/\/www.arovite.com\/eu\/wp-json\/wp\/v2\/pages"}],"about":[{"href":"https:\/\/www.arovite.com\/eu\/wp-json\/wp\/v2\/types\/page"}],"author":[{"embeddable":true,"href":"https:\/\/www.arovite.com\/eu\/wp-json\/wp\/v2\/users\/1"}],"replies":[{"embeddable":true,"href":"https:\/\/www.arovite.com\/eu\/wp-json\/wp\/v2\/comments?post=9415"}],"version-history":[{"count":0,"href":"https:\/\/www.arovite.com\/eu\/wp-json\/wp\/v2\/pages\/9415\/revisions"}],"wp:attachment":[{"href":"https:\/\/www.arovite.com\/eu\/wp-json\/wp\/v2\/media?parent=9415"}],"curies":[{"name":"wp","href":"https:\/\/api.w.org\/{rel}","templated":true}]}}