{"id":9404,"date":"2019-01-17T08:59:44","date_gmt":"2019-01-17T08:59:44","guid":{"rendered":"http:\/\/www.arovite.com\/comunidad-autonoma-de-la-rioja-2018\/"},"modified":"2019-01-17T08:59:44","modified_gmt":"2019-01-17T08:59:44","slug":"comunidad-autonoma-de-la-rioja-2018","status":"publish","type":"page","link":"https:\/\/www.arovite.com\/eu\/comunidad-autonoma-de-la-rioja-2018\/","title":{"rendered":"Comunidad Aut\u00f3noma de La Rioja (2018)"},"content":{"rendered":"<div class=\"wpb-content-wrapper\"><p>[vc_row][vc_column width=&#8221;1\/1&#8243;][vc_column_text][vc_empty_space height=&#8221;20&#8243;]<br \/>\n<strong>Referencia bibliogr\u00e1fica<\/strong><br \/>\nComunidad Aut\u00f3noma de La Rioja (2018): Ley 4\/2018, de 10 de abril, de medidas a favor de las v\u00edctimas del terrorismo de la Comunidad Aut\u00f3noma de La Rioja.<\/p>\n<p><a class=\"button blue  medium \" href=\"https:\/\/www.boe.es\/buscar\/pdf\/2018\/BOE-A-2018-6220-consolidado.pdf\" target=\"_blank\">Consultar PDF<\/a>[vc_empty_space height=&#8221;10&#8243;]<br \/>\n<strong>Resumen<\/strong><br \/>\nSe aprueba esta ley con el objetivo de regular y ampliar las medidas de asistencia y atenci\u00f3n a las v\u00edctimas del terrorismo, dotando de un estatuto espec\u00edfico a los riojanos que hayan sido o, lamentablemente, puedan ser v\u00edctimas del terrorismo, estableciendo ayudas para superar las consecuencias de un acto terrorista.<br \/>\n [vc_empty_space height=&#8221;10&#8243;]<br \/>\n<strong>Tipo de documento<\/strong><br \/>\nLey<br \/>\n[vc_empty_space height=&#8221;10&#8243;]<br \/>\n[\/vc_column_text][\/vc_column][\/vc_row]<\/p>\n<\/div>","protected":false},"excerpt":{"rendered":"<p>[vc_row][vc_column width=&#8221;1\/1&#8243;][vc_column_text][vc_empty_space height=&#8221;20&#8243;] Referencia bibliogr\u00e1fica Comunidad Aut\u00f3noma de La Rioja (2018): Ley 4\/2018, de 10 de abril, de medidas a favor de las v\u00edctimas del terrorismo de la Comunidad Aut\u00f3noma&hellip;<\/p>\n","protected":false},"author":1,"featured_media":0,"parent":0,"menu_order":0,"comment_status":"closed","ping_status":"closed","template":"","meta":{"om_disable_all_campaigns":false,"_monsterinsights_skip_tracking":false,"_monsterinsights_sitenote_active":false,"_monsterinsights_sitenote_note":"","_monsterinsights_sitenote_category":0,"_uf_show_specific_survey":0,"_uf_disable_surveys":false,"_vp_format_video_url":"","_vp_image_focal_point":[],"_vp_custom_popup_image":0,"_vp_format_audio_url":"","_vp_custom_thumbnail":0,"_vp_custom_thumbnail_focal_point":[],"_vp_hover_thumbnail":0,"_vp_hover_thumbnail_focal_point":[],"footnotes":""},"class_list":["post-9404","page","type-page","status-publish","hentry"],"aioseo_notices":[],"_links":{"self":[{"href":"https:\/\/www.arovite.com\/eu\/wp-json\/wp\/v2\/pages\/9404","targetHints":{"allow":["GET"]}}],"collection":[{"href":"https:\/\/www.arovite.com\/eu\/wp-json\/wp\/v2\/pages"}],"about":[{"href":"https:\/\/www.arovite.com\/eu\/wp-json\/wp\/v2\/types\/page"}],"author":[{"embeddable":true,"href":"https:\/\/www.arovite.com\/eu\/wp-json\/wp\/v2\/users\/1"}],"replies":[{"embeddable":true,"href":"https:\/\/www.arovite.com\/eu\/wp-json\/wp\/v2\/comments?post=9404"}],"version-history":[{"count":0,"href":"https:\/\/www.arovite.com\/eu\/wp-json\/wp\/v2\/pages\/9404\/revisions"}],"wp:attachment":[{"href":"https:\/\/www.arovite.com\/eu\/wp-json\/wp\/v2\/media?parent=9404"}],"curies":[{"name":"wp","href":"https:\/\/api.w.org\/{rel}","templated":true}]}}