{"id":9400,"date":"2019-01-17T08:58:25","date_gmt":"2019-01-17T08:58:25","guid":{"rendered":"http:\/\/www.arovite.com\/comunidad-de-madrid-2018\/"},"modified":"2019-01-17T08:58:25","modified_gmt":"2019-01-17T08:58:25","slug":"comunidad-de-madrid-2018","status":"publish","type":"page","link":"https:\/\/www.arovite.com\/eu\/comunidad-de-madrid-2018\/","title":{"rendered":"Comunidad de Madrid (2018)"},"content":{"rendered":"<div class=\"wpb-content-wrapper\"><p>[vc_row][vc_column width=&#8221;1\/1&#8243;][vc_column_text][vc_empty_space height=&#8221;20&#8243;]<br \/>\n<strong>Referencia bibliogr\u00e1fica<\/strong><br \/>\nComunidad de Madrid (2018): Ley 5\/2018, de 17 de octubre, para la protecci\u00f3n, reconocimiento y memoria de las v\u00edctimas del terrorismo.<\/p>\n<p><a class=\"button blue  medium \" href=\"https:\/\/www.boe.es\/boe\/dias\/2018\/12\/04\/pdfs\/BOE-A-2018-16540.pdf\" target=\"_blank\">Consultar PDF<\/a>[vc_empty_space height=&#8221;10&#8243;]<br \/>\n<strong>Resumen<\/strong><br \/>\nLa Comunidad de Madrid, pretende con este texto normativo expresar la condena en\u00e9rgica por parte de la sociedad madrile\u00f1a y manifestar su m\u00e1s absoluta solidaridad con todas las v\u00edctimas del terrorismo que lo han sufrido o que lo pudieran sufrir en el futuro en cualquiera de sus formas. La ley constituye, adem\u00e1s, un compromiso p\u00fablico de toda la Comunidad con las v\u00edctimas del terrorismo para que permanezcan siempre visibles en la sociedad y para que se mantenga y potencie el relato de lo sucedido, como una forma eficaz de construir tanto la memoria individual como colectiva.<br \/>\n[vc_empty_space height=&#8221;10&#8243;]<br \/>\n<strong>Tipo de documento<\/strong><br \/>\nLey<br \/>\n[vc_empty_space height=&#8221;10&#8243;]<br \/>\n[\/vc_column_text][\/vc_column][\/vc_row]<\/p>\n<\/div>","protected":false},"excerpt":{"rendered":"<p>[vc_row][vc_column width=&#8221;1\/1&#8243;][vc_column_text][vc_empty_space height=&#8221;20&#8243;] Referencia bibliogr\u00e1fica Comunidad de Madrid (2018): Ley 5\/2018, de 17 de octubre, para la protecci\u00f3n, reconocimiento y memoria de las v\u00edctimas del terrorismo. Consultar PDF[vc_empty_space height=&#8221;10&#8243;] Resumen&hellip;<\/p>\n","protected":false},"author":1,"featured_media":0,"parent":0,"menu_order":0,"comment_status":"closed","ping_status":"closed","template":"","meta":{"om_disable_all_campaigns":false,"_monsterinsights_skip_tracking":false,"_monsterinsights_sitenote_active":false,"_monsterinsights_sitenote_note":"","_monsterinsights_sitenote_category":0,"_uf_show_specific_survey":0,"_uf_disable_surveys":false,"_vp_format_video_url":"","_vp_image_focal_point":[],"_vp_custom_popup_image":0,"_vp_format_audio_url":"","_vp_custom_thumbnail":0,"_vp_custom_thumbnail_focal_point":[],"_vp_hover_thumbnail":0,"_vp_hover_thumbnail_focal_point":[],"footnotes":""},"class_list":["post-9400","page","type-page","status-publish","hentry"],"aioseo_notices":[],"_links":{"self":[{"href":"https:\/\/www.arovite.com\/eu\/wp-json\/wp\/v2\/pages\/9400","targetHints":{"allow":["GET"]}}],"collection":[{"href":"https:\/\/www.arovite.com\/eu\/wp-json\/wp\/v2\/pages"}],"about":[{"href":"https:\/\/www.arovite.com\/eu\/wp-json\/wp\/v2\/types\/page"}],"author":[{"embeddable":true,"href":"https:\/\/www.arovite.com\/eu\/wp-json\/wp\/v2\/users\/1"}],"replies":[{"embeddable":true,"href":"https:\/\/www.arovite.com\/eu\/wp-json\/wp\/v2\/comments?post=9400"}],"version-history":[{"count":0,"href":"https:\/\/www.arovite.com\/eu\/wp-json\/wp\/v2\/pages\/9400\/revisions"}],"wp:attachment":[{"href":"https:\/\/www.arovite.com\/eu\/wp-json\/wp\/v2\/media?parent=9400"}],"curies":[{"name":"wp","href":"https:\/\/api.w.org\/{rel}","templated":true}]}}