{"id":9269,"date":"2019-01-14T17:37:19","date_gmt":"2019-01-14T17:37:19","guid":{"rendered":"http:\/\/www.arovite.com\/marcos-ramos-maria-2011\/"},"modified":"2019-01-14T17:37:19","modified_gmt":"2019-01-14T17:37:19","slug":"marcos-ramos-maria-2011","status":"publish","type":"page","link":"https:\/\/www.arovite.com\/eu\/marcos-ramos-maria-2011\/","title":{"rendered":"MARCOS RAMOS, Mar\u00eda (2011)"},"content":{"rendered":"<div class=\"wpb-content-wrapper\"><p>[vc_row][vc_column width=&#8221;1\/1&#8243;][vc_column_text][vc_empty_space height=&#8221;20&#8243;]<br \/>\n<strong>Referencia bibliogr\u00e1fica<\/strong><br \/>\nMARCOS RAMOS, Mar\u00eda (2011): \u00abCine documental sobre ETA. Una mirada a la realidad\u00bb, <em>Foto cinema: revista cient\u00edfica de cine y fotograf\u00eda<\/em>, n\u00ba 3, pp. 58-75.<\/p>\n<p><a class=\"button blue medium \"href=\"https:\/\/dialnet.unirioja.es\/descarga\/articulo\/3748290.pdf\" target=\"_blank\">Consultar PDF<\/a>[vc_empty_space height=&#8221;10&#8243;]<br \/>\n<strong>Resumen<\/strong><br \/>\nEl presente art\u00edculo pretende ser una compilaci\u00f3n de los documentales realizados sobre el terrorismo de ETA. El g\u00e9nero documental recrea la realidad y es gracias a estos t\u00edtulos, a la visi\u00f3n de sus creadores, como podemos acercarnos a una realidad que preocupa no solamente a las autoridades, sino tambi\u00e9n a los ciudadanos. En este art\u00edculo se analizar\u00e1n los documentales m\u00e1s importantes realizados sobre el tema. Se hablar\u00e1 sobre el proceso de creaci\u00f3n, la realidad narrada y las consecuencias que su realizaci\u00f3n supuso para sus realizadores y protagonistas. I\u00f1aki Arteta, Julio Medem, Imanol Uribe o Eterio Ortega, entre otros, han tratado el conflicto etarra desde el g\u00e9nero documental y han hecho de un tema tab\u00fa y dif\u00edcil de abordar el leit-motiv de sus trabajos.<br \/>\n[vc_empty_space height=&#8221;10&#8243;]<br \/>\n<strong>Abstract<\/strong><br \/>\nThis article is intended as a compilation of documentaries about terrorism of ETA. The documentary recreates the reality genre and it is thanks to such securities, the vision of its creators, how can we approach a situation which concerns not only the authorities but also to its citizens. This article will discuss the most important documentaries made about it. The article will discuss the process of creating the reality and the consequences of their realization. Consequences narrated accounted for some of the filmmakers and stars of the same, their realization. I\u00f1aki Arteta, Julio Medem, Imanol Uribe, Eterio Ortega, among others, have treated the conflict ETA from the documentary genre and have made a taboo subject and difficult to address, the leitmotif of their work.<br \/>\n[vc_empty_space height=&#8221;10&#8243;]<br \/>\n<strong>Autor<\/strong><br \/>\nMar\u00eda Marcos Ramos. <a title=\"Dialnet\" href=\"https:\/\/dialnet.unirioja.es\/servlet\/autor?codigo=2319799\" target=\"_blank\">P\u00e1gina del autor en Dialnet.<\/a><br \/>\n[vc_empty_space height=&#8221;10&#8243;]<br \/>\n<strong>Tipo de documento<\/strong><br \/>\nArt\u00edculo<br \/>\n[vc_empty_space height=&#8221;10&#8243;]<br \/>\n[\/vc_column_text][\/vc_column][\/vc_row]<\/p>\n<\/div>","protected":false},"excerpt":{"rendered":"<p>[vc_row][vc_column width=&#8221;1\/1&#8243;][vc_column_text][vc_empty_space height=&#8221;20&#8243;] Referencia bibliogr\u00e1fica MARCOS RAMOS, Mar\u00eda (2011): \u00abCine documental sobre ETA. Una mirada a la realidad\u00bb, Foto cinema: revista cient\u00edfica de cine y fotograf\u00eda, n\u00ba 3, pp. 58-75.&hellip;<\/p>\n","protected":false},"author":1,"featured_media":0,"parent":0,"menu_order":0,"comment_status":"closed","ping_status":"closed","template":"","meta":{"om_disable_all_campaigns":false,"_monsterinsights_skip_tracking":false,"_monsterinsights_sitenote_active":false,"_monsterinsights_sitenote_note":"","_monsterinsights_sitenote_category":0,"_uf_show_specific_survey":0,"_uf_disable_surveys":false,"_vp_format_video_url":"","_vp_image_focal_point":[],"_vp_custom_popup_image":0,"_vp_format_audio_url":"","_vp_custom_thumbnail":0,"_vp_custom_thumbnail_focal_point":[],"_vp_hover_thumbnail":0,"_vp_hover_thumbnail_focal_point":[],"footnotes":""},"class_list":["post-9269","page","type-page","status-publish","hentry"],"aioseo_notices":[],"_links":{"self":[{"href":"https:\/\/www.arovite.com\/eu\/wp-json\/wp\/v2\/pages\/9269","targetHints":{"allow":["GET"]}}],"collection":[{"href":"https:\/\/www.arovite.com\/eu\/wp-json\/wp\/v2\/pages"}],"about":[{"href":"https:\/\/www.arovite.com\/eu\/wp-json\/wp\/v2\/types\/page"}],"author":[{"embeddable":true,"href":"https:\/\/www.arovite.com\/eu\/wp-json\/wp\/v2\/users\/1"}],"replies":[{"embeddable":true,"href":"https:\/\/www.arovite.com\/eu\/wp-json\/wp\/v2\/comments?post=9269"}],"version-history":[{"count":0,"href":"https:\/\/www.arovite.com\/eu\/wp-json\/wp\/v2\/pages\/9269\/revisions"}],"wp:attachment":[{"href":"https:\/\/www.arovite.com\/eu\/wp-json\/wp\/v2\/media?parent=9269"}],"curies":[{"name":"wp","href":"https:\/\/api.w.org\/{rel}","templated":true}]}}