{"id":9178,"date":"2019-01-14T17:02:54","date_gmt":"2019-01-14T17:02:54","guid":{"rendered":"http:\/\/www.arovite.com\/fernandez-soldevilla-gaizka-2018b\/"},"modified":"2019-01-14T17:02:54","modified_gmt":"2019-01-14T17:02:54","slug":"fernandez-soldevilla-gaizka-2018b","status":"publish","type":"page","link":"https:\/\/www.arovite.com\/eu\/fernandez-soldevilla-gaizka-2018b\/","title":{"rendered":"FERN\u00c1NDEZ SOLDEVILLA, Gaizka (2018b)"},"content":{"rendered":"<div class=\"wpb-content-wrapper\"><p>[vc_row][vc_column width=&#8221;1\/1&#8243;][vc_column_text][vc_empty_space height=&#8221;20&#8243;]<br \/>\n<strong>Referencia bibliogr\u00e1fica<\/strong><br \/>\nFERN\u00c1NDEZ SOLDEVILLA, Gaizka (2018) : \u00ab1961, la primera operaci\u00f3n policial contra ETA\u00bb, <em>Cuadernos de Criminolog\u00eda<\/em>, n\u00ba 40, pp. 26-31.<\/p>\n<p><a class=\"button blue medium \"href=\"https:\/\/dialnet.unirioja.es\/descarga\/articulo\/6433416.pdf\" target=\"_blank\">Consultar PDF<\/a>[vc_empty_space height=&#8221;10&#8243;]<br \/>\n<strong>Resumen<\/strong><br \/>\nEl 18 de julio de 1961 ETA realiz\u00f3 sus primeras \u201cacciones\u201d reivindicadas: el infructuoso descarrilamiento de un tren de \u201cexcombatientes\u201d vascos que iban a San Sebasti\u00e1n y la quema de dos banderas rojigualdas. Algunos de los errores que cometieron sus activistas permitieron a la Polic\u00eda no solo descubrir la existencia de la propia ETA, desconocida hasta entonces, sino tambi\u00e9n detener a una treintena de los miembros de su rama de acci\u00f3n.<br \/>\n[vc_empty_space height=&#8221;10&#8243;]<br \/>\n<strong>Abstract<\/strong><br \/>\nETA made its first claimed \u201cactions\u201d on 18 July 1961: the unsuccessful derailment of a train of Basque ex-combatants who were going to San Sebastian and the burning of two Spanish flags. Some of the mistakes committed by their activists allowed the police not only to discover the existence of ETA itself, unknown until then, but also to detain thirty members of its branch of action.<br \/>\n[vc_empty_space height=&#8221;10&#8243;]<br \/>\n<strong>Autor<\/strong><br \/>\nGaizka Fern\u00e1ndez Soldevilla. <a title=\"Dialnet\" href=\"https:\/\/dialnet.unirioja.es\/servlet\/autor?codigo=2407724\" target=\"_blank\">P\u00e1gina del autor en Dialnet.<\/a><br \/>\n[vc_empty_space height=&#8221;10&#8243;]<br \/>\n<strong>Tipo de documento<\/strong><br \/>\nArt\u00edculo<br \/>\n[vc_empty_space height=&#8221;10&#8243;]<br \/>\n[\/vc_column_text][\/vc_column][\/vc_row]<\/p>\n<\/div>","protected":false},"excerpt":{"rendered":"<p>[vc_row][vc_column width=&#8221;1\/1&#8243;][vc_column_text][vc_empty_space height=&#8221;20&#8243;] Referencia bibliogr\u00e1fica FERN\u00c1NDEZ SOLDEVILLA, Gaizka (2018) : \u00ab1961, la primera operaci\u00f3n policial contra ETA\u00bb, Cuadernos de Criminolog\u00eda, n\u00ba 40, pp. 26-31. Consultar PDF[vc_empty_space height=&#8221;10&#8243;] Resumen El 18&hellip;<\/p>\n","protected":false},"author":1,"featured_media":0,"parent":0,"menu_order":0,"comment_status":"closed","ping_status":"closed","template":"","meta":{"om_disable_all_campaigns":false,"_monsterinsights_skip_tracking":false,"_monsterinsights_sitenote_active":false,"_monsterinsights_sitenote_note":"","_monsterinsights_sitenote_category":0,"_uf_show_specific_survey":0,"_uf_disable_surveys":false,"_vp_format_video_url":"","_vp_image_focal_point":[],"_vp_custom_popup_image":0,"_vp_format_audio_url":"","_vp_custom_thumbnail":0,"_vp_custom_thumbnail_focal_point":[],"_vp_hover_thumbnail":0,"_vp_hover_thumbnail_focal_point":[],"footnotes":""},"class_list":["post-9178","page","type-page","status-publish","hentry"],"aioseo_notices":[],"_links":{"self":[{"href":"https:\/\/www.arovite.com\/eu\/wp-json\/wp\/v2\/pages\/9178","targetHints":{"allow":["GET"]}}],"collection":[{"href":"https:\/\/www.arovite.com\/eu\/wp-json\/wp\/v2\/pages"}],"about":[{"href":"https:\/\/www.arovite.com\/eu\/wp-json\/wp\/v2\/types\/page"}],"author":[{"embeddable":true,"href":"https:\/\/www.arovite.com\/eu\/wp-json\/wp\/v2\/users\/1"}],"replies":[{"embeddable":true,"href":"https:\/\/www.arovite.com\/eu\/wp-json\/wp\/v2\/comments?post=9178"}],"version-history":[{"count":0,"href":"https:\/\/www.arovite.com\/eu\/wp-json\/wp\/v2\/pages\/9178\/revisions"}],"wp:attachment":[{"href":"https:\/\/www.arovite.com\/eu\/wp-json\/wp\/v2\/media?parent=9178"}],"curies":[{"name":"wp","href":"https:\/\/api.w.org\/{rel}","templated":true}]}}