{"id":9173,"date":"2019-01-14T17:01:15","date_gmt":"2019-01-14T17:01:15","guid":{"rendered":"http:\/\/www.arovite.com\/fernandez-soldevilla-gaizka-2018\/"},"modified":"2019-01-14T17:01:15","modified_gmt":"2019-01-14T17:01:15","slug":"fernandez-soldevilla-gaizka-2018","status":"publish","type":"page","link":"https:\/\/www.arovite.com\/eu\/fernandez-soldevilla-gaizka-2018\/","title":{"rendered":"FERN\u00c1NDEZ SOLDEVILLA, Gaizka (2018)"},"content":{"rendered":"<div class=\"wpb-content-wrapper\"><p>[vc_row][vc_column width=&#8221;1\/1&#8243;][vc_column_text][vc_empty_space height=&#8221;20&#8243;]<br \/>\n<strong>Referencia bibliogr\u00e1fica<\/strong><br \/>\nFERN\u00c1NDEZ SOLDEVILLA, Gaizka (2018) : \u00abLa verdad sobre el caso Batarrita. Dictadura, propaganda y microhistoria en el Pa\u00eds Vasco\u00bb, <em>Hispania Nova<\/em>, n\u00ba 16, pp. 261-292.<\/p>\n<p><a class=\"button blue medium \"href=\"https:\/\/e-revistas.uc3m.es\/index.php\/HISPNOV\/article\/view\/4038\/2592\" target=\"_blank\">Consultar PDF<\/a>[vc_empty_space height=&#8221;10&#8243;]<br \/>\n<strong>Resumen<\/strong><br \/>\nEl 27 de marzo de 1961 la Polic\u00eda acab\u00f3 con la vida de Javier Batarrita en un control a la entrada de Bilbao. El gobernador civil de Vizcaya inform\u00f3 de que su coche hab\u00eda sido confundido con el de unos \u201cterroristas\u201d. En el juico los polic\u00edas y guardias civiles procesados fueron absueltos. Ahora bien, la versi\u00f3n m\u00e1s extendida es que se trat\u00f3 de una \u201cejecuci\u00f3n extrajudicial\u201d para matar a tres l\u00edderes de ETA. La finalidad del presente trabajo es averiguar qu\u00e9 ocurri\u00f3 realmente aquel d\u00eda. Adem\u00e1s, se pretenden extraer algunas lecciones acerca de la instrumentalizaci\u00f3n del pasado en el Pa\u00eds Vasco.<br \/>\n[vc_empty_space height=&#8221;10&#8243;]<br \/>\n<strong>Abstract<\/strong><br \/>\nOn March 27, 1961, the police killed Javier Batarrita in a checkpoint at the entrance to Bilbao. The civil governor of Vizcaya reported that his car had been mistaken for &#8220;terrorists&#8221;. In court, the police and civil guards were absolved. Now, the most widespread version is that it was an &#8220;extrajudicial execution&#8221; to kill three ETA leaders. The purpose of this paper is to find out what really happened that day. In addition, some conclusions can be drawn on the use of the past in the Basque Country.<br \/>\n[vc_empty_space height=&#8221;10&#8243;]<br \/>\n<strong>Autor<\/strong><br \/>\nGaizka Fern\u00e1ndez Soldevilla. <a title=\"Dialnet\" href=\"https:\/\/dialnet.unirioja.es\/servlet\/autor?codigo=2407724\" target=\"_blank\">P\u00e1gina del autor en Dialnet.<\/a><br \/>\n[vc_empty_space height=&#8221;10&#8243;]<br \/>\n<strong>Tipo de documento<\/strong><br \/>\nArt\u00edculo<br \/>\n[vc_empty_space height=&#8221;10&#8243;]<br \/>\n[\/vc_column_text][\/vc_column][\/vc_row]<\/p>\n<\/div>","protected":false},"excerpt":{"rendered":"<p>[vc_row][vc_column width=&#8221;1\/1&#8243;][vc_column_text][vc_empty_space height=&#8221;20&#8243;] Referencia bibliogr\u00e1fica FERN\u00c1NDEZ SOLDEVILLA, Gaizka (2018) : \u00abLa verdad sobre el caso Batarrita. Dictadura, propaganda y microhistoria en el Pa\u00eds Vasco\u00bb, Hispania Nova, n\u00ba 16, pp. 261-292.&hellip;<\/p>\n","protected":false},"author":1,"featured_media":0,"parent":0,"menu_order":0,"comment_status":"closed","ping_status":"closed","template":"","meta":{"om_disable_all_campaigns":false,"_monsterinsights_skip_tracking":false,"_monsterinsights_sitenote_active":false,"_monsterinsights_sitenote_note":"","_monsterinsights_sitenote_category":0,"_uf_show_specific_survey":0,"_uf_disable_surveys":false,"_vp_format_video_url":"","_vp_image_focal_point":[],"_vp_custom_popup_image":0,"_vp_format_audio_url":"","_vp_custom_thumbnail":0,"_vp_custom_thumbnail_focal_point":[],"_vp_hover_thumbnail":0,"_vp_hover_thumbnail_focal_point":[],"footnotes":""},"class_list":["post-9173","page","type-page","status-publish","hentry"],"aioseo_notices":[],"_links":{"self":[{"href":"https:\/\/www.arovite.com\/eu\/wp-json\/wp\/v2\/pages\/9173","targetHints":{"allow":["GET"]}}],"collection":[{"href":"https:\/\/www.arovite.com\/eu\/wp-json\/wp\/v2\/pages"}],"about":[{"href":"https:\/\/www.arovite.com\/eu\/wp-json\/wp\/v2\/types\/page"}],"author":[{"embeddable":true,"href":"https:\/\/www.arovite.com\/eu\/wp-json\/wp\/v2\/users\/1"}],"replies":[{"embeddable":true,"href":"https:\/\/www.arovite.com\/eu\/wp-json\/wp\/v2\/comments?post=9173"}],"version-history":[{"count":0,"href":"https:\/\/www.arovite.com\/eu\/wp-json\/wp\/v2\/pages\/9173\/revisions"}],"wp:attachment":[{"href":"https:\/\/www.arovite.com\/eu\/wp-json\/wp\/v2\/media?parent=9173"}],"curies":[{"name":"wp","href":"https:\/\/api.w.org\/{rel}","templated":true}]}}