{"id":8817,"date":"2017-10-24T16:39:11","date_gmt":"2017-10-24T16:39:11","guid":{"rendered":"http:\/\/www.arovite.com\/alonso-pascual-rogelio-dominguez-iribarren-florencio-y-garcia-rey-marcos-2010\/"},"modified":"2023-10-06T08:09:47","modified_gmt":"2023-10-06T08:09:47","slug":"alonso-pascual-rogelio-dominguez-iribarren-florencio-y-garcia-rey-marcos-2010","status":"publish","type":"page","link":"https:\/\/www.arovite.com\/eu\/alonso-pascual-rogelio-dominguez-iribarren-florencio-y-garcia-rey-marcos-2010\/","title":{"rendered":"ALONSO PASCUAL, Rogelio, DOM\u00cdNGUEZ IRIBARREN, Florencio y GARC\u00cdA REY, Marcos (2010)"},"content":{"rendered":"<div class=\"wpb-content-wrapper\"><p>[vc_row][vc_column width=&#8221;1\/1&#8243;][vc_column_text][vc_empty_space height=&#8221;20&#8243;]<br \/>\n<strong>Referencia bibliogr\u00e1fica<\/strong><br \/>\nALONSO PASCUAL, Rogelio, DOM\u00cdNGUEZ IRIBARREN, Florencio y GARC\u00cdA REY, Marcos (2010): <em>Vidas rotas. Historia de los hombres, mujeres y ni\u00f1os v\u00edctimas de ETA. <\/em>Espasa-Calpe.<\/p>\n<p><a class=\"button blue medium \" href=\"http:\/\/www.arovite.com\/documentos\/2010_Alonso_Dominguez_y_Garcia_Rey.pdf\" target=\"_blank\" rel=\"noopener\">Consultar PDF<\/a>[vc_empty_space height=&#8221;10&#8243;]<br \/>\n<strong>Resumen<\/strong><br \/>\nFruto de una exhaustiva investigaci\u00f3n de a\u00f1os de duraci\u00f3n, esta obra recoge por primera vez la historia y semblanzas de los centenares de seres humanos v\u00edctimas del terrorismo etarra, las circunstancias en las que fueron asesinados, los testimonios de sus allegados y seres queridos, as\u00ed como las identidades de los terroristas condenados por estas muertes y sus sentencias judiciales. Estas p\u00e1ginas conforman un impactante relato repleto de humanidad en el que, a trav\u00e9s de una intensa labor de documentaci\u00f3n, se revela la abominable historia de persecuci\u00f3n y sufrimiento de todos los hombres, mujeres y ni\u00f1os asesinados por ETA.<br \/>\n[vc_empty_space height=&#8221;10&#8243;]<br \/>\n<strong>Autor<\/strong><br \/>\nRogelio Alonso Pascual. <a title=\"Dialnet\" href=\"https:\/\/dialnet.unirioja.es\/servlet\/autor?codigo=639679\" target=\"_blank\" rel=\"noopener\">P\u00e1gina del autor en Dialnet.<\/a><br \/>\nFlorencio Dom\u00ednguez Iribarren. <a title=\"Dialnet\" href=\"https:\/\/dialnet.unirioja.es\/servlet\/autor?codigo=1111029\" target=\"_blank\" rel=\"noopener\">P\u00e1gina del autor en Dialnet.<\/a><br \/>\nMarcos Garc\u00eda Rey. <a title=\"Dialnet\" href=\"https:\/\/dialnet.unirioja.es\/servlet\/autor?codigo=1985870\" target=\"_blank\" rel=\"noopener\">P\u00e1gina del autor en Dialnet.<\/a><br \/>\n[vc_empty_space height=&#8221;10&#8243;]<br \/>\n<strong>Tipo de documento<\/strong><br \/>\nLibro<br \/>\n[vc_empty_space height=&#8221;10&#8243;]<br \/>\n[\/vc_column_text][\/vc_column][\/vc_row]<\/p>\n<\/div>","protected":false},"excerpt":{"rendered":"<p>[vc_row][vc_column width=&#8221;1\/1&#8243;][vc_column_text][vc_empty_space height=&#8221;20&#8243;] Referencia bibliogr\u00e1fica ALONSO PASCUAL, Rogelio, DOM\u00cdNGUEZ IRIBARREN, Florencio y GARC\u00cdA REY, Marcos (2010): Vidas rotas. Historia de los hombres, mujeres y ni\u00f1os v\u00edctimas de ETA. Espasa-Calpe. Consultar&hellip;<\/p>\n","protected":false},"author":1,"featured_media":0,"parent":0,"menu_order":0,"comment_status":"closed","ping_status":"closed","template":"","meta":{"om_disable_all_campaigns":false,"_monsterinsights_skip_tracking":false,"_monsterinsights_sitenote_active":false,"_monsterinsights_sitenote_note":"","_monsterinsights_sitenote_category":0,"_uf_show_specific_survey":0,"_uf_disable_surveys":false,"_vp_format_video_url":"","_vp_image_focal_point":[],"_vp_custom_popup_image":0,"_vp_format_audio_url":"","_vp_custom_thumbnail":0,"_vp_custom_thumbnail_focal_point":[],"_vp_hover_thumbnail":0,"_vp_hover_thumbnail_focal_point":[],"footnotes":""},"class_list":["post-8817","page","type-page","status-publish","hentry"],"aioseo_notices":[],"_links":{"self":[{"href":"https:\/\/www.arovite.com\/eu\/wp-json\/wp\/v2\/pages\/8817","targetHints":{"allow":["GET"]}}],"collection":[{"href":"https:\/\/www.arovite.com\/eu\/wp-json\/wp\/v2\/pages"}],"about":[{"href":"https:\/\/www.arovite.com\/eu\/wp-json\/wp\/v2\/types\/page"}],"author":[{"embeddable":true,"href":"https:\/\/www.arovite.com\/eu\/wp-json\/wp\/v2\/users\/1"}],"replies":[{"embeddable":true,"href":"https:\/\/www.arovite.com\/eu\/wp-json\/wp\/v2\/comments?post=8817"}],"version-history":[{"count":3,"href":"https:\/\/www.arovite.com\/eu\/wp-json\/wp\/v2\/pages\/8817\/revisions"}],"predecessor-version":[{"id":18184,"href":"https:\/\/www.arovite.com\/eu\/wp-json\/wp\/v2\/pages\/8817\/revisions\/18184"}],"wp:attachment":[{"href":"https:\/\/www.arovite.com\/eu\/wp-json\/wp\/v2\/media?parent=8817"}],"curies":[{"name":"wp","href":"https:\/\/api.w.org\/{rel}","templated":true}]}}