{"id":8379,"date":"2017-06-12T15:37:41","date_gmt":"2017-06-12T15:37:41","guid":{"rendered":"http:\/\/www.arovite.com\/baby-shopie-2009\/"},"modified":"2023-06-07T10:19:54","modified_gmt":"2023-06-07T10:19:54","slug":"baby-shopie-2009","status":"publish","type":"page","link":"https:\/\/www.arovite.com\/eu\/baby-shopie-2009\/","title":{"rendered":"BABY, Shopie (2009)"},"content":{"rendered":"<div class=\"wpb-content-wrapper\"><p>[vc_row][vc_column width=&#8221;1\/1&#8243;][vc_column_text][vc_empty_space height=&#8221;20&#8243;]<br \/>\n<strong>Referencia bibliogr\u00e1fica<\/strong><br \/>\nBABY, Shopie (2009): \u00abEstado y violencia en el Transici\u00f3n espa\u00f1ola. Las violencias policiales\u00bb, en BABY, Shopie, COMPAGNON, Oliver y GONZ\u00c1LEZ CALLEJA, Eduardo (eds.): <em>Violencia y transiciones pol\u00edticas a finales del siglo XX.<\/em> Madrid: Collection de la Casa de Vel\u00e1zquez, pp. 179-198.<\/p>\n<p><a class=\"button blue medium \" href=\"https:\/\/www.academia.edu\/25931441\/Estado_y_violencia_en_la_Transici%C3%B3n_espa%C3%B1ola_las_violencias_policiales\" target=\"_blank\" rel=\"noopener\">Consultar PDF<\/a>[vc_empty_space height=&#8221;10&#8243;]<br \/>\n<strong>Resumen<\/strong><br \/>\nEl presente trabajo es un intento de reflexi\u00f3n sobre el Estado espa\u00f1ol en el contexto especial de la transici\u00f3n a la democracia, es decir sobre el proceso complejo de transformaci\u00f3n de un Estado autoritario y represivo en un Estado democr\u00e1tico garante de los derechos individuales y de las libertades p\u00fablicas. M\u00e1s precisamente, centrar\u00e9 el an\u00e1lisis en la dif\u00edcil reconversi\u00f3n del sistema represivo, percibida a trav\u00e9s de su plasmaci\u00f3n m\u00e1s espectacular: la violencia empleada por los agentes del Estado.<br \/>\n[vc_empty_space height=&#8221;10&#8243;]<br \/>\n<strong>Autor<\/strong><br \/>\nSophie Baby. <a title=\"Dialnet\" href=\"https:\/\/dialnet.unirioja.es\/servlet\/autor?codigo=1204131\" target=\"_blank\" rel=\"noopener\">P\u00e1gina del autor en Dialnet.<\/a><br \/>\n[vc_empty_space height=&#8221;10&#8243;]<br \/>\n<strong>Tipo de documento<\/strong><br \/>\nCap\u00edtulo de libro<br \/>\n[vc_empty_space height=&#8221;10&#8243;]<br \/>\n[\/vc_column_text][\/vc_column][\/vc_row]<\/p>\n<\/div>","protected":false},"excerpt":{"rendered":"<p>[vc_row][vc_column width=&#8221;1\/1&#8243;][vc_column_text][vc_empty_space height=&#8221;20&#8243;] Referencia bibliogr\u00e1fica BABY, Shopie (2009): \u00abEstado y violencia en el Transici\u00f3n espa\u00f1ola. Las violencias policiales\u00bb, en BABY, Shopie, COMPAGNON, Oliver y GONZ\u00c1LEZ CALLEJA, Eduardo (eds.): Violencia y&hellip;<\/p>\n","protected":false},"author":1,"featured_media":0,"parent":0,"menu_order":0,"comment_status":"open","ping_status":"open","template":"","meta":{"om_disable_all_campaigns":false,"_monsterinsights_skip_tracking":false,"_monsterinsights_sitenote_active":false,"_monsterinsights_sitenote_note":"","_monsterinsights_sitenote_category":0,"_uf_show_specific_survey":0,"_uf_disable_surveys":false,"_vp_format_video_url":"","_vp_image_focal_point":[],"_vp_custom_popup_image":0,"_vp_format_audio_url":"","_vp_custom_thumbnail":0,"_vp_custom_thumbnail_focal_point":[],"_vp_hover_thumbnail":0,"_vp_hover_thumbnail_focal_point":[],"footnotes":""},"class_list":["post-8379","page","type-page","status-publish","hentry"],"aioseo_notices":[],"_links":{"self":[{"href":"https:\/\/www.arovite.com\/eu\/wp-json\/wp\/v2\/pages\/8379","targetHints":{"allow":["GET"]}}],"collection":[{"href":"https:\/\/www.arovite.com\/eu\/wp-json\/wp\/v2\/pages"}],"about":[{"href":"https:\/\/www.arovite.com\/eu\/wp-json\/wp\/v2\/types\/page"}],"author":[{"embeddable":true,"href":"https:\/\/www.arovite.com\/eu\/wp-json\/wp\/v2\/users\/1"}],"replies":[{"embeddable":true,"href":"https:\/\/www.arovite.com\/eu\/wp-json\/wp\/v2\/comments?post=8379"}],"version-history":[{"count":2,"href":"https:\/\/www.arovite.com\/eu\/wp-json\/wp\/v2\/pages\/8379\/revisions"}],"predecessor-version":[{"id":17753,"href":"https:\/\/www.arovite.com\/eu\/wp-json\/wp\/v2\/pages\/8379\/revisions\/17753"}],"wp:attachment":[{"href":"https:\/\/www.arovite.com\/eu\/wp-json\/wp\/v2\/media?parent=8379"}],"curies":[{"name":"wp","href":"https:\/\/api.w.org\/{rel}","templated":true}]}}