{"id":7978,"date":"2017-02-14T17:40:46","date_gmt":"2017-02-14T17:40:46","guid":{"rendered":"http:\/\/www.arovite.com\/home-nueva\/"},"modified":"2025-06-15T18:14:56","modified_gmt":"2025-06-15T18:14:56","slug":"home","status":"publish","type":"page","link":"https:\/\/www.arovite.com\/eu\/","title":{"rendered":"Home nueva"},"content":{"rendered":"<div class=\"wpb-content-wrapper\"><p>[vc_row][vc_column][rev_slider_vc alias=&#8221;home-5-1&#8243;][\/vc_column][\/vc_row][vc_row][vc_column][vc_empty_space height=&#8221;75px&#8221;][\/vc_column][\/vc_row][vc_row][vc_column][vc_column_text]<\/p>\n<h2 style=\"text-align: center;\">AROVITE Euskadin emandako terrorismoari buruzko erreferentzien iturria da, ETAren adar guztiek, GAL taldeak, eskuin muturreko taldeak edota Komando Autonomo Antikapitalistak eragina.<\/h2>\n<p>[\/vc_column_text][\/vc_column][\/vc_row][vc_row][vc_column][vc_empty_space height=&#8221;50px&#8221;][\/vc_column][\/vc_row][vc_row gap=&#8221;120&#8243; content_placement=&#8221;middle&#8221;][vc_column width=&#8221;1\/2&#8243;][konte_banner text_position=&#8221;top-left&#8221; button_text=&#8221;Informazio gehiago&#8221; image=&#8221;18647&#8243; link=&#8221;url:https%3A%2F%2Fwww.arovite.com%2Feu%2Fkronologia%2F|title:Cronolog%C3%ADa%20del%20terrorismo%20en%20Euskadi&#8221;]Euskadin emanado terrorismoaren kronolog\u00eda[\/konte_banner][\/vc_column][vc_column width=&#8221;1\/2&#8243;][konte_banner text_position=&#8221;top-left&#8221; button_text=&#8221;Informazio gehiago&#8221; image=&#8221;18651&#8243; link=&#8221;url:https%3A%2F%2Fwww.arovite.com%2Feu%2Fbiblioteka%2F|title:Biblioteca&#8221;]Biblioteka[\/konte_banner][\/vc_column][\/vc_row][vc_row gap=&#8221;120&#8243; content_placement=&#8221;middle&#8221;][vc_column width=&#8221;1\/2&#8243;][konte_banner text_position=&#8221;top-left&#8221; scheme=&#8221;light&#8221; button_text=&#8221;Informazio gehiago&#8221; image=&#8221;18662&#8243; link=&#8221;url:https%3A%2F%2Fwww.arovite.com%2Feu%2Fdatu-baseak%2F|title:Bases%20de%20datos%20NUEVA&#8221;]Gure datu-baseetan sartu[\/konte_banner][\/vc_column][vc_column width=&#8221;1\/2&#8243;][konte_banner text_position=&#8221;top-left&#8221; button_text=&#8221;Informazio gehiago&#8221; image=&#8221;18671&#8243; link=&#8221;url:https%3A%2F%2Fwww.arovite.com%2Feu%2Floturak%2F|title:Enlaces&#8221;]Lotura interesgarriak[\/konte_banner][\/vc_column][\/vc_row][vc_row gap=&#8221;120&#8243; content_placement=&#8221;middle&#8221;][vc_column width=&#8221;1\/2&#8243;][konte_banner text_position=&#8221;top-left&#8221; scheme=&#8221;light&#8221; button_text=&#8221;Informazio gehiago&#8221; image=&#8221;18679&#8243; link=&#8221;url:https%3A%2F%2Fwww.arovite.com%2Feu%2Fargazkiak%2F|title:Fotograf%C3%ADa&#8221;]Argazkiak[\/konte_banner][\/vc_column][vc_column width=&#8221;1\/2&#8243;][konte_banner text_position=&#8221;top-left&#8221; button_text=&#8221;Informazio gehiago&#8221; image=&#8221;18683&#8243; link=&#8221;url:https%3A%2F%2Fwww.arovite.com%2Feu%2Fbakeaz-fondoa%2F|title:Fondo%20Bakeaz&#8221;]Bakeaz Fondoa[\/konte_banner][\/vc_column][\/vc_row][vc_row][vc_column][vc_empty_space height=&#8221;80px&#8221;][\/vc_column][\/vc_row][vc_row full_width=&#8221;stretch_row_content_no_spaces&#8221; content_placement=&#8221;middle&#8221; parallax=&#8221;content-moving&#8221; parallax_image=&#8221;23044&#8243;][vc_column][konte_banner text_position=&#8221;center&#8221; scheme=&#8221;light&#8221; button_text=&#8221;Informazio gehiago&#8221; image=&#8221;23061&#8243; link=&#8221;url:https%3A%2F%2Fwww.arovite.com%2Feu%2Fmemoriarako-espazioak%2F&#8221; desc=&#8221;Bisita ezazu Espainiako terrorismoaren biktimen omenezko monumentu-hitoak biltzen dituen mapa interaktiboa.&#8221;]Memoriarako espazioak[\/konte_banner][\/vc_column][\/vc_row][vc_row][vc_column][vc_empty_space height=&#8221;80px&#8221;][\/vc_column][\/vc_row][vc_row][vc_column][vc_custom_heading text=&#8221;Azken idazkiak&#8221; font_container=&#8221;tag:div|font_size:30|text_align:left|color:%230a0a0a|line_height:1&#8243; use_theme_fonts=&#8221;yes&#8221; css=&#8221;.vc_custom_1738577818187{margin-bottom: 40px !important;}&#8221;][\/vc_column][\/vc_row][vc_row][vc_column]<div class=\"konte-post-grid post-grid clearfix columns-3 columns-gap-40  \"><div class=\"post-16895 post type-post status-publish format-standard has-post-thumbnail hentry category-terrorismoa category-terrorismoaren-biktimak\">\n\t\t\t\t\t<a href=\"https:\/\/www.arovite.com\/eu\/memorias-del-terrorismo-en-espana\/\" class=\"post-thumbnail\"><img loading=\"lazy\" decoding=\"async\" width=\"450\" height=\"270\" src=\"https:\/\/www.arovite.com\/wp-content\/uploads\/2023\/10\/Memorias-del-terrorismo.jpg\" class=\"attachment-konte-post-thumbnail-shortcode size-konte-post-thumbnail-shortcode wp-post-image\" alt=\"\" srcset=\"https:\/\/www.arovite.com\/wp-content\/uploads\/2023\/10\/Memorias-del-terrorismo.jpg 1000w, https:\/\/www.arovite.com\/wp-content\/uploads\/2023\/10\/Memorias-del-terrorismo-300x180.jpg 300w, https:\/\/www.arovite.com\/wp-content\/uploads\/2023\/10\/Memorias-del-terrorismo-768x461.jpg 768w\" sizes=\"auto, (max-width: 450px) 100vw, 450px\" \/><\/a>\n\t\t\t\t\t<div class=\"konte-post-grid__summary\">\n\t\t\t\t\t\t<h5 class=\"post-title\"><a href=\"https:\/\/www.arovite.com\/eu\/memorias-del-terrorismo-en-espana\/\" rel=\"bookmark\">Memorias del terrorismo en Espa\u00f1a<\/a><\/h5>\n\t\t\t\t\t\t<div class=\"post-summary\">Las entradas de este blog, junto a otros testimonios, en total 65, fueron recopiladas en un libro titulado Memorias del terrorismo en Espa\u00f1a que fue coordinado por Ra\u00fal L\u00f3pez Romo&hellip;<\/div>\n\t\t\t\t\t\t<a class=\"button alt\" href=\"https:\/\/www.arovite.com\/eu\/memorias-del-terrorismo-en-espana\/\">Jarraitu irakurtzen<\/a>\n\t\t\t\t\t<\/div>\n\t\t\t\t<\/div><div class=\"post-9029 post type-post status-publish format-standard has-post-thumbnail hentry category-terrorismoaren-biktimak tag-memoria-eu\">\n\t\t\t\t\t<a href=\"https:\/\/www.arovite.com\/eu\/no-es-que-me-guste-jugar-al-recuerdo\/\" class=\"post-thumbnail\"><img loading=\"lazy\" decoding=\"async\" width=\"450\" height=\"270\" src=\"https:\/\/www.arovite.com\/wp-content\/uploads\/2018\/09\/Teresa-Jim\u00e9nez-Becerril.jpg\" class=\"attachment-konte-post-thumbnail-shortcode size-konte-post-thumbnail-shortcode wp-post-image\" alt=\"\" srcset=\"https:\/\/www.arovite.com\/wp-content\/uploads\/2018\/09\/Teresa-Jim\u00e9nez-Becerril.jpg 1000w, https:\/\/www.arovite.com\/wp-content\/uploads\/2018\/09\/Teresa-Jim\u00e9nez-Becerril-300x180.jpg 300w, https:\/\/www.arovite.com\/wp-content\/uploads\/2018\/09\/Teresa-Jim\u00e9nez-Becerril-768x461.jpg 768w\" sizes=\"auto, (max-width: 450px) 100vw, 450px\" \/><\/a>\n\t\t\t\t\t<div class=\"konte-post-grid__summary\">\n\t\t\t\t\t\t<h5 class=\"post-title\"><a href=\"https:\/\/www.arovite.com\/eu\/no-es-que-me-guste-jugar-al-recuerdo\/\" rel=\"bookmark\">No es que me guste jugar al recuerdo<\/a><\/h5>\n\t\t\t\t\t\t<div class=\"post-summary\">Teresa Jim\u00e9nez-Becerril No es que me guste jugar al recuerdo, sobre todo, cuando este consiste en volver a vivir el sonido del tel\u00e9fono que te despierta en plena madrugada para&hellip;<\/div>\n\t\t\t\t\t\t<a class=\"button alt\" href=\"https:\/\/www.arovite.com\/eu\/no-es-que-me-guste-jugar-al-recuerdo\/\">Jarraitu irakurtzen<\/a>\n\t\t\t\t\t<\/div>\n\t\t\t\t<\/div><div class=\"post-8903 post type-post status-publish format-standard has-post-thumbnail hentry category-terrorismoa tag-memoria tag-memoria-eu tag-sociedad-civil-eu tag-sociedad-civil\">\n\t\t\t\t\t<a href=\"https:\/\/www.arovite.com\/eu\/lecciones-de-vida\/\" class=\"post-thumbnail\"><img loading=\"lazy\" decoding=\"async\" width=\"450\" height=\"270\" src=\"https:\/\/www.arovite.com\/wp-content\/uploads\/2023\/10\/Lecciones-de-vida.jpg\" class=\"attachment-konte-post-thumbnail-shortcode size-konte-post-thumbnail-shortcode wp-post-image\" alt=\"\" srcset=\"https:\/\/www.arovite.com\/wp-content\/uploads\/2023\/10\/Lecciones-de-vida.jpg 1000w, https:\/\/www.arovite.com\/wp-content\/uploads\/2023\/10\/Lecciones-de-vida-300x180.jpg 300w, https:\/\/www.arovite.com\/wp-content\/uploads\/2023\/10\/Lecciones-de-vida-768x461.jpg 768w\" sizes=\"auto, (max-width: 450px) 100vw, 450px\" \/><\/a>\n\t\t\t\t\t<div class=\"konte-post-grid__summary\">\n\t\t\t\t\t\t<h5 class=\"post-title\"><a href=\"https:\/\/www.arovite.com\/eu\/lecciones-de-vida\/\" rel=\"bookmark\">Lecciones de vida<\/a><\/h5>\n\t\t\t\t\t\t<div class=\"post-summary\">Luc\u00eda Crist\u00f3bal G\u00f3mez Maite es una mujer resuelta, fuerte, hace honor a su apellido, as\u00ed que cuando me lo propuso, no dud\u00e9: \u201cLuc\u00eda, voy a visitar a M., \u00bfme acompa\u00f1as?\u201d&hellip;<\/div>\n\t\t\t\t\t\t<a class=\"button alt\" href=\"https:\/\/www.arovite.com\/eu\/lecciones-de-vida\/\">Jarraitu irakurtzen<\/a>\n\t\t\t\t\t<\/div>\n\t\t\t\t<\/div><\/div>[\/vc_column][\/vc_row][vc_row][vc_column][vc_empty_space height=&#8221;80px&#8221;][\/vc_column][\/vc_row][vc_row full_width=&#8221;stretch_row&#8221; gap=&#8221;40&#8243; content_placement=&#8221;middle&#8221; css=&#8221;.vc_custom_1699298401401{border-top-width: 30px !important;padding-top: 30px !important;padding-bottom: 30px !important;background-color: #f5efeb !important;}&#8221;][vc_column width=&#8221;1\/5&#8243;][\/vc_column][vc_column width=&#8221;1\/5&#8243;][vc_single_image image=&#8221;18700&#8243; img_size=&#8221;full&#8221; alignment=&#8221;center&#8221; onclick=&#8221;custom_link&#8221; img_link_target=&#8221;_blank&#8221; css_animation=&#8221;bottom-to-top&#8221; link=&#8221;http:\/\/www.ehu.eus\/es&#8221;][\/vc_column][vc_column width=&#8221;1\/5&#8243;][\/vc_column][vc_column width=&#8221;1\/5&#8243;][vc_single_image image=&#8221;24201&#8243; img_size=&#8221;full&#8221; alignment=&#8221;center&#8221; onclick=&#8221;custom_link&#8221; img_link_target=&#8221;_blank&#8221; css_animation=&#8221;bottom-to-top&#8221; link=&#8221;http:\/\/www.ehu.eus\/es\/web\/institutovalentindeforonda\/home&#8221;][\/vc_column][vc_column width=&#8221;1\/5&#8243;][\/vc_column][\/vc_row][vc_row][vc_column][vc_column_text]<\/p>\n<p>[\/vc_column_text][\/vc_column][\/vc_row]<\/p>\n<\/div>","protected":false},"excerpt":{"rendered":"<p>[vc_row][vc_column][rev_slider_vc alias=&#8221;home-5-1&#8243;][\/vc_column][\/vc_row][vc_row][vc_column][vc_empty_space height=&#8221;75px&#8221;][\/vc_column][\/vc_row][vc_row][vc_column][vc_column_text] AROVITE Euskadin emandako terrorismoari buruzko erreferentzien iturria da, ETAren adar guztiek, GAL taldeak, eskuin muturreko taldeak edota Komando Autonomo Antikapitalistak eragina. [\/vc_column_text][\/vc_column][\/vc_row][vc_row][vc_column][vc_empty_space height=&#8221;50px&#8221;][\/vc_column][\/vc_row][vc_row gap=&#8221;120&#8243; content_placement=&#8221;middle&#8221;][vc_column width=&#8221;1\/2&#8243;][konte_banner text_position=&#8221;top-left&#8221;&hellip;<\/p>\n","protected":false},"author":1,"featured_media":0,"parent":0,"menu_order":0,"comment_status":"closed","ping_status":"closed","template":"","meta":{"om_disable_all_campaigns":false,"_monsterinsights_skip_tracking":false,"_monsterinsights_sitenote_active":false,"_monsterinsights_sitenote_note":"","_monsterinsights_sitenote_category":0,"_uf_show_specific_survey":0,"_uf_disable_surveys":false,"_vp_format_video_url":"","_vp_image_focal_point":[],"_vp_custom_popup_image":0,"_vp_format_audio_url":"","_vp_custom_thumbnail":0,"_vp_custom_thumbnail_focal_point":[],"_vp_hover_thumbnail":0,"_vp_hover_thumbnail_focal_point":[],"footnotes":""},"class_list":["post-7978","page","type-page","status-publish","hentry"],"aioseo_notices":[],"_links":{"self":[{"href":"https:\/\/www.arovite.com\/eu\/wp-json\/wp\/v2\/pages\/7978","targetHints":{"allow":["GET"]}}],"collection":[{"href":"https:\/\/www.arovite.com\/eu\/wp-json\/wp\/v2\/pages"}],"about":[{"href":"https:\/\/www.arovite.com\/eu\/wp-json\/wp\/v2\/types\/page"}],"author":[{"embeddable":true,"href":"https:\/\/www.arovite.com\/eu\/wp-json\/wp\/v2\/users\/1"}],"replies":[{"embeddable":true,"href":"https:\/\/www.arovite.com\/eu\/wp-json\/wp\/v2\/comments?post=7978"}],"version-history":[{"count":12,"href":"https:\/\/www.arovite.com\/eu\/wp-json\/wp\/v2\/pages\/7978\/revisions"}],"predecessor-version":[{"id":24269,"href":"https:\/\/www.arovite.com\/eu\/wp-json\/wp\/v2\/pages\/7978\/revisions\/24269"}],"wp:attachment":[{"href":"https:\/\/www.arovite.com\/eu\/wp-json\/wp\/v2\/media?parent=7978"}],"curies":[{"name":"wp","href":"https:\/\/api.w.org\/{rel}","templated":true}]}}