{"id":6824,"date":"2016-09-09T16:48:09","date_gmt":"2016-09-09T16:48:09","guid":{"rendered":"http:\/\/www.arovite.com\/fundacion-victimas-del-terrorismo-2015-2\/"},"modified":"2016-09-09T16:48:09","modified_gmt":"2016-09-09T16:48:09","slug":"fundacion-victimas-del-terrorismo-2015","status":"publish","type":"page","link":"https:\/\/www.arovite.com\/eu\/fundacion-victimas-del-terrorismo-2015\/","title":{"rendered":"FUNDACI\u00d3N V\u00cdCTIMAS DEL TERRORISMO (2015)"},"content":{"rendered":"<div class=\"wpb-content-wrapper\"><p>[vc_row][vc_column width=&#8221;1\/1&#8243;][vc_column_text][vc_empty_space height=&#8221;20&#8243;]<br \/>\n<strong>Referencia bibliogr\u00e1fica<\/strong><br \/>\nFUNDACI\u00d3N V\u00cdCTIMAS DEL TERRORISMO (2015): <em>En pie de foto. La mirada de la v\u00edctima. Biktimaren begirada<\/em>. Fundaci\u00f3n V\u00edctimas del Terrorismo. <\/p>\n<p><a class=\"button blue medium\" href=\"http:\/\/www.fmiguelangelblanco.es\/media\/secciones\/actividades\/en_pie\/vitoria\/FVT_BILBAO.pdf\" target=\"_blank\">Consultar PDF<\/a>[vc_empty_space height=&#8221;10&#8243;]<br \/>\n<strong>Resumen<\/strong><br \/>\nEn este cat\u00e1logo se recogen una serie de fotograf\u00edas publicadas tanto en la prensa espa\u00f1ola como en agencias de noticias internacionales de diversos atentados terroristas en Espa\u00f1a durante los \u00faltimos 25 a\u00f1os, as\u00ed como de las v\u00edctimas causadas por atentados m\u00e1s recientes ocurridos en Par\u00eds, Copenhague, Canad\u00e1 o Sidney, poniendo el foco en las v\u00edctimas de dicha sinraz\u00f3n. Dichas fotograf\u00edas son comentadas por destacados escritores espa\u00f1oles y latinoamericanos.<br \/>\n[vc_empty_space height=&#8221;10&#8243;]<br \/>\n<strong>Tipo de documento<\/strong><br \/>\nCat\u00e1logo fotogr\u00e1fico<br \/>\n[vc_empty_space height=&#8221;10&#8243;]<br \/>\n[\/vc_column_text][\/vc_column][\/vc_row]<\/p>\n<\/div>","protected":false},"excerpt":{"rendered":"<p>[vc_row][vc_column width=&#8221;1\/1&#8243;][vc_column_text][vc_empty_space height=&#8221;20&#8243;] Referencia bibliogr\u00e1fica FUNDACI\u00d3N V\u00cdCTIMAS DEL TERRORISMO (2015): En pie de foto. La mirada de la v\u00edctima. Biktimaren begirada. Fundaci\u00f3n V\u00edctimas del Terrorismo. Consultar PDF[vc_empty_space height=&#8221;10&#8243;] Resumen En&hellip;<\/p>\n","protected":false},"author":1,"featured_media":0,"parent":0,"menu_order":0,"comment_status":"open","ping_status":"open","template":"","meta":{"om_disable_all_campaigns":false,"_monsterinsights_skip_tracking":false,"_monsterinsights_sitenote_active":false,"_monsterinsights_sitenote_note":"","_monsterinsights_sitenote_category":0,"_uf_show_specific_survey":0,"_uf_disable_surveys":false,"_vp_format_video_url":"","_vp_image_focal_point":[],"_vp_custom_popup_image":0,"_vp_format_audio_url":"","_vp_custom_thumbnail":0,"_vp_custom_thumbnail_focal_point":[],"_vp_hover_thumbnail":0,"_vp_hover_thumbnail_focal_point":[],"footnotes":""},"class_list":["post-6824","page","type-page","status-publish","hentry"],"aioseo_notices":[],"_links":{"self":[{"href":"https:\/\/www.arovite.com\/eu\/wp-json\/wp\/v2\/pages\/6824","targetHints":{"allow":["GET"]}}],"collection":[{"href":"https:\/\/www.arovite.com\/eu\/wp-json\/wp\/v2\/pages"}],"about":[{"href":"https:\/\/www.arovite.com\/eu\/wp-json\/wp\/v2\/types\/page"}],"author":[{"embeddable":true,"href":"https:\/\/www.arovite.com\/eu\/wp-json\/wp\/v2\/users\/1"}],"replies":[{"embeddable":true,"href":"https:\/\/www.arovite.com\/eu\/wp-json\/wp\/v2\/comments?post=6824"}],"version-history":[{"count":0,"href":"https:\/\/www.arovite.com\/eu\/wp-json\/wp\/v2\/pages\/6824\/revisions"}],"wp:attachment":[{"href":"https:\/\/www.arovite.com\/eu\/wp-json\/wp\/v2\/media?parent=6824"}],"curies":[{"name":"wp","href":"https:\/\/api.w.org\/{rel}","templated":true}]}}