{"id":6818,"date":"2016-09-09T17:36:03","date_gmt":"2016-09-09T17:36:03","guid":{"rendered":"http:\/\/www.arovite.com\/dupla-antonio-y-villanueva-javier-coords-2009-2\/"},"modified":"2023-10-07T10:15:23","modified_gmt":"2023-10-07T10:15:23","slug":"dupla-antonio-y-villanueva-javier-coords-2009","status":"publish","type":"page","link":"https:\/\/www.arovite.com\/eu\/dupla-antonio-y-villanueva-javier-coords-2009\/","title":{"rendered":"DUPL\u00c1, Antonio y VILLANUEVA, Javier (Coords.) (2009)"},"content":{"rendered":"<div class=\"wpb-content-wrapper\"><p>[vc_row][vc_column width=&#8221;1\/1&#8243;][vc_column_text][vc_empty_space height=&#8221;20&#8243;]<br \/>\n<strong>Referencia bibliogr\u00e1fica<\/strong><br \/>\nDUPL\u00c1, Antonio y VILLANUEVA, Javier (Coords.) (2009): <em>Con las v\u00edctimas del terrorismo<\/em>. San Sebasti\u00e1n: Gakoa.<\/p>\n<p><a target=\"_blank\" rel=\"noopener\">Consultar PDF<\/a>[vc_empty_space height=&#8221;10&#8243;]<br \/>\n<strong>Resumen<\/strong><br \/>\nEn la Ley de Reconocimiento y Reparaci\u00f3n a las V\u00edctimas del Terrorismo se habla de los derechos de las v\u00edctimas de violaciones de los derechos humanos, a saber, derecho a la verdad, derecho a la justicia y derecho a la reparaci\u00f3n, a los que se a\u00f1aden el derecho a la memoria y su significaci\u00f3n pol\u00edtica y los derechos a la paz, la libertad y la convivencia. Los editores compartimos esos presupuestos y entendemos este libro como una peque\u00f1a aportaci\u00f3n en ese camino de reconocimiento, dignificaci\u00f3n y reparaci\u00f3n de las v\u00edctimas. En ese horizonte nos parece fundamental avanzar en el camino de la deslegitimaci\u00f3n de la violencia y en la construcci\u00f3n de una nueva \u00e9tica, que no est\u00e9 subordinada a la pol\u00edtica ni a la ideolog\u00eda. En relaci\u00f3n con la historia reciente de nuestro pa\u00eds es preciso reaccionar tanto frente a la espiral de silencio que nos ha atenazado durante demasiado tiempo a mucha gente, aceptando lo inaceptable, como frente a una determinada interpretaci\u00f3n hist\u00f3rica, que hac\u00eda de ETA una respuesta leg\u00edtima de un pueblo secularmente oprimido por el Estado espa\u00f1ol y de sus militantes h\u00e9roes luchadores sufridos y generosos. Esa imagen falsa no resiste la prueba del an\u00e1lisis ni, desde luego, aguanta la mirada de las v\u00edctimas. Ahora m\u00e1s que nunca, cuando cabe pensar que estamos ante el fin de un ciclo, al menos el de una ETA potente y a la ofensiva, no podemos pasar p\u00e1gina sin m\u00e1s y pasar por alto todo el sufrimiento que ha provocado. El derecho de las v\u00edctimas a la verdad, a la justicia y a la reparaci\u00f3n no lo puede permitir. Con esa convicci\u00f3n se ha escrito este libro.<br \/>\n[vc_empty_space height=&#8221;10&#8243;]<br \/>\n<strong>Autor<\/strong><br \/>\nAntonio Dupl\u00e1. <a title=\"Dialnet\" href=\"https:\/\/dialnet.unirioja.es\/servlet\/autor?codigo=93383\" target=\"_blank\" rel=\"noopener\">P\u00e1gina del autor en Dialnet.<\/a><br \/>\nJavier Villanueva. <a title=\"Dialnet\" href=\"https:\/\/dialnet.unirioja.es\/servlet\/autor?codigo=28362\" target=\"_blank\" rel=\"noopener\">P\u00e1gina del autor en Dialnet.<\/a><br \/>\n[vc_empty_space height=&#8221;10&#8243;]<br \/>\n<strong>Tipo de documento<\/strong><br \/>\nLibro<br \/>\n[vc_empty_space height=&#8221;10&#8243;]<br \/>\n[\/vc_column_text][\/vc_column][\/vc_row]<\/p>\n<\/div>","protected":false},"excerpt":{"rendered":"<p>[vc_row][vc_column width=&#8221;1\/1&#8243;][vc_column_text][vc_empty_space height=&#8221;20&#8243;] Referencia bibliogr\u00e1fica DUPL\u00c1, Antonio y VILLANUEVA, Javier (Coords.) (2009): Con las v\u00edctimas del terrorismo. San Sebasti\u00e1n: Gakoa. Consultar PDF[vc_empty_space height=&#8221;10&#8243;] Resumen En la Ley de Reconocimiento y&hellip;<\/p>\n","protected":false},"author":1,"featured_media":0,"parent":0,"menu_order":0,"comment_status":"open","ping_status":"open","template":"","meta":{"om_disable_all_campaigns":false,"_monsterinsights_skip_tracking":false,"_monsterinsights_sitenote_active":false,"_monsterinsights_sitenote_note":"","_monsterinsights_sitenote_category":0,"_uf_show_specific_survey":0,"_uf_disable_surveys":false,"_vp_format_video_url":"","_vp_image_focal_point":[],"_vp_custom_popup_image":0,"_vp_format_audio_url":"","_vp_custom_thumbnail":0,"_vp_custom_thumbnail_focal_point":[],"_vp_hover_thumbnail":0,"_vp_hover_thumbnail_focal_point":[],"footnotes":""},"class_list":["post-6818","page","type-page","status-publish","hentry"],"aioseo_notices":[],"_links":{"self":[{"href":"https:\/\/www.arovite.com\/eu\/wp-json\/wp\/v2\/pages\/6818","targetHints":{"allow":["GET"]}}],"collection":[{"href":"https:\/\/www.arovite.com\/eu\/wp-json\/wp\/v2\/pages"}],"about":[{"href":"https:\/\/www.arovite.com\/eu\/wp-json\/wp\/v2\/types\/page"}],"author":[{"embeddable":true,"href":"https:\/\/www.arovite.com\/eu\/wp-json\/wp\/v2\/users\/1"}],"replies":[{"embeddable":true,"href":"https:\/\/www.arovite.com\/eu\/wp-json\/wp\/v2\/comments?post=6818"}],"version-history":[{"count":2,"href":"https:\/\/www.arovite.com\/eu\/wp-json\/wp\/v2\/pages\/6818\/revisions"}],"predecessor-version":[{"id":18292,"href":"https:\/\/www.arovite.com\/eu\/wp-json\/wp\/v2\/pages\/6818\/revisions\/18292"}],"wp:attachment":[{"href":"https:\/\/www.arovite.com\/eu\/wp-json\/wp\/v2\/media?parent=6818"}],"curies":[{"name":"wp","href":"https:\/\/api.w.org\/{rel}","templated":true}]}}