{"id":6814,"date":"2016-09-09T17:43:17","date_gmt":"2016-09-09T17:43:17","guid":{"rendered":"http:\/\/www.arovite.com\/arteta-orbea-inaki-2016-2\/"},"modified":"2016-09-09T17:43:17","modified_gmt":"2016-09-09T17:43:17","slug":"arteta-orbea-inaki-2016","status":"publish","type":"page","link":"https:\/\/www.arovite.com\/eu\/arteta-orbea-inaki-2016\/","title":{"rendered":"ARTETA ORBEA, I\u00f1aki (2016)"},"content":{"rendered":"<div class=\"wpb-content-wrapper\"><p>[vc_row][vc_column width=&#8221;1\/1&#8243;][vc_column_text][vc_empty_space height=&#8221;20&#8243;]<br \/>\n<strong>Referencia bibliogr\u00e1fica<\/strong><br \/>\nARTETA ORBEA, I\u00f1aki (2016): \u00abEl cine es memoria\u00bb, <em>Cuadernos de Pensamiento Pol\u00edtico-Fundaci\u00f3n FAES<\/em>, n\u00ba 51, pp. 98-104.<\/p>\n<p><a class=\"button blue medium \"href=\"http:\/\/paralalibertad.org\/wp-content\/uploads\/El-cine-es-memoria-INAKI-ARTETA.pdf\" target=\"_blank\">Consultar PDF<\/a> [vc_empty_space height=&#8221;10&#8243;]<br \/>\n<strong>Resumen<\/strong><br \/>\nEn este art\u00edculo el autor se pregunta c\u00f3mo ha sido posible que tantos y tantos cineastas no hayan reflejado las situaciones extremas de falta de libertad, de amenaza latente o expresa, en su propio pa\u00eds; c\u00f3mo es posible que no se hayan sentido atra\u00eddos por la variedad de tragedias, de experiencias cotidianas de persecuci\u00f3n, por la naturalidad con que el odio atroz se enraizaba en una tierra aparentemente en calma. Desde el comienzo de la democracia en 1977 se han producido en Espa\u00f1a alrededor de 4.000 pel\u00edculas. 60 de ellas han tenido en su trama, de una manera o de otra, la actividad terrorista de ETA y solo 9 se han interesado exclusivamente por sus v\u00edctimas. La cruel realidad de las v\u00edctimas no ha sido un tema interesante. Pero poner en im\u00e1genes todo esto es trascendente y es la deuda fundamental de los cineastas con los m\u00e1rtires del terrorismo.<br \/>\n[vc_empty_space height=&#8221;10&#8243;]<br \/>\n<strong>Autor<\/strong><br \/>\nI\u00f1aki Arteta Orbea. <a title=\"Dialnet\" href=\"https:\/\/dialnet.unirioja.es\/servlet\/autor?codigo=1682360\" target=\"_blank\">P\u00e1gina del autor en Dialnet.<\/a><br \/>\n[vc_empty_space height=&#8221;10&#8243;]<br \/>\n<strong>Tipo de documento<\/strong><br \/>\nArt\u00edculo<br \/>\n[vc_empty_space height=&#8221;10&#8243;]<br \/>\n[\/vc_column_text][\/vc_column][\/vc_row]<\/p>\n<\/div>","protected":false},"excerpt":{"rendered":"<p>[vc_row][vc_column width=&#8221;1\/1&#8243;][vc_column_text][vc_empty_space height=&#8221;20&#8243;] Referencia bibliogr\u00e1fica ARTETA ORBEA, I\u00f1aki (2016): \u00abEl cine es memoria\u00bb, Cuadernos de Pensamiento Pol\u00edtico-Fundaci\u00f3n FAES, n\u00ba 51, pp. 98-104. Consultar PDF [vc_empty_space height=&#8221;10&#8243;] Resumen En este art\u00edculo&hellip;<\/p>\n","protected":false},"author":1,"featured_media":0,"parent":0,"menu_order":0,"comment_status":"open","ping_status":"open","template":"","meta":{"om_disable_all_campaigns":false,"_monsterinsights_skip_tracking":false,"_monsterinsights_sitenote_active":false,"_monsterinsights_sitenote_note":"","_monsterinsights_sitenote_category":0,"_uf_show_specific_survey":0,"_uf_disable_surveys":false,"_vp_format_video_url":"","_vp_image_focal_point":[],"_vp_custom_popup_image":0,"_vp_format_audio_url":"","_vp_custom_thumbnail":0,"_vp_custom_thumbnail_focal_point":[],"_vp_hover_thumbnail":0,"_vp_hover_thumbnail_focal_point":[],"footnotes":""},"class_list":["post-6814","page","type-page","status-publish","hentry"],"aioseo_notices":[],"_links":{"self":[{"href":"https:\/\/www.arovite.com\/eu\/wp-json\/wp\/v2\/pages\/6814","targetHints":{"allow":["GET"]}}],"collection":[{"href":"https:\/\/www.arovite.com\/eu\/wp-json\/wp\/v2\/pages"}],"about":[{"href":"https:\/\/www.arovite.com\/eu\/wp-json\/wp\/v2\/types\/page"}],"author":[{"embeddable":true,"href":"https:\/\/www.arovite.com\/eu\/wp-json\/wp\/v2\/users\/1"}],"replies":[{"embeddable":true,"href":"https:\/\/www.arovite.com\/eu\/wp-json\/wp\/v2\/comments?post=6814"}],"version-history":[{"count":0,"href":"https:\/\/www.arovite.com\/eu\/wp-json\/wp\/v2\/pages\/6814\/revisions"}],"wp:attachment":[{"href":"https:\/\/www.arovite.com\/eu\/wp-json\/wp\/v2\/media?parent=6814"}],"curies":[{"name":"wp","href":"https:\/\/api.w.org\/{rel}","templated":true}]}}