{"id":6811,"date":"2016-09-11T07:56:18","date_gmt":"2016-09-11T07:56:18","guid":{"rendered":"http:\/\/www.arovite.com\/lopez-de-maturana-dieguez-virginia-2010-2\/"},"modified":"2016-09-11T07:56:18","modified_gmt":"2016-09-11T07:56:18","slug":"lopez-de-maturana-dieguez-virginia-2010","status":"publish","type":"page","link":"https:\/\/www.arovite.com\/eu\/lopez-de-maturana-dieguez-virginia-2010\/","title":{"rendered":"L\u00d3PEZ DE MATURANA DI\u00c9GUEZ, Virginia (2010)"},"content":{"rendered":"<div class=\"wpb-content-wrapper\"><p>[vc_row][vc_column width=&#8221;1\/1&#8243;][vc_column_text][vc_empty_space height=&#8221;20&#8243;]<br \/>\n<strong>Referencia bibliogr\u00e1fica<\/strong><br \/>\nL\u00d3PEZ DE MATURANA DI\u00c9GUEZ, Virginia (2010): \u00abLa cuesti\u00f3n vasca en el diario <em>El Pa\u00eds<\/em>. Art\u00edculos de opini\u00f3n (1976-2005)\u00bb, <em>Sancho el Sabio<\/em>, n\u00ba 33, pp. 155-209.<\/p>\n<p><a class=\"button blue medium\" href=\"https:\/\/dialnet.unirioja.es\/descarga\/articulo\/3402007.pdf\" target=\"_blank\">Consultar PDF<\/a>[vc_empty_space height=&#8221;10&#8243;]<br \/>\n<strong>Resumen<\/strong><br \/>\nEste art\u00edculo recoge una base de datos con todos los art\u00edculos de opini\u00f3n sobre el Pa\u00eds Vasco publicados en el diario <em>El Pa\u00eds<\/em> (Madrid) desde 1976 hasta 2005. Se trata de uno de los peri\u00f3dicos m\u00e1s influyentes en el \u00e1mbito nacional desde la muerte de Franco. Este art\u00edculo puede servir para promover nuevos estudios en torno a la opini\u00f3n p\u00fablica espa\u00f1ola y el Pa\u00eds Vasco, con el objetivo de permitir en el futuro que historiadores, polit\u00f3logos y expertos en comunicaci\u00f3n estudien m\u00e1s profundamente la historia reciente de Euskadi y de los medios de comunicaci\u00f3n ante la cuesti\u00f3n vasca. [vc_empty_space height=&#8221;10&#8243;]<br \/>\n<strong>Abstract<\/strong><br \/>\nThis article includes a database containing all of the op-ed articles on the Basque Country published from 1976 to 2005 in <em>El Pa\u00eds<\/em> (Madrid), one of the most influential national newspapers since the death of Franco. This article may serve to promote new studies on Spanish public opinion and the Basque Country. The purpose is to enable historians, political scientists and communication experts in the future to undertake an more in-depth study of the recent history of Euskadi and the media with regard to the Basque issue.<br \/>\n[vc_empty_space height=&#8221;10&#8243;]<br \/>\n<strong>Laburpena<\/strong><br \/>\n1976tik 2005era bitarte <em>El Pa\u00eds<\/em> (Madril) egunkariak argitaraturiko Euskal Herriari buruzko iritzi-artikulu guztiak biltzen dituen datu-base bat biltzen du artikulu honek. Franco hil zenetik estatu osoko itzal handieneko egunkarietako bat dugu El Pa\u00eds. Espainiako iritzi publikoari eta Euskal Herriari buruzko azterlan berriak sustatzeko baliagarri izan liteke artikulu hau, etorkizunean historialari, politologo eta komunikazio-adituek Euskadiren azken urteetako historia eta komunikabideek euskal gaiaren aurrean izandako jarrera sakonago azter dezaten ahalbidetzeko.<br \/>\n[vc_empty_space height=&#8221;10&#8243;]<br \/>\n<strong>Autor<\/strong><br \/>\nVirginia L\u00f3pez de Maturana. <a title=\"Dialnet\" href=\"https:\/\/dialnet.unirioja.es\/servlet\/autor?codigo=1259797\" target=\"_blank\">P\u00e1gina del autor en Dialnet.<\/a><br \/>\n[vc_empty_space height=&#8221;10&#8243;]<br \/>\n<strong>Tipo de documento<\/strong><br \/>\nArt\u00edculo<br \/>\n[vc_empty_space height=&#8221;10&#8243;]<br \/>\n[\/vc_column_text][\/vc_column][\/vc_row]<\/p>\n<\/div>","protected":false},"excerpt":{"rendered":"<p>[vc_row][vc_column width=&#8221;1\/1&#8243;][vc_column_text][vc_empty_space height=&#8221;20&#8243;] Referencia bibliogr\u00e1fica L\u00d3PEZ DE MATURANA DI\u00c9GUEZ, Virginia (2010): \u00abLa cuesti\u00f3n vasca en el diario El Pa\u00eds. Art\u00edculos de opini\u00f3n (1976-2005)\u00bb, Sancho el Sabio, n\u00ba 33, pp. 155-209.&hellip;<\/p>\n","protected":false},"author":1,"featured_media":0,"parent":0,"menu_order":0,"comment_status":"open","ping_status":"open","template":"","meta":{"om_disable_all_campaigns":false,"_monsterinsights_skip_tracking":false,"_monsterinsights_sitenote_active":false,"_monsterinsights_sitenote_note":"","_monsterinsights_sitenote_category":0,"_uf_show_specific_survey":0,"_uf_disable_surveys":false,"_vp_format_video_url":"","_vp_image_focal_point":[],"_vp_custom_popup_image":0,"_vp_format_audio_url":"","_vp_custom_thumbnail":0,"_vp_custom_thumbnail_focal_point":[],"_vp_hover_thumbnail":0,"_vp_hover_thumbnail_focal_point":[],"footnotes":""},"class_list":["post-6811","page","type-page","status-publish","hentry"],"aioseo_notices":[],"_links":{"self":[{"href":"https:\/\/www.arovite.com\/eu\/wp-json\/wp\/v2\/pages\/6811","targetHints":{"allow":["GET"]}}],"collection":[{"href":"https:\/\/www.arovite.com\/eu\/wp-json\/wp\/v2\/pages"}],"about":[{"href":"https:\/\/www.arovite.com\/eu\/wp-json\/wp\/v2\/types\/page"}],"author":[{"embeddable":true,"href":"https:\/\/www.arovite.com\/eu\/wp-json\/wp\/v2\/users\/1"}],"replies":[{"embeddable":true,"href":"https:\/\/www.arovite.com\/eu\/wp-json\/wp\/v2\/comments?post=6811"}],"version-history":[{"count":0,"href":"https:\/\/www.arovite.com\/eu\/wp-json\/wp\/v2\/pages\/6811\/revisions"}],"wp:attachment":[{"href":"https:\/\/www.arovite.com\/eu\/wp-json\/wp\/v2\/media?parent=6811"}],"curies":[{"name":"wp","href":"https:\/\/api.w.org\/{rel}","templated":true}]}}