{"id":6798,"date":"2016-09-11T07:53:07","date_gmt":"2016-09-11T07:53:07","guid":{"rendered":"http:\/\/www.arovite.com\/fundacion-miguel-angel-blanco-2008-2\/"},"modified":"2016-09-11T07:53:34","modified_gmt":"2016-09-11T07:53:34","slug":"fundacion-miguel-angel-blanco-2008","status":"publish","type":"page","link":"https:\/\/www.arovite.com\/eu\/fundacion-miguel-angel-blanco-2008\/","title":{"rendered":"FUNDACI\u00d3N MIGUEL \u00c1NGEL BLANCO (2008)"},"content":{"rendered":"<div class=\"wpb-content-wrapper\"><p>[vc_row][vc_column width=&#8221;1\/1&#8243;][vc_column_text][vc_empty_space height=&#8221;20&#8243;]<br \/>\n<strong>Referencia bibliogr\u00e1fica<\/strong><br \/>\nFUNDACI\u00d3N MIGUEL \u00c1NGEL BLANCO (2016): <em>Retorno a Ermua. Diez a\u00f1os sin Miguel \u00c1ngel Blanco<\/em>. Fundaci\u00f3n Miguel \u00c1ngel Blanco.<\/p>\n<p><a class=\"button blue medium \"href=\"http:\/\/www.fmiguelangelblanco.es\/media\/archivos\/pdf\/libro.pdf\" target=\"_blank\">Consultar PDF<\/a>[vc_empty_space height=&#8221;10&#8243;]<br \/>\n<strong>Resumen<\/strong><br \/>\nDel 14 de junio al 10 de julio de 2007, con motivo del d\u00e9cimo aniversario del secuestro y asesinato de Miguel \u00c1ngel Blanco, se organiz\u00f3 un autob\u00fas itinerante que recorri\u00f3 diversas ciudades espa\u00f1oles. Se trat\u00f3 de un espacio de reflexi\u00f3n y recuerdo que dio la posibilidad activa a los ciudadanos de conmemorar los acontecimientos que en aquellos d\u00edas se produjeron. Este libro homenaje recoge toda la informaci\u00f3n de la ruta, las fotograf\u00edas y los mensajes de la ciudadan\u00eda como recuerdo a Miguel \u00c1ngel Blanco.<br \/>\n[vc_empty_space height=&#8221;10&#8243;]<br \/>\n<strong>Tipo de documento<\/strong><br \/>\nLibro-homenaje<br \/>\n[vc_empty_space height=&#8221;10&#8243;]<br \/>\n[\/vc_column_text][\/vc_column][\/vc_row]<\/p>\n<\/div>","protected":false},"excerpt":{"rendered":"<p>[vc_row][vc_column width=&#8221;1\/1&#8243;][vc_column_text][vc_empty_space height=&#8221;20&#8243;] Referencia bibliogr\u00e1fica FUNDACI\u00d3N MIGUEL \u00c1NGEL BLANCO (2016): Retorno a Ermua. Diez a\u00f1os sin Miguel \u00c1ngel Blanco. Fundaci\u00f3n Miguel \u00c1ngel Blanco. Consultar PDF[vc_empty_space height=&#8221;10&#8243;] Resumen Del 14 de&hellip;<\/p>\n","protected":false},"author":1,"featured_media":0,"parent":0,"menu_order":0,"comment_status":"open","ping_status":"open","template":"","meta":{"om_disable_all_campaigns":false,"_monsterinsights_skip_tracking":false,"_monsterinsights_sitenote_active":false,"_monsterinsights_sitenote_note":"","_monsterinsights_sitenote_category":0,"_uf_show_specific_survey":0,"_uf_disable_surveys":false,"_vp_format_video_url":"","_vp_image_focal_point":[],"_vp_custom_popup_image":0,"_vp_format_audio_url":"","_vp_custom_thumbnail":0,"_vp_custom_thumbnail_focal_point":[],"_vp_hover_thumbnail":0,"_vp_hover_thumbnail_focal_point":[],"footnotes":""},"class_list":["post-6798","page","type-page","status-publish","hentry"],"aioseo_notices":[],"_links":{"self":[{"href":"https:\/\/www.arovite.com\/eu\/wp-json\/wp\/v2\/pages\/6798","targetHints":{"allow":["GET"]}}],"collection":[{"href":"https:\/\/www.arovite.com\/eu\/wp-json\/wp\/v2\/pages"}],"about":[{"href":"https:\/\/www.arovite.com\/eu\/wp-json\/wp\/v2\/types\/page"}],"author":[{"embeddable":true,"href":"https:\/\/www.arovite.com\/eu\/wp-json\/wp\/v2\/users\/1"}],"replies":[{"embeddable":true,"href":"https:\/\/www.arovite.com\/eu\/wp-json\/wp\/v2\/comments?post=6798"}],"version-history":[{"count":1,"href":"https:\/\/www.arovite.com\/eu\/wp-json\/wp\/v2\/pages\/6798\/revisions"}],"predecessor-version":[{"id":6802,"href":"https:\/\/www.arovite.com\/eu\/wp-json\/wp\/v2\/pages\/6798\/revisions\/6802"}],"wp:attachment":[{"href":"https:\/\/www.arovite.com\/eu\/wp-json\/wp\/v2\/media?parent=6798"}],"curies":[{"name":"wp","href":"https:\/\/api.w.org\/{rel}","templated":true}]}}