{"id":6326,"date":"2016-01-20T18:20:17","date_gmt":"2016-01-20T18:20:17","guid":{"rendered":"http:\/\/www.arovite.com\/?page_id=6326"},"modified":"2016-01-20T18:20:17","modified_gmt":"2016-01-20T18:20:17","slug":"diaz-maroto-julio-2001-4","status":"publish","type":"page","link":"https:\/\/www.arovite.com\/eu\/diaz-maroto-julio-2001-4\/","title":{"rendered":"D\u00cdAZ-MAROTO, Julio (2001)"},"content":{"rendered":"<div class=\"wpb-content-wrapper\"><p>[vc_row][vc_column width=&#8221;1\/1&#8243;][vc_column_text][vc_empty_space height=&#8221;20&#8243;]<br \/>\n<strong>Referencia bibliogr\u00e1fica<\/strong><br \/>\nD\u00cdAZ-MAROTO, Julio (2001): \u00abNotas sobre la propuesta de tipificaci\u00f3n de la apolog\u00eda del terrorismo\u00bb, <em>Eguzkilore<\/em>, n\u00ba 15, pp. 183-202.<\/p>\n<p><a class=\"button blue  medium \" href=\"http:\/\/www.ehu.eus\/documents\/1736829\/2174323\/Eguzkilore+15-15.+D%C3%8DAZ-MAROTO.pdf\" target=\"_blank\">Consultar PDF<\/a>[vc_empty_space height=&#8221;10&#8243;]<br \/>\n<strong>Resumen<\/strong><br \/>\nSe analiza el Proyecto de Ley Org\u00e1nica, aprobado el 16 de noviembre de 2000, de modificaci\u00f3n de la Ley Org\u00e1nica 10\/1995, de 23 de noviembre, del C\u00f3digo penal, y de la Ley Org\u00e1nica 5\/2000, de 12 de enero, reguladora de la responsabilidad penal de los menores, en relaci\u00f3n con los delitos de terrorismo. As\u00ed, se explican los objetivos de esta reforma: agravar las penas por conductas de terrorismo urbano, tipificar de manera espec\u00edfica los des\u00f3rdenes y altercados en los Plenos municipales para apoyar a los terroristas, incrementar la pena de inhabilitaci\u00f3n para los terroristas condenados, tipificar nuevamente la apolog\u00eda, tipificar las conductas de humillaci\u00f3n a las v\u00edctimas de actos terroristas, o incrementar el plazo de internamiento en r\u00e9gimen cerrado.<br \/>\n[vc_empty_space height=&#8221;10&#8243;]<br \/>\n<strong>Laburpena<\/strong><br \/>\n2000ko azaroaren 16an aprobatutako lege organikoaren proiektua aztertzen da, 1995eko azaroaren 23 datako lege organikoa, kode penala, eraldatzen duena eta baita adingabekoen erantzukizun penala erregulatzen duen 5\/2000 lege organikoa terrorismoari bideratua. Eraldaketa honen helburuak azaltzen dira terrorismo jokaerak zigor gogorragoz zigortzea, terroristentzat ezgaikuntza zigorrak gogortzea, apologia tipifikatzea, terrorismoaren biktimak direnen aurkako irainak tipifikatzea, edo eta barnerapen zigorren epeak luzatzea.<br \/>\n[vc_empty_space height=&#8221;10&#8243;]<br \/>\n<strong>Summary<\/strong><br \/>\nThe Project of the Law passed on 16 November 2000, about the modification of the Law 10\/1995, of 23 November, about the penal Code, and the Law 5\/2000, of 12 January, that regulates the criminal responsibility of the minors, in relation to terrorism crimes is analyzed. Thus, the objectives of this reform are explained: to aggravate the penalties because of conducts of urban terrorism, to legislate specifically the riots and quarrels to support the terrorists in the municipal Plenary sessions, to increase the disqualification penalty for the sentenced terrorists, to legislate the apology and the conducts of humiliating terrorism victims, or to increase the time of confinement in closed regime.<br \/>\n[vc_empty_space height=&#8221;10&#8243;]<br \/>\n<strong>Autor<\/strong><br \/>\nJulio D\u00edaz-Maroto y Villarejo. <a title=\"Dialnet\" href=\"http:\/\/dialnet.unirioja.es\/servlet\/autor?codigo=72844\" target=\"_blank\">P\u00e1gina del autor en Dialnet.<\/a><br \/>\n[vc_empty_space height=&#8221;10&#8243;]<br \/>\n<strong>Tipo de documento<\/strong><br \/>\nArt\u00edculo<br \/>\n[vc_empty_space height=&#8221;10&#8243;]<br \/>\n<a title=\"Enlace alternativo\" href=\"http:\/\/dialnet.unirioja.es\/servlet\/articulo?codigo=740928\" target=\"_blank\"><strong>Enlace alternativo.<\/strong><\/a><br \/>\n[vc_empty_space height=&#8221;10&#8243;][\/vc_column_text][\/vc_column][\/vc_row]<\/p>\n<\/div>","protected":false},"excerpt":{"rendered":"<p>[vc_row][vc_column width=&#8221;1\/1&#8243;][vc_column_text][vc_empty_space height=&#8221;20&#8243;] Referencia bibliogr\u00e1fica D\u00cdAZ-MAROTO, Julio (2001): \u00abNotas sobre la propuesta de tipificaci\u00f3n de la apolog\u00eda del terrorismo\u00bb, Eguzkilore, n\u00ba 15, pp. 183-202. Consultar PDF[vc_empty_space height=&#8221;10&#8243;] Resumen Se analiza&hellip;<\/p>\n","protected":false},"author":2,"featured_media":0,"parent":0,"menu_order":0,"comment_status":"open","ping_status":"open","template":"","meta":{"om_disable_all_campaigns":false,"_monsterinsights_skip_tracking":false,"_monsterinsights_sitenote_active":false,"_monsterinsights_sitenote_note":"","_monsterinsights_sitenote_category":0,"_uf_show_specific_survey":0,"_uf_disable_surveys":false,"_vp_format_video_url":"","_vp_image_focal_point":[],"_vp_custom_popup_image":0,"_vp_format_audio_url":"","_vp_custom_thumbnail":0,"_vp_custom_thumbnail_focal_point":[],"_vp_hover_thumbnail":0,"_vp_hover_thumbnail_focal_point":[],"footnotes":""},"class_list":["post-6326","page","type-page","status-publish","hentry"],"aioseo_notices":[],"_links":{"self":[{"href":"https:\/\/www.arovite.com\/eu\/wp-json\/wp\/v2\/pages\/6326","targetHints":{"allow":["GET"]}}],"collection":[{"href":"https:\/\/www.arovite.com\/eu\/wp-json\/wp\/v2\/pages"}],"about":[{"href":"https:\/\/www.arovite.com\/eu\/wp-json\/wp\/v2\/types\/page"}],"author":[{"embeddable":true,"href":"https:\/\/www.arovite.com\/eu\/wp-json\/wp\/v2\/users\/2"}],"replies":[{"embeddable":true,"href":"https:\/\/www.arovite.com\/eu\/wp-json\/wp\/v2\/comments?post=6326"}],"version-history":[{"count":2,"href":"https:\/\/www.arovite.com\/eu\/wp-json\/wp\/v2\/pages\/6326\/revisions"}],"predecessor-version":[{"id":6330,"href":"https:\/\/www.arovite.com\/eu\/wp-json\/wp\/v2\/pages\/6326\/revisions\/6330"}],"wp:attachment":[{"href":"https:\/\/www.arovite.com\/eu\/wp-json\/wp\/v2\/media?parent=6326"}],"curies":[{"name":"wp","href":"https:\/\/api.w.org\/{rel}","templated":true}]}}