{"id":6265,"date":"2016-01-20T18:09:31","date_gmt":"2016-01-20T18:09:31","guid":{"rendered":"http:\/\/www.arovite.com\/?page_id=6265"},"modified":"2016-01-20T18:09:31","modified_gmt":"2016-01-20T18:09:31","slug":"vvaa-2009-3","status":"publish","type":"page","link":"https:\/\/www.arovite.com\/eu\/vvaa-2009-3\/","title":{"rendered":"VVAA (2009)"},"content":{"rendered":"<div class=\"wpb-content-wrapper\"><p>[vc_row][vc_column width=&#8221;1\/1&#8243;][vc_column_text][vc_empty_space height=&#8221;20&#8243;]<br \/>\n<a class=\"button blue  medium \" href=\"http:\/\/www.arovite.com\/documentos\/2009_Fundacion_Fernando_Buesa.pdf\" target=\"_blank\">Consultar PDF<\/a>[vc_empty_space height=&#8221;10&#8243;]<br \/>\n<strong>Resumen<\/strong><br \/>\nLa violencia se ha convertido en parte de la vida cotidiana del Pa\u00eds Vasco. Casi sin darse cuenta, la sociedad ha comenzado a admitir como algo rutinario lo que no deber\u00eda formar parte ni siquiera de la excepci\u00f3n. Amenazas, intimidaciones, lucha callejera\u2026 Son muchos los lugares del mundo donde las personas se ven afectadas por situaciones de este tipo que irrumpen en sus vidas. Diferentes contextos, diferentes procesos hist\u00f3ricos, diferentes causas y, seguramente, tambi\u00e9n diferentes efectos. El de Euskadi no es un hecho aislado. Los medios de comunicaci\u00f3n se refieren a \u00e9l a diario y son muchos ya los estudios que han analizado su origen, implicaciones y tambi\u00e9n posibles soluciones. Pero, \u00bfc\u00f3mo afecta un escenario as\u00ed a la salud de los ciudadanos? \u00bfQu\u00e9 implicaciones tiene la violencia colectiva en el bienestar f\u00edsico y emocional de sus v\u00edctimas directas? \u00bfHasta qu\u00e9 punto se sienten arropadas por la sociedad en la que viven y las instituciones que les representan?<br \/>\n[vc_empty_space height=&#8221;10&#8243;]<br \/>\n[\/vc_column_text][\/vc_column][\/vc_row]<\/p>\n<\/div>","protected":false},"excerpt":{"rendered":"<p>[vc_row][vc_column width=&#8221;1\/1&#8243;][vc_column_text][vc_empty_space height=&#8221;20&#8243;] Consultar PDF[vc_empty_space height=&#8221;10&#8243;] Resumen La violencia se ha convertido en parte de la vida cotidiana del Pa\u00eds Vasco. Casi sin darse cuenta, la sociedad ha comenzado a&hellip;<\/p>\n","protected":false},"author":2,"featured_media":0,"parent":0,"menu_order":0,"comment_status":"open","ping_status":"open","template":"","meta":{"om_disable_all_campaigns":false,"_monsterinsights_skip_tracking":false,"_monsterinsights_sitenote_active":false,"_monsterinsights_sitenote_note":"","_monsterinsights_sitenote_category":0,"_uf_show_specific_survey":0,"_uf_disable_surveys":false,"_vp_format_video_url":"","_vp_image_focal_point":[],"_vp_custom_popup_image":0,"_vp_format_audio_url":"","_vp_custom_thumbnail":0,"_vp_custom_thumbnail_focal_point":[],"_vp_hover_thumbnail":0,"_vp_hover_thumbnail_focal_point":[],"footnotes":""},"class_list":["post-6265","page","type-page","status-publish","hentry"],"aioseo_notices":[],"_links":{"self":[{"href":"https:\/\/www.arovite.com\/eu\/wp-json\/wp\/v2\/pages\/6265","targetHints":{"allow":["GET"]}}],"collection":[{"href":"https:\/\/www.arovite.com\/eu\/wp-json\/wp\/v2\/pages"}],"about":[{"href":"https:\/\/www.arovite.com\/eu\/wp-json\/wp\/v2\/types\/page"}],"author":[{"embeddable":true,"href":"https:\/\/www.arovite.com\/eu\/wp-json\/wp\/v2\/users\/2"}],"replies":[{"embeddable":true,"href":"https:\/\/www.arovite.com\/eu\/wp-json\/wp\/v2\/comments?post=6265"}],"version-history":[{"count":1,"href":"https:\/\/www.arovite.com\/eu\/wp-json\/wp\/v2\/pages\/6265\/revisions"}],"predecessor-version":[{"id":6284,"href":"https:\/\/www.arovite.com\/eu\/wp-json\/wp\/v2\/pages\/6265\/revisions\/6284"}],"wp:attachment":[{"href":"https:\/\/www.arovite.com\/eu\/wp-json\/wp\/v2\/media?parent=6265"}],"curies":[{"name":"wp","href":"https:\/\/api.w.org\/{rel}","templated":true}]}}