{"id":6263,"date":"2016-01-20T18:09:15","date_gmt":"2016-01-20T18:09:15","guid":{"rendered":"http:\/\/www.arovite.com\/?page_id=6263"},"modified":"2016-01-20T18:09:15","modified_gmt":"2016-01-20T18:09:15","slug":"vvaa-2007-3","status":"publish","type":"page","link":"https:\/\/www.arovite.com\/eu\/vvaa-2007-3\/","title":{"rendered":"VVAA (2007)"},"content":{"rendered":"<div class=\"wpb-content-wrapper\"><p>[vc_row][vc_column width=&#8221;1\/1&#8243;][vc_column_text][vc_empty_space height=&#8221;20&#8243;]<br \/>\n<strong>Referencia bibliogr\u00e1fica<\/strong><br \/>\nVVAA (2007): <em>Luces y sombras de la disoluci\u00f3n de ETA Politico-Militar \/ Encuentros = Topaketak, Fundaci\u00f3n Fernando Buesa Blanco Fundazioa, Aldaketa-Cambio por Euskadi<\/em>. Vitoria-Gasteiz: Fundaci\u00f3n Fernando Buesa Blanco.<\/p>\n<p><a class=\"button blue  medium \" href=\"http:\/\/www.arovite.com\/documentos\/2007_Fundacion_Fernando_Buesa.pdf\" target=\"_blank\">Consultar PDF<\/a>[vc_empty_space height=&#8221;10&#8243;]<br \/>\n<strong>Resumen<\/strong><br \/>\nLa Fundaci\u00f3n Fernando Buesa Blanco Fundazioa y Aldaketa hemos organizado estas Jornadas que celebramos por segundo a\u00f1o consecutivo, como fruto del <em>Convenio de colaboraci\u00f3n<\/em> que suscribimos ambas organizaciones el 25 de octubre del pasado a\u00f1o, en el aniversario de la aprobaci\u00f3n del <em>Estatuto de Gernika<\/em>. Dos organizaciones plurales de la sociedad civil que buscan aunar fuerzas para mostrar que el esp\u00edritu de acuerdo entre diferentes es infinitamente superior a la confrontaci\u00f3n est\u00e9ril tan frecuente entre nosotros. En 2005 reflexion\u00e1bamos sobre <em>El significado pol\u00edtico de las v\u00edctimas del terrorismo<\/em>. Desarroll\u00e1bamos en aquel momento qu\u00e9 quer\u00edamos expresar cuando hablamos de <em>Memoria<\/em>, de <em>Dignidad<\/em> y de <em>Justicia<\/em>. Y las aportaciones plurales a dicha reflexi\u00f3n se encuentran recogidas en un libro que presentaremos pr\u00f3ximamente. En este a\u00f1o 2006, y dentro del proceso del fin de terrorismo que, liderado por el presidente del Gobierno, se inici\u00f3 con el <em>alto el fuego permanente<\/em> de ETA militar, pretendemos reflexionar sobre las <em>luces<\/em> y las <em>sombras<\/em> del proceso de disoluci\u00f3n de ETA p-m, que tuvo lugar a principios de los a\u00f1os ochenta, hace ahora 25 a\u00f1os.<br \/>\n[vc_empty_space height=&#8221;10&#8243;]<br \/>\n<strong>Autor<\/strong><br \/>\nKepa Aulestia. <a title=\"Dialnet\" href=\"http:\/\/dialnet.unirioja.es\/servlet\/autor?codigo=1730355\" target=\"_blank\">P\u00e1gina del autor en Dialnet.<\/a><br \/>\n\u00c1ngeles Escriv\u00e1.<br \/>\nXabier Markiegi. <a title=\"Dialnet\" href=\"http:\/\/dialnet.unirioja.es\/servlet\/autor?codigo=530823\" target=\"_blank\">P\u00e1gina del autor en Dialnet.<\/a><br \/>\nXabier Aierdi. <a title=\"Dialnet\" href=\"http:\/\/dialnet.unirioja.es\/servlet\/autor?codigo=748340\" target=\"_blank\">P\u00e1gina del autor en Dialnet.<\/a><br \/>\nEduardo Uriarte. <a title=\"Dialnet\" href=\"http:\/\/dialnet.unirioja.es\/servlet\/autor?codigo=814267\" target=\"_blank\">P\u00e1gina del autor en Dialnet.<\/a><br \/>\nJuan Infante.<br \/>\n[vc_empty_space height=&#8221;10&#8243;]<br \/>\n<strong>Tipo de documento<\/strong><br \/>\nLibro<br \/>\n[vc_empty_space height=&#8221;10&#8243;]<br \/>\n<a title=\"Enlace alternativo\" href=\"http:\/\/www.bideo.info\/buesa\/imagenes\/topaketak2.pdf\" target=\"_blank\"><strong>Enlace alternativo.<\/strong><\/a><br \/>\n[vc_empty_space height=&#8221;10&#8243;][\/vc_column_text][\/vc_column][\/vc_row]<\/p>\n<\/div>","protected":false},"excerpt":{"rendered":"<p>[vc_row][vc_column width=&#8221;1\/1&#8243;][vc_column_text][vc_empty_space height=&#8221;20&#8243;] Referencia bibliogr\u00e1fica VVAA (2007): Luces y sombras de la disoluci\u00f3n de ETA Politico-Militar \/ Encuentros = Topaketak, Fundaci\u00f3n Fernando Buesa Blanco Fundazioa, Aldaketa-Cambio por Euskadi. Vitoria-Gasteiz: Fundaci\u00f3n&hellip;<\/p>\n","protected":false},"author":2,"featured_media":0,"parent":0,"menu_order":0,"comment_status":"open","ping_status":"open","template":"","meta":{"om_disable_all_campaigns":false,"_monsterinsights_skip_tracking":false,"_monsterinsights_sitenote_active":false,"_monsterinsights_sitenote_note":"","_monsterinsights_sitenote_category":0,"_uf_show_specific_survey":0,"_uf_disable_surveys":false,"_vp_format_video_url":"","_vp_image_focal_point":[],"_vp_custom_popup_image":0,"_vp_format_audio_url":"","_vp_custom_thumbnail":0,"_vp_custom_thumbnail_focal_point":[],"_vp_hover_thumbnail":0,"_vp_hover_thumbnail_focal_point":[],"footnotes":""},"class_list":["post-6263","page","type-page","status-publish","hentry"],"aioseo_notices":[],"_links":{"self":[{"href":"https:\/\/www.arovite.com\/eu\/wp-json\/wp\/v2\/pages\/6263","targetHints":{"allow":["GET"]}}],"collection":[{"href":"https:\/\/www.arovite.com\/eu\/wp-json\/wp\/v2\/pages"}],"about":[{"href":"https:\/\/www.arovite.com\/eu\/wp-json\/wp\/v2\/types\/page"}],"author":[{"embeddable":true,"href":"https:\/\/www.arovite.com\/eu\/wp-json\/wp\/v2\/users\/2"}],"replies":[{"embeddable":true,"href":"https:\/\/www.arovite.com\/eu\/wp-json\/wp\/v2\/comments?post=6263"}],"version-history":[{"count":1,"href":"https:\/\/www.arovite.com\/eu\/wp-json\/wp\/v2\/pages\/6263\/revisions"}],"predecessor-version":[{"id":6282,"href":"https:\/\/www.arovite.com\/eu\/wp-json\/wp\/v2\/pages\/6263\/revisions\/6282"}],"wp:attachment":[{"href":"https:\/\/www.arovite.com\/eu\/wp-json\/wp\/v2\/media?parent=6263"}],"curies":[{"name":"wp","href":"https:\/\/api.w.org\/{rel}","templated":true}]}}