{"id":6240,"date":"2016-01-20T18:01:13","date_gmt":"2016-01-20T18:01:13","guid":{"rendered":"http:\/\/www.arovite.com\/?page_id=6240"},"modified":"2016-01-20T18:01:13","modified_gmt":"2016-01-20T18:01:13","slug":"granja-jose-luis-de-la-pablo-santiago-de-y-mees-ludger-2011-2","status":"publish","type":"page","link":"https:\/\/www.arovite.com\/eu\/granja-jose-luis-de-la-pablo-santiago-de-y-mees-ludger-2011-2\/","title":{"rendered":"GRANJA, Jos\u00e9 Luis de la, PABLO, Santiago de y MEES, Ludger (2011)"},"content":{"rendered":"<div class=\"wpb-content-wrapper\"><p>[vc_row][vc_column width=&#8221;1\/1&#8243;][vc_column_text][vc_empty_space height=&#8221;20&#8243;]<br \/>\n<strong>Referencia bibliogr\u00e1fica<\/strong><br \/>\nGRANJA, Jos\u00e9 Luis de la, PABLO, Santiago de y MEES, Ludger (2011): \u00abLa cuesti\u00f3n vasca en el hispanismo internacional\u00bb, <em>Historia Contempor\u00e1nea<\/em>, n\u00ba 42, pp. 429-470. <\/p>\n<p><a class=\"button blue  medium \" href=\"http:\/\/revista-hc.com\/includes\/pdf\/pdf42-12.pdf\" target=\"_blank\">Consultar PDF<\/a>[vc_empty_space height=&#8221;10&#8243;]<br \/>\n<strong>Resumen<\/strong><br \/>\nPartiendo de un concepto laxo de hispanismo, este art\u00edculo analiza las numerosas aportaciones que han hecho autores italianos, franceses, alemanes, brit\u00e1nicos, norteamericanos y de otros pa\u00edses al estudio de la cuesti\u00f3n vasca, entendida en sentido amplio, desde la \u00faltima guerra carlista en el siglo XIX hasta la actualidad. Nuestro objeto de estudio es la historiograf\u00eda acad\u00e9mica, relegando la literatura hist\u00f3rica militante; pero tambi\u00e9n incluimos las obras que abordan el caso vasco desde las ciencias sociales, en particular la antropolog\u00eda, la sociolog\u00eda y la ciencia pol\u00edtica. Los estudios de esos autores extranjeros se han centrado sobre todo en la historia del nacionalismo vasco, predominando el tiempo presente y el nacionalismo radical y violento de ETA, que no todos han sido capaces de analizar con la suficiente objetividad. El otro per\u00edodo que ha suscitado mayor inter\u00e9s en ellos ha sido la Guerra Civil, en especial la destrucci\u00f3n de Gernika y su repercusi\u00f3n internacional. En cambio, escasean las obras de s\u00edntesis sobre la historia contempor\u00e1nea de Euskadi escritas por hispanistas o cient\u00edficos sociales extranjeros.<br \/>\n[vc_empty_space height=&#8221;10&#8243;]<br \/>\n<strong>Abstract<\/strong><br \/>\nDeparting from a lax concept of Hispanism, this article analyzes the numerous contributions that Italian, French, German, British, North American, and other authors from various countries have made to the study of the Basque question, understood broadly, from the last Carlist War in the nineteenth century to the present day. Our object of study is academic historiography, setting aside partisan historical literature; but we also include treatises from the social sciences that broach the Basque case, particularly from anthropology, sociology, and political science. Studies by those foreign authors have focused mainly on the history of Basque nationalism, predominantly on the present time and on the violent and radical nationalism of ETA, which not all have been capable of analyzing with sufficient objectivity. The other period that has provoked the most interest among them has been the Civil War, especially the destruction of Gernika and its international repercussions. However, there are few surveys of modern Basque history written by foreign Hispanists or social scientists.<br \/>\n[vc_empty_space height=&#8221;10&#8243;]<br \/>\n<strong>Autor<\/strong><br \/>\nJos\u00e9 Luis de la Granja. <a title=\"Dialnet\" href=\"http:\/\/dialnet.unirioja.es\/servlet\/autor?codigo=153065\" target=\"_blank\">P\u00e1gina del autor en Dialnet.<\/a><br \/>\nSantiago de Pablo. <a title=\"Dialnet\" href=\"http:\/\/dialnet.unirioja.es\/servlet\/autor?codigo=620836\" target=\"_blank\">P\u00e1gina del autor en Dialnet.<\/a><br \/>\nLudger Mees. <a title=\"Dialnet\" href=\"http:\/\/dialnet.unirioja.es\/servlet\/autor?codigo=54950\" target=\"_blank\">P\u00e1gina del autor en Dialnet.<\/a><br \/>\n[vc_empty_space height=&#8221;10&#8243;]<br \/>\n<strong>Tipo de documento<\/strong><br \/>\nArt\u00edculo<br \/>\n[vc_empty_space height=&#8221;10&#8243;]<br \/>\n<a title=\"Enlace alternativo\" href=\"http:\/\/www.ehu.eus\/ojs\/index.php\/HC\/article\/view\/4721\/4507\" target=\"_blank\"><strong>Enlace alternativo.<\/strong><\/a><br \/>\n[vc_empty_space height=&#8221;10&#8243;]<br \/>\n[\/vc_column_text][\/vc_column][\/vc_row]<\/p>\n<\/div>","protected":false},"excerpt":{"rendered":"<p>[vc_row][vc_column width=&#8221;1\/1&#8243;][vc_column_text][vc_empty_space height=&#8221;20&#8243;] Referencia bibliogr\u00e1fica GRANJA, Jos\u00e9 Luis de la, PABLO, Santiago de y MEES, Ludger (2011): \u00abLa cuesti\u00f3n vasca en el hispanismo internacional\u00bb, Historia Contempor\u00e1nea, n\u00ba 42, pp. 429-470.&hellip;<\/p>\n","protected":false},"author":2,"featured_media":0,"parent":0,"menu_order":0,"comment_status":"open","ping_status":"open","template":"","meta":{"om_disable_all_campaigns":false,"_monsterinsights_skip_tracking":false,"_monsterinsights_sitenote_active":false,"_monsterinsights_sitenote_note":"","_monsterinsights_sitenote_category":0,"_uf_show_specific_survey":0,"_uf_disable_surveys":false,"_vp_format_video_url":"","_vp_image_focal_point":[],"_vp_custom_popup_image":0,"_vp_format_audio_url":"","_vp_custom_thumbnail":0,"_vp_custom_thumbnail_focal_point":[],"_vp_hover_thumbnail":0,"_vp_hover_thumbnail_focal_point":[],"footnotes":""},"class_list":["post-6240","page","type-page","status-publish","hentry"],"aioseo_notices":[],"_links":{"self":[{"href":"https:\/\/www.arovite.com\/eu\/wp-json\/wp\/v2\/pages\/6240","targetHints":{"allow":["GET"]}}],"collection":[{"href":"https:\/\/www.arovite.com\/eu\/wp-json\/wp\/v2\/pages"}],"about":[{"href":"https:\/\/www.arovite.com\/eu\/wp-json\/wp\/v2\/types\/page"}],"author":[{"embeddable":true,"href":"https:\/\/www.arovite.com\/eu\/wp-json\/wp\/v2\/users\/2"}],"replies":[{"embeddable":true,"href":"https:\/\/www.arovite.com\/eu\/wp-json\/wp\/v2\/comments?post=6240"}],"version-history":[{"count":1,"href":"https:\/\/www.arovite.com\/eu\/wp-json\/wp\/v2\/pages\/6240\/revisions"}],"predecessor-version":[{"id":6243,"href":"https:\/\/www.arovite.com\/eu\/wp-json\/wp\/v2\/pages\/6240\/revisions\/6243"}],"wp:attachment":[{"href":"https:\/\/www.arovite.com\/eu\/wp-json\/wp\/v2\/media?parent=6240"}],"curies":[{"name":"wp","href":"https:\/\/api.w.org\/{rel}","templated":true}]}}