{"id":6159,"date":"2016-01-20T17:55:35","date_gmt":"2016-01-20T17:55:35","guid":{"rendered":"http:\/\/www.arovite.com\/?page_id=6159"},"modified":"2016-01-20T17:55:35","modified_gmt":"2016-01-20T17:55:35","slug":"fonseca-carlos-coord-2014-2","status":"publish","type":"page","link":"https:\/\/www.arovite.com\/eu\/fonseca-carlos-coord-2014-2\/","title":{"rendered":"FONSECA, Carlos (coord.) (2014)"},"content":{"rendered":"<div class=\"wpb-content-wrapper\"><p>[vc_row][vc_column width=&#8221;1\/1&#8243;][vc_column_text][vc_empty_space height=&#8221;20&#8243;]<br \/>\n<strong>Referencia bibliogr\u00e1fica<\/strong><br \/>\nFONSECA, Carlos (coord.) (2014): <em>Informe sobre la situaci\u00f3n procesal de los atentados perpetrados por organizaciones terroristas con resultado de muerte entre 1960 y 2014. Caso vasco<\/em>. Secretar\u00eda General para la Paz y Convivencia, Gobierno Vasco.<\/p>\n<p><a class=\"button blue  medium \" href=\"http:\/\/www.arovite.com\/documentos\/2014_Fonseca.pdf\" target=\"_blank\">Consultar PDF<\/a>[vc_empty_space height=&#8221;10&#8243;]<br \/>\n<strong>Resumen<\/strong><br \/>\nEl 4 de marzo de 2014 el Gobierno Vasco encarg\u00f3 la elaboraci\u00f3n de un informe sobre atentados terroristas con resultado de muerte no esclarecidos, cometidos entre 1960 y 2014, a un grupo integrado por Jos\u00e9 Antonio Mart\u00edn Pall\u00edn, fiscal y magistrado em\u00e9rito del Tribunal Supremo; Jos\u00e9 Manuel Rodr\u00edguez Uribes, profesor titular de Filosof\u00eda de Derecho en la Universidad Carlos III de Madrid y exdirector general de Apoyo a V\u00edctimas del Terrorismo entre 2005 y 2011; Enara Garro, profesora agregada de Derecho Penal en la Universidad del Pa\u00eds Vasco (UPV), y el periodista Carlos Fonseca como coordinador y redactor del mismo. La encomienda del Gobierno Vasco para la elaboraci\u00f3n del presente documento se inscribe en el marco del compromiso de clarificaci\u00f3n del pasado del Plan de Paz y Convivencia, para el que se elabor\u00f3 el \u201cInforme base de vulneraciones de derechos humanos en el caso vasco (1960-2013)\u201d, que recomendaba la puesta en marcha de mecanismos espec\u00edficos dirigidos a poner luz sobre la situaci\u00f3n de los atentados terroristas no esclarecidos en el caso vasco, incidiendo, particularmente, en que \u201cla violaci\u00f3n del derecho a la vida y su privaci\u00f3n definitiva e injusta, al margen de la autor\u00eda del perpetrador, suponen la vulneraci\u00f3n de derechos humanos que se aloja en la c\u00faspide de la jerarqu\u00eda normativa\u201d y, por tanto, aquella que debe visualizarse y atenderse de modo preferente. Concretamente, el encargo del Gobierno Vasco define dos \u00e1mbitos de an\u00e1lisis: a) Cuantificaci\u00f3n de los atentados mortales perpetrados por organizaciones terroristas no esclarecidos. b) Clasificaci\u00f3n de las diferentes situaciones procesales en que puedan encontrarse estos casos.<br \/>\n[vc_empty_space height=&#8221;10&#8243;]<br \/>\n<strong>Autor<\/strong><br \/>\nCarlos Fonseca<br \/>\n[vc_empty_space height=&#8221;10&#8243;]<br \/>\n<strong>Tipo de documento<\/strong><br \/>\nInforme<br \/>\n[vc_empty_space height=&#8221;10&#8243;]<br \/>\n<a title=\"Enlace alternativo\" href=\"https:\/\/www.euskadi.eus\/contenidos\/informacion\/documentos_paz_convivencia\/es_def\/adjuntos\/Informe_Situacion_procesal_atentados_terroristas.pdf\" target=\"_blank\"><strong>Enlace alternativo.<\/strong><\/a><br \/>\n[vc_empty_space height=&#8221;10&#8243;]<br \/>\n[\/vc_column_text][\/vc_column][\/vc_row]<\/p>\n<\/div>","protected":false},"excerpt":{"rendered":"<p>[vc_row][vc_column width=&#8221;1\/1&#8243;][vc_column_text][vc_empty_space height=&#8221;20&#8243;] Referencia bibliogr\u00e1fica FONSECA, Carlos (coord.) (2014): Informe sobre la situaci\u00f3n procesal de los atentados perpetrados por organizaciones terroristas con resultado de muerte entre 1960 y 2014. Caso&hellip;<\/p>\n","protected":false},"author":2,"featured_media":0,"parent":0,"menu_order":0,"comment_status":"open","ping_status":"open","template":"","meta":{"om_disable_all_campaigns":false,"_monsterinsights_skip_tracking":false,"_monsterinsights_sitenote_active":false,"_monsterinsights_sitenote_note":"","_monsterinsights_sitenote_category":0,"_uf_show_specific_survey":0,"_uf_disable_surveys":false,"_vp_format_video_url":"","_vp_image_focal_point":[],"_vp_custom_popup_image":0,"_vp_format_audio_url":"","_vp_custom_thumbnail":0,"_vp_custom_thumbnail_focal_point":[],"_vp_hover_thumbnail":0,"_vp_hover_thumbnail_focal_point":[],"footnotes":""},"class_list":["post-6159","page","type-page","status-publish","hentry"],"aioseo_notices":[],"_links":{"self":[{"href":"https:\/\/www.arovite.com\/eu\/wp-json\/wp\/v2\/pages\/6159","targetHints":{"allow":["GET"]}}],"collection":[{"href":"https:\/\/www.arovite.com\/eu\/wp-json\/wp\/v2\/pages"}],"about":[{"href":"https:\/\/www.arovite.com\/eu\/wp-json\/wp\/v2\/types\/page"}],"author":[{"embeddable":true,"href":"https:\/\/www.arovite.com\/eu\/wp-json\/wp\/v2\/users\/2"}],"replies":[{"embeddable":true,"href":"https:\/\/www.arovite.com\/eu\/wp-json\/wp\/v2\/comments?post=6159"}],"version-history":[{"count":1,"href":"https:\/\/www.arovite.com\/eu\/wp-json\/wp\/v2\/pages\/6159\/revisions"}],"predecessor-version":[{"id":6192,"href":"https:\/\/www.arovite.com\/eu\/wp-json\/wp\/v2\/pages\/6159\/revisions\/6192"}],"wp:attachment":[{"href":"https:\/\/www.arovite.com\/eu\/wp-json\/wp\/v2\/media?parent=6159"}],"curies":[{"name":"wp","href":"https:\/\/api.w.org\/{rel}","templated":true}]}}