{"id":6113,"date":"2016-01-20T17:42:30","date_gmt":"2016-01-20T17:42:30","guid":{"rendered":"http:\/\/www.arovite.com\/?page_id=6113"},"modified":"2016-01-20T17:42:30","modified_gmt":"2016-01-20T17:42:30","slug":"fernandez-soldevilla-gaizka-lopez-romo-raul-barandiaran-contreras-miren-y-casanellas-pau-2011-3","status":"publish","type":"page","link":"https:\/\/www.arovite.com\/eu\/fernandez-soldevilla-gaizka-lopez-romo-raul-barandiaran-contreras-miren-y-casanellas-pau-2011-3\/","title":{"rendered":"FERN\u00c1NDEZ SOLDEVILLA, Gaizka, L\u00d3PEZ ROMO, Ra\u00fal, BARANDIARAN CONTRERAS, Miren y CASANELLAS, Pau (2011)"},"content":{"rendered":"<div class=\"wpb-content-wrapper\"><p>[vc_row][vc_column width=&#8221;1\/1&#8243;][vc_column_text][vc_empty_space height=&#8221;20&#8243;]<br \/>\n<strong>Referencia bibliogr\u00e1fica<\/strong><br \/>\nFERN\u00c1NDEZ SOLDEVILLA, Gaizka, L\u00d3PEZ ROMO, Ra\u00fal, BARANDIARAN CONTRERAS, Miren y CASANELLAS, Pau (2011): \u00abLa documentaci\u00f3n de (y sobre) ETA\u00bb, <em>Tabula<\/em>, n\u00ba 14, pp. 45-57.<\/p>\n<p><a class=\"button blue  medium \" href=\"https:\/\/www.academia.edu\/6198100\/_con_Gaizka_Fern%C3%A1ndez_Miren_Barandiaran_y_Pau_Casanellas_La_documentaci%C3%B3n_de_y_sobre_ETA_Tabula_no._14_2011_pp._45-57\" target=\"_blank\">Consultar PDF<\/a>[vc_empty_space height=&#8221;10&#8243;]<br \/>\n<strong>Resumen<\/strong><br \/>\nETA es un objeto de estudio que no est\u00e1 agotado, sino que puede (y debe) continuar generando investigaciones hist\u00f3ricas, sociol\u00f3gicas, politol\u00f3gicas&#8230; En este sentido, los archivos aqu\u00ed rese\u00f1ados conservan abundante material todav\u00eda in\u00e9dito. Hay distintas l\u00edneas de trabajo que pueden resultar fruct\u00edferas. He ah\u00ed, entre otras cuestiones relevantes para la Espa\u00f1a actual, las v\u00edctimas del terrorismo o los apoyos sociales a la violencia pol\u00edtica. Si se confirma que el ciclo del terrorismo de ETA ha finalizado, tambi\u00e9n ser\u00e1 el momento de detenerse a abordar las causas pol\u00edticas, sociales y culturales de su pervivencia durante varias d\u00e9cadas y de su (esperamos que) definitiva desaparici\u00f3n.<br \/>\n[vc_empty_space height=&#8221;10&#8243;]<br \/>\n<strong>Autor<\/strong><br \/>\nGaizka Fern\u00e1ndez Soldevilla. <a title=\"Dialnet\" href=\"http:\/\/dialnet.unirioja.es\/servlet\/autor?codigo=2407724\" target=\"_blank\">P\u00e1gina del autor en Dialnet.<\/a><br \/>\nRa\u00fal L\u00f3pez Romo. <a title=\"Dialnet\" href=\"http:\/\/dialnet.unirioja.es\/servlet\/autor?codigo=2165020\" target=\"_blank\">P\u00e1gina del autor en Dialnet.<\/a><br \/>\nMiren Barandiaran. <a title=\"Dialnet\" href=\"http:\/\/dialnet.unirioja.es\/servlet\/autor?codigo=2477121\" target=\"_blank\">P\u00e1gina del autor en Dialnet.<\/a><br \/>\nPau Casanellas. <a title=\"Dialnet\" href=\"http:\/\/dialnet.unirioja.es\/servlet\/autor?codigo=2476395\" target=\"_blank\">P\u00e1gina del autor en Dialnet.<\/a><br \/>\n[vc_empty_space height=&#8221;10&#8243;]<br \/>\n<strong>Tipo de documento<\/strong><br \/>\nArt\u00edculo<br \/>\n[vc_empty_space height=&#8221;10&#8243;]<br \/>\n<a title=\"Enlace alternativo\" href=\"https:\/\/gaizkafernandez.files.wordpress.com\/2013\/01\/la-documentacic3b3n-de-eta.pdf\" target=\"_blank\"><strong>Enlace alternativo.<\/strong><\/a><br \/>\n[vc_empty_space height=&#8221;10&#8243;]<br \/>\n[\/vc_column_text][\/vc_column][\/vc_row]<\/p>\n<\/div>","protected":false},"excerpt":{"rendered":"<p>[vc_row][vc_column width=&#8221;1\/1&#8243;][vc_column_text][vc_empty_space height=&#8221;20&#8243;] Referencia bibliogr\u00e1fica FERN\u00c1NDEZ SOLDEVILLA, Gaizka, L\u00d3PEZ ROMO, Ra\u00fal, BARANDIARAN CONTRERAS, Miren y CASANELLAS, Pau (2011): \u00abLa documentaci\u00f3n de (y sobre) ETA\u00bb, Tabula, n\u00ba 14, pp. 45-57. Consultar&hellip;<\/p>\n","protected":false},"author":2,"featured_media":0,"parent":0,"menu_order":0,"comment_status":"open","ping_status":"open","template":"","meta":{"om_disable_all_campaigns":false,"_monsterinsights_skip_tracking":false,"_monsterinsights_sitenote_active":false,"_monsterinsights_sitenote_note":"","_monsterinsights_sitenote_category":0,"_uf_show_specific_survey":0,"_uf_disable_surveys":false,"_vp_format_video_url":"","_vp_image_focal_point":[],"_vp_custom_popup_image":0,"_vp_format_audio_url":"","_vp_custom_thumbnail":0,"_vp_custom_thumbnail_focal_point":[],"_vp_hover_thumbnail":0,"_vp_hover_thumbnail_focal_point":[],"footnotes":""},"class_list":["post-6113","page","type-page","status-publish","hentry"],"aioseo_notices":[],"_links":{"self":[{"href":"https:\/\/www.arovite.com\/eu\/wp-json\/wp\/v2\/pages\/6113","targetHints":{"allow":["GET"]}}],"collection":[{"href":"https:\/\/www.arovite.com\/eu\/wp-json\/wp\/v2\/pages"}],"about":[{"href":"https:\/\/www.arovite.com\/eu\/wp-json\/wp\/v2\/types\/page"}],"author":[{"embeddable":true,"href":"https:\/\/www.arovite.com\/eu\/wp-json\/wp\/v2\/users\/2"}],"replies":[{"embeddable":true,"href":"https:\/\/www.arovite.com\/eu\/wp-json\/wp\/v2\/comments?post=6113"}],"version-history":[{"count":2,"href":"https:\/\/www.arovite.com\/eu\/wp-json\/wp\/v2\/pages\/6113\/revisions"}],"predecessor-version":[{"id":6157,"href":"https:\/\/www.arovite.com\/eu\/wp-json\/wp\/v2\/pages\/6113\/revisions\/6157"}],"wp:attachment":[{"href":"https:\/\/www.arovite.com\/eu\/wp-json\/wp\/v2\/media?parent=6113"}],"curies":[{"name":"wp","href":"https:\/\/api.w.org\/{rel}","templated":true}]}}