{"id":5984,"date":"2016-01-20T17:12:51","date_gmt":"2016-01-20T17:12:51","guid":{"rendered":"http:\/\/www.arovite.com\/?page_id=5984"},"modified":"2016-01-20T17:12:51","modified_gmt":"2016-01-20T17:12:51","slug":"etxeberria-xabier-2012b-3","status":"publish","type":"page","link":"https:\/\/www.arovite.com\/eu\/etxeberria-xabier-2012b-3\/","title":{"rendered":"ETXEBERRIA, Xabier (2012)b"},"content":{"rendered":"<div class=\"wpb-content-wrapper\"><p>[vc_row][vc_column width=&#8221;1\/1&#8243;][vc_column_text][vc_empty_space height=&#8221;20&#8243;]<br \/>\n<strong>Referencia bibliogr\u00e1fica<\/strong><br \/>\nETXEBERRIA, Xabier (2012): \u00ab\u00c9tica de la memoria y centros de la memoria\u00bb, en ALONSO, Mart\u00edn (coord.): <em>El lugar de la memoria. La huella del mal como pedagog\u00eda democr\u00e1tica<\/em>. Bilbao: Bakeaz, 2012, pp. 31-50.<\/p>\n<p><a class=\"button blue  medium \" href=\"http:\/\/www.arovite.com\/documentos\/2012_Etxeberria.pdf\" target=\"_blank\">Consultar PDF<\/a>[vc_empty_space height=&#8221;10&#8243;]<br \/>\n<strong>Resumen<\/strong><br \/>\nEn esta ponencia se exponen los referentes \u00e9ticos que deben tenerse presentes en la creaci\u00f3n de un Centro de la Memoria. Pero esta tarea no se hace en abstracto, sino teniendo como trasfondo la posibilidad de creaci\u00f3n de un Centro de la Memoria en el Pa\u00eds Vasco. Se aclara, primero, que un Centro de la Memoria tiene que ser expresi\u00f3n del deber p\u00fablico y social correlativo al derecho de las v\u00edctimas a la memoria. Se propone, a continuaci\u00f3n, que est\u00e9 decididamente sustentado en la memoria subjetiva de las v\u00edctimas (huellas ps\u00edquicas), \u00e9ticamente discernida, adem\u00e1s de estarlo en las huellas materiales. Se reclama luego que el Centro, al rememorar, se haga cargo, con rigor, de \u00ablo que pas\u00f3 de verdad\u00bb, acogiendo relatos plurales y constantemente renovados que, inspirados en la justicia, la respeten. Se acaba proponiendo Centros que, con ese arraigo en lo que pas\u00f3, dinamicen socialmente \u00ablo llamado a permanecer\u00bb como algo vivo que se reconfigura constantemente.<br \/>\n[vc_empty_space height=&#8221;10&#8243;]<br \/>\n<strong>Autor<\/strong><br \/>\nXabier Etxeberria. <a title=\"Dialnet\" href=\"http:\/\/dialnet.unirioja.es\/servlet\/autor?codigo=553761\" target=\"_blank\">P\u00e1gina del autor en Dialnet.<\/a><br \/>\n[vc_empty_space height=&#8221;10&#8243;]<br \/>\n<strong>Tipo de documento<\/strong><br \/>\nCap\u00edtulo de libro<br \/>\n[vc_empty_space height=&#8221;10&#8243;]<br \/>\n<a title=\"Enlace alternativo\" href=\"http:\/\/www.bideo.info\/buesa\/imagenes\/seminario_etxeberria.pdf\" target=\"_blank\"><strong>Enlace alternativo.<\/strong><\/a><br \/>\n[vc_empty_space height=&#8221;10&#8243;]<br \/>\n[\/vc_column_text][\/vc_column][\/vc_row]<\/p>\n<\/div>","protected":false},"excerpt":{"rendered":"<p>[vc_row][vc_column width=&#8221;1\/1&#8243;][vc_column_text][vc_empty_space height=&#8221;20&#8243;] Referencia bibliogr\u00e1fica ETXEBERRIA, Xabier (2012): \u00ab\u00c9tica de la memoria y centros de la memoria\u00bb, en ALONSO, Mart\u00edn (coord.): El lugar de la memoria. La huella del mal&hellip;<\/p>\n","protected":false},"author":2,"featured_media":0,"parent":0,"menu_order":0,"comment_status":"open","ping_status":"open","template":"","meta":{"om_disable_all_campaigns":false,"_monsterinsights_skip_tracking":false,"_monsterinsights_sitenote_active":false,"_monsterinsights_sitenote_note":"","_monsterinsights_sitenote_category":0,"_uf_show_specific_survey":0,"_uf_disable_surveys":false,"_vp_format_video_url":"","_vp_image_focal_point":[],"_vp_custom_popup_image":0,"_vp_format_audio_url":"","_vp_custom_thumbnail":0,"_vp_custom_thumbnail_focal_point":[],"_vp_hover_thumbnail":0,"_vp_hover_thumbnail_focal_point":[],"footnotes":""},"class_list":["post-5984","page","type-page","status-publish","hentry"],"aioseo_notices":[],"_links":{"self":[{"href":"https:\/\/www.arovite.com\/eu\/wp-json\/wp\/v2\/pages\/5984","targetHints":{"allow":["GET"]}}],"collection":[{"href":"https:\/\/www.arovite.com\/eu\/wp-json\/wp\/v2\/pages"}],"about":[{"href":"https:\/\/www.arovite.com\/eu\/wp-json\/wp\/v2\/types\/page"}],"author":[{"embeddable":true,"href":"https:\/\/www.arovite.com\/eu\/wp-json\/wp\/v2\/users\/2"}],"replies":[{"embeddable":true,"href":"https:\/\/www.arovite.com\/eu\/wp-json\/wp\/v2\/comments?post=5984"}],"version-history":[{"count":1,"href":"https:\/\/www.arovite.com\/eu\/wp-json\/wp\/v2\/pages\/5984\/revisions"}],"predecessor-version":[{"id":6063,"href":"https:\/\/www.arovite.com\/eu\/wp-json\/wp\/v2\/pages\/5984\/revisions\/6063"}],"wp:attachment":[{"href":"https:\/\/www.arovite.com\/eu\/wp-json\/wp\/v2\/media?parent=5984"}],"curies":[{"name":"wp","href":"https:\/\/api.w.org\/{rel}","templated":true}]}}