{"id":5975,"date":"2016-01-20T17:11:31","date_gmt":"2016-01-20T17:11:31","guid":{"rendered":"http:\/\/www.arovite.com\/?page_id=5975"},"modified":"2016-01-24T17:12:03","modified_gmt":"2016-01-24T17:12:03","slug":"etxeberria-francisco-martin-beristain-carlos-morentin-benito-y-pego-laura-2014-3","status":"publish","type":"page","link":"https:\/\/www.arovite.com\/eu\/etxeberria-francisco-martin-beristain-carlos-morentin-benito-y-pego-laura-2014-3\/","title":{"rendered":"ETXEBERRIA, Francisco, MART\u00cdN-BERISTAIN, Carlos, MORENT\u00cdN, Benito y PEGO, Laura (2014)"},"content":{"rendered":"<div class=\"wpb-content-wrapper\"><p>[vc_row][vc_column width=&#8221;1\/1&#8243;][vc_column_text][vc_empty_space height=&#8221;20&#8243;]<br \/>\n<strong>Referencia bibliogr\u00e1fica<\/strong><br \/>\nETXEBERRIA, Francisco, MART\u00cdN-BERISTAIN, Carlos, MORENT\u00cdN, Benito y PEGO, Laura (2014): <em>Proyecto de investigaci\u00f3n de la tortura en Euskadi entre 1960-2010. Informe preliminar sobre dise\u00f1o y primeros pasos del estudio sobre la tortura<\/em>. Instituto Vasco de Criminolog\u00eda.<\/p>\n<p><a class=\"button blue  medium \" href=\"http:\/\/www.arovite.com\/documentos\/2014_Etxeberria_et_al.pdf\" target=\"_blank\">Consultar PDF<\/a>[vc_empty_space height=&#8221;10&#8243;]<br \/>\n<strong>Resumen<\/strong><br \/>\nEn las \u00faltimas cinco d\u00e9cadas, la tortura y malos tratos han formado parte del escenario de la situaci\u00f3n en el Pa\u00eds Vasco y del debate pol\u00edtico. En el periodo de estudio 1960\/2013 se han dado numerosas denuncias en distintos tipos de casos, especialmente bajo el r\u00e9gimen de incomunicaci\u00f3n en legislaci\u00f3n antiterrorista, as\u00ed como en la \u00faltima d\u00e9cada de personas inmigrantes en dependencias policiales. Las denuncias sobre casos de tortura y malos tratos se han dado en diferentes periodos y con distinta frecuencia, desde los a\u00f1os de la dictadura franquista hasta los distintos periodos de la transici\u00f3n pol\u00edtica e incluso hasta el \u00faltimo tiempo del periodo de investigaci\u00f3n. Sin embargo, la amplitud del fen\u00f3meno ha sido diferente, y la disputa pol\u00edtica no ha permitido verlo como un problema de derechos humanos, centr\u00e1ndose m\u00e1s en el cuestionamiento del Estado o la negaci\u00f3n de los hechos, es decir, en una lucha por la legitimidad, mientras numerosas denuncias se han ido acumulando y las v\u00edctimas no han tenido un reconocimiento.<br \/>\n[vc_empty_space height=&#8221;10&#8243;]<br \/>\n<strong>Autor<\/strong><br \/>\nFrancisco Etxeberria. <a title=\"Dialnet\" href=\"http:\/\/dialnet.unirioja.es\/servlet\/autor?codigo=897521\" target=\"_blank\">P\u00e1gina del autor en Dialnet.<\/a><br \/>\nCarlos Mart\u00edn-Beristain. <a title=\"Dialnet\" href=\"http:\/\/dialnet.unirioja.es\/servlet\/autor?codigo=584074\" target=\"_blank\">P\u00e1gina del autor en Dialnet.<\/a><br \/>\nBenito Morent\u00edn. <a title=\"Dialnet\" href=\"http:\/\/dialnet.unirioja.es\/servlet\/autor?codigo=2133290\" target=\"_blank\">P\u00e1gina del autor en Dialnet.<\/a><br \/>\nLaura Pego. <a title=\"Dialnet\" href=\"http:\/\/dialnet.unirioja.es\/servlet\/autor?codigo=3146282\" target=\"_blank\">P\u00e1gina del autor en Dialnet.<\/a><br \/>\n[vc_empty_space height=&#8221;10&#8243;]<br \/>\n<strong>Tipo de documento<\/strong><br \/>\nInforme<br \/>\n[vc_empty_space height=&#8221;10&#8243;]<br \/>\n<a title=\"Enlace alternativo\" href=\"http:\/\/www.parlamento.euskadi.net\/irud\/10\/00\/026964.pdf?\" target=\"_blank\"><strong>Enlace alternativo.<\/strong><\/a><br \/>\n[vc_empty_space height=&#8221;10&#8243;][\/vc_column_text][\/vc_column][\/vc_row]<\/p>\n<\/div>","protected":false},"excerpt":{"rendered":"<p>[vc_row][vc_column width=&#8221;1\/1&#8243;][vc_column_text][vc_empty_space height=&#8221;20&#8243;] Referencia bibliogr\u00e1fica ETXEBERRIA, Francisco, MART\u00cdN-BERISTAIN, Carlos, MORENT\u00cdN, Benito y PEGO, Laura (2014): Proyecto de investigaci\u00f3n de la tortura en Euskadi entre 1960-2010. Informe preliminar sobre dise\u00f1o y&hellip;<\/p>\n","protected":false},"author":2,"featured_media":0,"parent":0,"menu_order":0,"comment_status":"open","ping_status":"open","template":"","meta":{"om_disable_all_campaigns":false,"_monsterinsights_skip_tracking":false,"_monsterinsights_sitenote_active":false,"_monsterinsights_sitenote_note":"","_monsterinsights_sitenote_category":0,"_uf_show_specific_survey":0,"_uf_disable_surveys":false,"_vp_format_video_url":"","_vp_image_focal_point":[],"_vp_custom_popup_image":0,"_vp_format_audio_url":"","_vp_custom_thumbnail":0,"_vp_custom_thumbnail_focal_point":[],"_vp_hover_thumbnail":0,"_vp_hover_thumbnail_focal_point":[],"footnotes":""},"class_list":["post-5975","page","type-page","status-publish","hentry"],"aioseo_notices":[],"_links":{"self":[{"href":"https:\/\/www.arovite.com\/eu\/wp-json\/wp\/v2\/pages\/5975","targetHints":{"allow":["GET"]}}],"collection":[{"href":"https:\/\/www.arovite.com\/eu\/wp-json\/wp\/v2\/pages"}],"about":[{"href":"https:\/\/www.arovite.com\/eu\/wp-json\/wp\/v2\/types\/page"}],"author":[{"embeddable":true,"href":"https:\/\/www.arovite.com\/eu\/wp-json\/wp\/v2\/users\/2"}],"replies":[{"embeddable":true,"href":"https:\/\/www.arovite.com\/eu\/wp-json\/wp\/v2\/comments?post=5975"}],"version-history":[{"count":2,"href":"https:\/\/www.arovite.com\/eu\/wp-json\/wp\/v2\/pages\/5975\/revisions"}],"predecessor-version":[{"id":6501,"href":"https:\/\/www.arovite.com\/eu\/wp-json\/wp\/v2\/pages\/5975\/revisions\/6501"}],"wp:attachment":[{"href":"https:\/\/www.arovite.com\/eu\/wp-json\/wp\/v2\/media?parent=5975"}],"curies":[{"name":"wp","href":"https:\/\/api.w.org\/{rel}","templated":true}]}}