{"id":5958,"date":"2016-01-20T16:50:30","date_gmt":"2016-01-20T16:50:30","guid":{"rendered":"http:\/\/www.arovite.com\/?page_id=5958"},"modified":"2016-01-20T16:50:30","modified_gmt":"2016-01-20T16:50:30","slug":"dupla-antonio-2009-3","status":"publish","type":"page","link":"https:\/\/www.arovite.com\/eu\/dupla-antonio-2009-3\/","title":{"rendered":"DUPL\u00c1, Antonio (2009)"},"content":{"rendered":"<div class=\"wpb-content-wrapper\"><p>[vc_row][vc_column width=&#8221;1\/1&#8243;][vc_column_text][vc_empty_space height=&#8221;20&#8243;]<br \/>\n<strong>Referencia bibliogr\u00e1fica<\/strong><br \/>\nDUPL\u00c1, Antonio (2009): \u00abTerrorismo en Euskadi: legitimaci\u00f3n de la violencia, ideolog\u00eda y mitolog\u00eda\u00bb, en MARKEZ, I\u00f1aki, FERN\u00c1NDEZ, Alberto y P\u00c9REZ-SALES, Pau (coords.): <em>Violencia y salud mental: salud mental y violencias institucional, estructural, social y colectiva<\/em>. Madrid: Asociaci\u00f3n Espa\u00f1ola de Neuropsiquiatr\u00eda, pp. 327-341.<\/p>\n<p><a class=\"button blue  medium \" href=\"http:\/\/documentacion.aen.es\/pdf\/libros-aen\/coleccion-estudios\/violencia-y-salud-mental\/parte6-violencia-del-presente-y-su-presente-terrorismo-en-el-estado-espanol\/327-terrorismo-en-euskadi.pdf\" target=\"_blank\">Consultar PDF<\/a>[vc_empty_space height=&#8221;10&#8243;]<br \/>\n<strong>Resumen<\/strong><br \/>\nEl texto que sigue se refiere fundamentalmente al terrorismo de ETA, el \u00fanico existente hoy d\u00eda en Euskadi, que cuenta con un apoyo social y una legitimaci\u00f3n notables en la sociedad vasca. El terrorismo del GAL, BVE y de otros grupos, dirigido o amparado desde los aparatos de Estado, afortunadamente desapareci\u00f3 hace tiempo y est\u00e1 hoy absolutamente deslegitimado. Vale en todo caso como argumento justificatorio (totalmente fuera de lugar a estas alturas) por parte de ETA y sus entornos. \u00c9sta es otra raz\u00f3n que subraya la gravedad y la responsabilidad, insuficientemente aclarada, de quienes en su d\u00eda tomaron la decisi\u00f3n de poner en marcha aquel aut\u00e9ntico terrorismo de Estado, totalmente ilegal e ileg\u00edtimo. Precisamente frente a los GAL y similares, cabe destacar el comportamiento escrupulosamente c\u00edvico, pac\u00edfico, y nada vengativo de la inmensa mayor\u00eda de las v\u00edctimas de ETA y sus familiares.<br \/>\n[vc_empty_space height=&#8221;10&#8243;]<br \/>\n<strong>Autor<\/strong><br \/>\nAntonio Dupl\u00e1. <a title=\"Dialnet\" href=\"http:\/\/dialnet.unirioja.es\/servlet\/autor?codigo=93383\" target=\"_blank\">P\u00e1gina del autor en Dialnet.<\/a><br \/>\n[vc_empty_space height=&#8221;10&#8243;]<br \/>\n<strong>Tipo de documento<\/strong><br \/>\nCap\u00edtulo de libro<br \/>\n[vc_empty_space height=&#8221;10&#8243;]<br \/>\n<a title=\"Enlace alternativo\" href=\"http:\/\/www.difusor.org\/wp-content\/uploads\/2009\/06\/violencia-y-salud-mental.pdf\" target=\"_blank\"><strong>Enlace alternativo.<\/strong><\/a><br \/>\n[vc_empty_space height=&#8221;10&#8243;][\/vc_column_text][\/vc_column][\/vc_row]<\/p>\n<\/div>","protected":false},"excerpt":{"rendered":"<p>[vc_row][vc_column width=&#8221;1\/1&#8243;][vc_column_text][vc_empty_space height=&#8221;20&#8243;] Referencia bibliogr\u00e1fica DUPL\u00c1, Antonio (2009): \u00abTerrorismo en Euskadi: legitimaci\u00f3n de la violencia, ideolog\u00eda y mitolog\u00eda\u00bb, en MARKEZ, I\u00f1aki, FERN\u00c1NDEZ, Alberto y P\u00c9REZ-SALES, Pau (coords.): Violencia y salud&hellip;<\/p>\n","protected":false},"author":2,"featured_media":0,"parent":0,"menu_order":0,"comment_status":"open","ping_status":"open","template":"","meta":{"om_disable_all_campaigns":false,"_monsterinsights_skip_tracking":false,"_monsterinsights_sitenote_active":false,"_monsterinsights_sitenote_note":"","_monsterinsights_sitenote_category":0,"_uf_show_specific_survey":0,"_uf_disable_surveys":false,"_vp_format_video_url":"","_vp_image_focal_point":[],"_vp_custom_popup_image":0,"_vp_format_audio_url":"","_vp_custom_thumbnail":0,"_vp_custom_thumbnail_focal_point":[],"_vp_hover_thumbnail":0,"_vp_hover_thumbnail_focal_point":[],"footnotes":""},"class_list":["post-5958","page","type-page","status-publish","hentry"],"aioseo_notices":[],"_links":{"self":[{"href":"https:\/\/www.arovite.com\/eu\/wp-json\/wp\/v2\/pages\/5958","targetHints":{"allow":["GET"]}}],"collection":[{"href":"https:\/\/www.arovite.com\/eu\/wp-json\/wp\/v2\/pages"}],"about":[{"href":"https:\/\/www.arovite.com\/eu\/wp-json\/wp\/v2\/types\/page"}],"author":[{"embeddable":true,"href":"https:\/\/www.arovite.com\/eu\/wp-json\/wp\/v2\/users\/2"}],"replies":[{"embeddable":true,"href":"https:\/\/www.arovite.com\/eu\/wp-json\/wp\/v2\/comments?post=5958"}],"version-history":[{"count":1,"href":"https:\/\/www.arovite.com\/eu\/wp-json\/wp\/v2\/pages\/5958\/revisions"}],"predecessor-version":[{"id":6039,"href":"https:\/\/www.arovite.com\/eu\/wp-json\/wp\/v2\/pages\/5958\/revisions\/6039"}],"wp:attachment":[{"href":"https:\/\/www.arovite.com\/eu\/wp-json\/wp\/v2\/media?parent=5958"}],"curies":[{"name":"wp","href":"https:\/\/api.w.org\/{rel}","templated":true}]}}