{"id":5948,"date":"2016-01-20T16:46:39","date_gmt":"2016-01-20T16:46:39","guid":{"rendered":"http:\/\/www.arovite.com\/?page_id=5948"},"modified":"2016-01-20T16:46:39","modified_gmt":"2016-01-20T16:46:39","slug":"dominguez-florencio-2011-3","status":"publish","type":"page","link":"https:\/\/www.arovite.com\/eu\/dominguez-florencio-2011-3\/","title":{"rendered":"DOM\u00cdNGUEZ Florencio (2011)"},"content":{"rendered":"<div class=\"wpb-content-wrapper\"><p>[vc_row][vc_column width=&#8221;1\/1&#8243;][vc_column_text][vc_empty_space height=&#8221;20&#8243;]<br \/>\n<strong>Referencia bibliogr\u00e1fica<\/strong><br \/>\nDOM\u00cdNGUEZ Florencio (2011): \u00abVenezuela, el \u00faltimo refugio de ETA\u00bb, <em>Cuadernos de Pensamiento Pol\u00edtico FAES<\/em>, n\u00ba 30, pp. 31-40.<\/p>\n<p><a class=\"button blue  medium \" href=\"http:\/\/www.fundacionfaes.org\/file_upload\/publication\/pdf\/20130423220840venezuela-el-ultimo-refugio-de-eta.pdf\" target=\"_blank\">Consultar PDF<\/a>[vc_empty_space height=&#8221;10&#8243;]<br \/>\n<strong>Resumen<\/strong><br \/>\nLa presencia de ETA en Venezuela es tan vieja como la propia banda terrorista. Nada menos que en 1959 se constituy\u00f3 en el pa\u00eds sudamericano una c\u00e9lula de ETA. Apenas hab\u00edan transcurrido unos meses desde que, en diciembre de 1958, un grupo de j\u00f3venes que se hab\u00edan ido alejando del PNV decidieran crear la organizaci\u00f3n Euskadi Ta Askatasuna en una reuni\u00f3n celebrada en un bar del barrio donostiarra de Gros.<br \/>\n[vc_empty_space height=&#8221;10&#8243;]<br \/>\n<strong>Autor<\/strong><br \/>\nFlorencio Dom\u00ednguez Iribarren. <a title=\"Dialnet\" href=\"http:\/\/dialnet.unirioja.es\/servlet\/autor?codigo=1111029\" target=\"_blank\">P\u00e1gina del autor en Dialnet.<\/a><br \/>\n[vc_empty_space height=&#8221;10&#8243;]<br \/>\n<strong>Tipo de documento<\/strong><br \/>\nArt\u00edculo<br \/>\n[vc_empty_space height=&#8221;10&#8243;]<br \/>\n<a title=\"Enlace alternativo\" href=\"http:\/\/dialnet.unirioja.es\/servlet\/articulo?codigo=3614704\" target=\"_blank\"><strong>Enlace alternativo.<\/strong><\/a><br \/>\n[vc_empty_space height=&#8221;10&#8243;][\/vc_column_text][\/vc_column][\/vc_row]<\/p>\n<\/div>","protected":false},"excerpt":{"rendered":"<p>[vc_row][vc_column width=&#8221;1\/1&#8243;][vc_column_text][vc_empty_space height=&#8221;20&#8243;] Referencia bibliogr\u00e1fica DOM\u00cdNGUEZ Florencio (2011): \u00abVenezuela, el \u00faltimo refugio de ETA\u00bb, Cuadernos de Pensamiento Pol\u00edtico FAES, n\u00ba 30, pp. 31-40. Consultar PDF[vc_empty_space height=&#8221;10&#8243;] Resumen La presencia de&hellip;<\/p>\n","protected":false},"author":2,"featured_media":0,"parent":0,"menu_order":0,"comment_status":"open","ping_status":"open","template":"","meta":{"om_disable_all_campaigns":false,"_monsterinsights_skip_tracking":false,"_monsterinsights_sitenote_active":false,"_monsterinsights_sitenote_note":"","_monsterinsights_sitenote_category":0,"_uf_show_specific_survey":0,"_uf_disable_surveys":false,"_vp_format_video_url":"","_vp_image_focal_point":[],"_vp_custom_popup_image":0,"_vp_format_audio_url":"","_vp_custom_thumbnail":0,"_vp_custom_thumbnail_focal_point":[],"_vp_hover_thumbnail":0,"_vp_hover_thumbnail_focal_point":[],"footnotes":""},"class_list":["post-5948","page","type-page","status-publish","hentry"],"aioseo_notices":[],"_links":{"self":[{"href":"https:\/\/www.arovite.com\/eu\/wp-json\/wp\/v2\/pages\/5948","targetHints":{"allow":["GET"]}}],"collection":[{"href":"https:\/\/www.arovite.com\/eu\/wp-json\/wp\/v2\/pages"}],"about":[{"href":"https:\/\/www.arovite.com\/eu\/wp-json\/wp\/v2\/types\/page"}],"author":[{"embeddable":true,"href":"https:\/\/www.arovite.com\/eu\/wp-json\/wp\/v2\/users\/2"}],"replies":[{"embeddable":true,"href":"https:\/\/www.arovite.com\/eu\/wp-json\/wp\/v2\/comments?post=5948"}],"version-history":[{"count":1,"href":"https:\/\/www.arovite.com\/eu\/wp-json\/wp\/v2\/pages\/5948\/revisions"}],"predecessor-version":[{"id":6021,"href":"https:\/\/www.arovite.com\/eu\/wp-json\/wp\/v2\/pages\/5948\/revisions\/6021"}],"wp:attachment":[{"href":"https:\/\/www.arovite.com\/eu\/wp-json\/wp\/v2\/media?parent=5948"}],"curies":[{"name":"wp","href":"https:\/\/api.w.org\/{rel}","templated":true}]}}