{"id":5945,"date":"2016-01-20T16:45:41","date_gmt":"2016-01-20T16:45:41","guid":{"rendered":"http:\/\/www.arovite.com\/?page_id=5945"},"modified":"2016-01-20T16:45:41","modified_gmt":"2016-01-20T16:45:41","slug":"direccion-de-atencion-a-las-victimas-del-terrorismo-2008-2","status":"publish","type":"page","link":"https:\/\/www.arovite.com\/eu\/direccion-de-atencion-a-las-victimas-del-terrorismo-2008-2\/","title":{"rendered":"DIRECCI\u00d3N DE ATENCI\u00d3N A LAS V\u00cdCTIMAS DEL TERRORISMO (2008)"},"content":{"rendered":"<div class=\"wpb-content-wrapper\"><p>[vc_row][vc_column width=&#8221;1\/1&#8243;][vc_column_text][vc_empty_space height=&#8221;20&#8243;]<br \/>\n<strong>Referencia bibliogr\u00e1fica<\/strong><br \/>\nDIRECCI\u00d3N DE ATENCI\u00d3N A LAS V\u00cdCTIMAS DEL TERRORISMO (2008): <em>Informe sobre v\u00edctimas del terrorismo practicado por grupos incontrolados, de extrema derecha y el GAL<\/em>. Departamento de Interior, Gobierno Vasco.<\/p>\n<p><a class=\"button blue  medium \" href=\"http:\/\/www.arovite.com\/documentos\/2008_Informe_sobre_victimas.pdf\" target=\"_blank\">Consultar PDF<\/a>[vc_empty_space height=&#8221;10&#8243;]<br \/>\n<strong>Resumen<\/strong><br \/>\nEl pleno del Parlamento vasco celebrado el d\u00eda 5 de octubre de 2007, con car\u00e1cter monogr\u00e1fico sobre V\u00edctimas del Terrorismo, aprob\u00f3 un conjunto de resoluciones justamente referidas a las v\u00edctimas del terrorismo, entre las cuales la n\u00famero 21 rezaba como sigue: 1.- Elaboraci\u00f3n por parte de la Direcci\u00f3n de Atenci\u00f3n a V\u00edctimas del Terrorismo de un informe exhaustivo y riguroso sobre la realidad de las v\u00edctimas del terrorismo practicado por los grupos incontrolados, de extrema derecha y el GAL, con atenci\u00f3n especial a la identificaci\u00f3n de las v\u00edctimas y estudios del grado de reconocimiento de los derechos reconocidos en la legislaci\u00f3n vigente. 2.- Elaboraci\u00f3n por parte de la Direcci\u00f3n de Derechos Humanos de un informe exhaustivo y riguroso sobre la realidad de otras v\u00edctimas de vulneraciones de derechos humanos derivadas de la violencia de motivaci\u00f3n pol\u00edtica, con atenci\u00f3n especial a la identificaci\u00f3n de las v\u00edctimas y estudio de las medidas necesarias que den respuesta a su reconocimiento moral y reparaci\u00f3n. 3.- El primero de los informes aludidos deber\u00e1 ser presentado por el Gobierno ante la Ponencia de V\u00edctimas del Terrorismo antes del 31 de marzo de 2008. 4.- El segundo de los informes aludidos deber\u00e1 ser presentado ante la Comisi\u00f3n de Derechos Humanos antes del 30 de junio de 2008.<br \/>\n[vc_empty_space height=&#8221;10&#8243;]<br \/>\n<strong>Tipo de documento<\/strong><br \/>\nInforme<br \/>\n[vc_empty_space height=&#8221;10&#8243;]<br \/>\n<a title=\"Enlace alternativo\" href=\"http:\/\/www.interior.ejgv.euskadi.eus\/r42-440\/es\/contenidos\/informacion\/informacion_documentos_interes\/es_document\/adjuntos\/informe%20final.pdf\" target=\"_blank\"><strong>Enlace alternativo.<\/strong><\/a><br \/>\n[vc_empty_space height=&#8221;10&#8243;][\/vc_column_text][\/vc_column][\/vc_row]<\/p>\n<\/div>","protected":false},"excerpt":{"rendered":"<p>[vc_row][vc_column width=&#8221;1\/1&#8243;][vc_column_text][vc_empty_space height=&#8221;20&#8243;] Referencia bibliogr\u00e1fica DIRECCI\u00d3N DE ATENCI\u00d3N A LAS V\u00cdCTIMAS DEL TERRORISMO (2008): Informe sobre v\u00edctimas del terrorismo practicado por grupos incontrolados, de extrema derecha y el GAL. Departamento&hellip;<\/p>\n","protected":false},"author":2,"featured_media":0,"parent":0,"menu_order":0,"comment_status":"open","ping_status":"open","template":"","meta":{"om_disable_all_campaigns":false,"_monsterinsights_skip_tracking":false,"_monsterinsights_sitenote_active":false,"_monsterinsights_sitenote_note":"","_monsterinsights_sitenote_category":0,"_uf_show_specific_survey":0,"_uf_disable_surveys":false,"_vp_format_video_url":"","_vp_image_focal_point":[],"_vp_custom_popup_image":0,"_vp_format_audio_url":"","_vp_custom_thumbnail":0,"_vp_custom_thumbnail_focal_point":[],"_vp_hover_thumbnail":0,"_vp_hover_thumbnail_focal_point":[],"footnotes":""},"class_list":["post-5945","page","type-page","status-publish","hentry"],"aioseo_notices":[],"_links":{"self":[{"href":"https:\/\/www.arovite.com\/eu\/wp-json\/wp\/v2\/pages\/5945","targetHints":{"allow":["GET"]}}],"collection":[{"href":"https:\/\/www.arovite.com\/eu\/wp-json\/wp\/v2\/pages"}],"about":[{"href":"https:\/\/www.arovite.com\/eu\/wp-json\/wp\/v2\/types\/page"}],"author":[{"embeddable":true,"href":"https:\/\/www.arovite.com\/eu\/wp-json\/wp\/v2\/users\/2"}],"replies":[{"embeddable":true,"href":"https:\/\/www.arovite.com\/eu\/wp-json\/wp\/v2\/comments?post=5945"}],"version-history":[{"count":1,"href":"https:\/\/www.arovite.com\/eu\/wp-json\/wp\/v2\/pages\/5945\/revisions"}],"predecessor-version":[{"id":6015,"href":"https:\/\/www.arovite.com\/eu\/wp-json\/wp\/v2\/pages\/5945\/revisions\/6015"}],"wp:attachment":[{"href":"https:\/\/www.arovite.com\/eu\/wp-json\/wp\/v2\/media?parent=5945"}],"curies":[{"name":"wp","href":"https:\/\/api.w.org\/{rel}","templated":true}]}}