{"id":5910,"date":"2016-01-20T16:20:21","date_gmt":"2016-01-20T16:20:21","guid":{"rendered":"http:\/\/www.arovite.com\/?page_id=5910"},"modified":"2016-01-20T16:20:21","modified_gmt":"2016-01-20T16:20:21","slug":"diaz-bada-teresa-2013-3","status":"publish","type":"page","link":"https:\/\/www.arovite.com\/eu\/diaz-bada-teresa-2013-3\/","title":{"rendered":"D\u00cdAZ BADA, Teresa (2013)"},"content":{"rendered":"<div class=\"wpb-content-wrapper\"><p>[vc_row][vc_column width=&#8221;1\/1&#8243;][vc_column_text][vc_empty_space height=&#8221;20&#8243;]<br \/>\n<strong>Referencia bibliogr\u00e1fica<\/strong><br \/>\nD\u00cdAZ BADA, Teresa (2013): \u00abGarant\u00edas de acceso a la justicia para las v\u00edctimas desde la perspectiva de la justicia restaurativa, la justicia procedimental y la justicia terap\u00e9utica\u00bb, <em>Eguzkilore<\/em>, n\u00ba 27, pp. 73-79.<\/p>\n<p><a class=\"button blue  medium \" href=\"http:\/\/www.ehu.eus\/documents\/1736829\/3202683\/06-Diaz+Bada.pdf\" target=\"_blank\">Consultar PDF<\/a>[vc_empty_space height=&#8221;10&#8243;]<br \/>\n<strong>Resumen<\/strong><br \/>\nLas v\u00edctimas debemos insistir en que jam\u00e1s podremos hablar de paz definitiva en el Pa\u00eds Vasco si, previamente, los terroristas no han cumplido \u00edntegramente sus penas; si las instituciones no se ponen manos a la obra para poner fi n a los m\u00e1s de 300 cr\u00edmenes terroristas que a\u00fan siguen sin resolverse; si nadie reconoce que la democracia ha salido victoriosa y que el terror y sus representantes han sido derrotados; y si, por encima de todo, no se asume colectivamente que quienes fuimos v\u00edctimas y perseguidos del totalitarismo nacional-terrorista tenemos todo el derecho del mundo a intentar impedir que nuestros hijos vayan a ser ma\u00f1ana las futuras v\u00edctimas de una paz tan falsa como moralmente indecente.<br \/>\n[vc_empty_space height=&#8221;10&#8243;]<br \/>\n<strong>Laburpena<\/strong><br \/>\nBiktimok azpimarratu behar dugu inoiz ez dugula behin betiko bakeaz hitz egin Euskal Herrian, aldez aurretik terroristek ez badituzte zigorrak osorik betetzen; erakundeak ez badira lanean hasten oraindik ebatzi gabe dauden 300 krimen terrorista baino gehiago amaitzeko; inork ez badu aitortzen demokrazia gailendu dela eta izua eta izuaren ordezkariak galdu egin dutela, eta, batez ere, kolektiboki onartzen ez bada totalitarismo nazional-terroristaren biktimak izan ginenok eta hark zapaldu gintuenok eskubide osoa dugula gure seme-alabak biharko bake faltsu eta moralki lotsagarri bateko etorkizuneko biktimak izatea saiheste ahalegintzeko.<br \/>\n[vc_empty_space height=&#8221;10&#8243;]<br \/>\n<strong>Abstract<\/strong><br \/>\nThe victims have to insist on the fact that we will never be able to talk of final peace in the Basque Country unless terrorists previously serve their full sentence; if institutions do not work to bring to an end more than 300 terrorist crimes still unsolved; if nobody recognizes that democracy has emerged victoriously and that terror and its representatives have been defeated; and above all, if it is not collectively admitted that we, as victims of persecution by the national-terrorist totalitarianism, have all the rights to prevent our children from being potential victims of a false and indecent peace.<br \/>\n[vc_empty_space height=&#8221;10&#8243;]<br \/>\n<strong>Autor<\/strong><br \/>\nTeresa D\u00edaz Bada. <a title=\"Dialnet\" href=\"http:\/\/dialnet.unirioja.es\/servlet\/autor?codigo=3136898\" target=\"_blank\">P\u00e1gina del autor en Dialnet.<\/a><br \/>\n[vc_empty_space height=&#8221;10&#8243;]<br \/>\n<strong>Tipo de documento<\/strong><br \/>\nArt\u00edculo<br \/>\n[vc_empty_space height=&#8221;10&#8243;]<br \/>\n<a title=\"Enlace alternativo\" href=\"http:\/\/dialnet.unirioja.es\/servlet\/articulo?codigo=4598863\" target=\"_blank\"><strong>Enlace alternativo.<\/strong><\/a><br \/>\n[vc_empty_space height=&#8221;10&#8243;][\/vc_column_text][\/vc_column][\/vc_row]<\/p>\n<\/div>","protected":false},"excerpt":{"rendered":"<p>[vc_row][vc_column width=&#8221;1\/1&#8243;][vc_column_text][vc_empty_space height=&#8221;20&#8243;] Referencia bibliogr\u00e1fica D\u00cdAZ BADA, Teresa (2013): \u00abGarant\u00edas de acceso a la justicia para las v\u00edctimas desde la perspectiva de la justicia restaurativa, la justicia procedimental y la&hellip;<\/p>\n","protected":false},"author":2,"featured_media":0,"parent":0,"menu_order":0,"comment_status":"open","ping_status":"open","template":"","meta":{"om_disable_all_campaigns":false,"_monsterinsights_skip_tracking":false,"_monsterinsights_sitenote_active":false,"_monsterinsights_sitenote_note":"","_monsterinsights_sitenote_category":0,"_uf_show_specific_survey":0,"_uf_disable_surveys":false,"_vp_format_video_url":"","_vp_image_focal_point":[],"_vp_custom_popup_image":0,"_vp_format_audio_url":"","_vp_custom_thumbnail":0,"_vp_custom_thumbnail_focal_point":[],"_vp_hover_thumbnail":0,"_vp_hover_thumbnail_focal_point":[],"footnotes":""},"class_list":["post-5910","page","type-page","status-publish","hentry"],"aioseo_notices":[],"_links":{"self":[{"href":"https:\/\/www.arovite.com\/eu\/wp-json\/wp\/v2\/pages\/5910","targetHints":{"allow":["GET"]}}],"collection":[{"href":"https:\/\/www.arovite.com\/eu\/wp-json\/wp\/v2\/pages"}],"about":[{"href":"https:\/\/www.arovite.com\/eu\/wp-json\/wp\/v2\/types\/page"}],"author":[{"embeddable":true,"href":"https:\/\/www.arovite.com\/eu\/wp-json\/wp\/v2\/users\/2"}],"replies":[{"embeddable":true,"href":"https:\/\/www.arovite.com\/eu\/wp-json\/wp\/v2\/comments?post=5910"}],"version-history":[{"count":1,"href":"https:\/\/www.arovite.com\/eu\/wp-json\/wp\/v2\/pages\/5910\/revisions"}],"predecessor-version":[{"id":5936,"href":"https:\/\/www.arovite.com\/eu\/wp-json\/wp\/v2\/pages\/5910\/revisions\/5936"}],"wp:attachment":[{"href":"https:\/\/www.arovite.com\/eu\/wp-json\/wp\/v2\/media?parent=5910"}],"curies":[{"name":"wp","href":"https:\/\/api.w.org\/{rel}","templated":true}]}}