{"id":5794,"date":"2016-01-20T11:42:48","date_gmt":"2016-01-20T11:42:48","guid":{"rendered":"http:\/\/www.arovite.com\/?page_id=5794"},"modified":"2016-01-20T11:42:48","modified_gmt":"2016-01-20T11:42:48","slug":"caminos-jose-maria-armentia-jose-ignacio-y-marin-maria-flora-2013-5","status":"publish","type":"page","link":"https:\/\/www.arovite.com\/eu\/caminos-jose-maria-armentia-jose-ignacio-y-marin-maria-flora-2013-5\/","title":{"rendered":"CAMINOS, Jos\u00e9 Mar\u00eda, ARMENTIA, Jos\u00e9 Ignacio y MAR\u00cdN, Mar\u00eda Flora (2013)"},"content":{"rendered":"<div class=\"wpb-content-wrapper\"><p>[vc_row][vc_column width=&#8221;1\/1&#8243;][vc_column_text][vc_empty_space height=&#8221;20&#8243;]<br \/>\n<strong>Referencia bibliogr\u00e1fica<\/strong><br \/>\nCAMINOS, Jos\u00e9 Mar\u00eda, ARMENTIA, Jos\u00e9 Ignacio y MAR\u00cdN, Mar\u00eda Flora (2013): \u00abTerrorism in the Basque Press (1990, 2000, 2008-2009). Analysis of Newspaper Editorials about ETA\u2019s Fatal Attacks\u00bb, <em>Revista Latina de Comunicaci\u00f3n Social<\/em>, n\u00ba 68.<\/p>\n<p><a class=\"button blue  medium \" href=\"http:\/\/www.revistalatinacs.org\/068\/paper\/967_Bilbao\/RLCS_paper967en.pdf\" target=\"_blank\">Consultar PDF<\/a>[vc_empty_space height=&#8221;10&#8243;]<br \/>\n<strong>Abstract<\/strong><br \/>\nThis article presents an analysis of the editorials published by the Basque press in 1990, 2000, 2008 and 2009, when ETA carried out fatal attacks. The objective is to examine the treatment given by the different Basque newspapers to terrorism in their most important opinion texts, which reflect their ideology. The initial hypothesis is that the editorial line used by the Basque press to address ETA\u201fs attacks has changed remarkably during the analysed years, going from the virtual absence of editorials to the use of editorials as active instruments in the fight against violence. By 2009, the Basque press had finally defined its strategy to combat ETA\u2019s terrorism, and this was perfectly reflected in their editorials.<br \/>\n[vc_empty_space height=&#8221;10&#8243;]<br \/>\n<strong>Autor<\/strong><br \/>\nJos\u00e9 Mar\u00eda Caminos. <a title=\"Dialnet\" href=\"http:\/\/dialnet.unirioja.es\/servlet\/autor?codigo=339862\" target=\"_blank\">P\u00e1gina del autor en Dialnet.<\/a><br \/>\nJos\u00e9 Ignacio Armentia. <a title=\"Dialnet\" href=\"http:\/\/dialnet.unirioja.es\/servlet\/autor?codigo=124578\" target=\"_blank\">P\u00e1gina del autor en Dialnet.<\/a><br \/>\nMar\u00eda Flora Mar\u00edn. <a title=\"Dialnet\" href=\"http:\/\/dialnet.unirioja.es\/servlet\/autor?codigo=339863\" target=\"_blank\">P\u00e1gina del autor en Dialnet.<\/a><br \/>\n[vc_empty_space height=&#8221;10&#8243;]<br \/>\n<strong>Tipo de documento<\/strong><br \/>\nArt\u00edculo<br \/>\n[vc_empty_space height=&#8221;10&#8243;]<br \/>\n[\/vc_column_text][\/vc_column][\/vc_row]<\/p>\n<\/div>","protected":false},"excerpt":{"rendered":"<p>[vc_row][vc_column width=&#8221;1\/1&#8243;][vc_column_text][vc_empty_space height=&#8221;20&#8243;] Referencia bibliogr\u00e1fica CAMINOS, Jos\u00e9 Mar\u00eda, ARMENTIA, Jos\u00e9 Ignacio y MAR\u00cdN, Mar\u00eda Flora (2013): \u00abTerrorism in the Basque Press (1990, 2000, 2008-2009). Analysis of Newspaper Editorials about ETA\u2019s&hellip;<\/p>\n","protected":false},"author":2,"featured_media":0,"parent":0,"menu_order":0,"comment_status":"open","ping_status":"open","template":"","meta":{"om_disable_all_campaigns":false,"_monsterinsights_skip_tracking":false,"_monsterinsights_sitenote_active":false,"_monsterinsights_sitenote_note":"","_monsterinsights_sitenote_category":0,"_uf_show_specific_survey":0,"_uf_disable_surveys":false,"_vp_format_video_url":"","_vp_image_focal_point":[],"_vp_custom_popup_image":0,"_vp_format_audio_url":"","_vp_custom_thumbnail":0,"_vp_custom_thumbnail_focal_point":[],"_vp_hover_thumbnail":0,"_vp_hover_thumbnail_focal_point":[],"footnotes":""},"class_list":["post-5794","page","type-page","status-publish","hentry"],"aioseo_notices":[],"_links":{"self":[{"href":"https:\/\/www.arovite.com\/eu\/wp-json\/wp\/v2\/pages\/5794","targetHints":{"allow":["GET"]}}],"collection":[{"href":"https:\/\/www.arovite.com\/eu\/wp-json\/wp\/v2\/pages"}],"about":[{"href":"https:\/\/www.arovite.com\/eu\/wp-json\/wp\/v2\/types\/page"}],"author":[{"embeddable":true,"href":"https:\/\/www.arovite.com\/eu\/wp-json\/wp\/v2\/users\/2"}],"replies":[{"embeddable":true,"href":"https:\/\/www.arovite.com\/eu\/wp-json\/wp\/v2\/comments?post=5794"}],"version-history":[{"count":2,"href":"https:\/\/www.arovite.com\/eu\/wp-json\/wp\/v2\/pages\/5794\/revisions"}],"predecessor-version":[{"id":6599,"href":"https:\/\/www.arovite.com\/eu\/wp-json\/wp\/v2\/pages\/5794\/revisions\/6599"}],"wp:attachment":[{"href":"https:\/\/www.arovite.com\/eu\/wp-json\/wp\/v2\/media?parent=5794"}],"curies":[{"name":"wp","href":"https:\/\/api.w.org\/{rel}","templated":true}]}}