{"id":5780,"date":"2016-01-20T12:10:44","date_gmt":"2016-01-20T12:10:44","guid":{"rendered":"http:\/\/www.arovite.com\/?page_id=5780"},"modified":"2016-01-24T15:23:04","modified_gmt":"2016-01-24T15:23:04","slug":"calle-luis-de-la-2005-2","status":"publish","type":"page","link":"https:\/\/www.arovite.com\/eu\/calle-luis-de-la-2005-2\/","title":{"rendered":"CALLE, Luis de la (2005)"},"content":{"rendered":"<div class=\"wpb-content-wrapper\"><p>[vc_row][vc_column width=&#8221;1\/1&#8243;][vc_column_text][vc_empty_space height=&#8221;20&#8243;]<br \/>\n<strong>Referencia bibliogr\u00e1fica<\/strong><br \/>\nCALLE, Luis de la (2005): \u00abCuando la proximidad deja de ser importante: modelos espaciales y voto en la pol\u00edtica vasca. 1994-2001\u00bb, <em>Revista Espa\u00f1ola de Ciencia Pol\u00edtica<\/em>, n\u00ba 12, pp. 21-52. <\/p>\n<p><a class=\"button blue  medium \" href=\"http:\/\/recyt.fecyt.es\/index.php\/recp\/article\/view\/37398\/20915\" target=\"_blank\">Consultar PDF<\/a>[vc_empty_space height=&#8221;10&#8243;]<br \/>\n<strong>Resumen<\/strong><br \/>\nLos modelos espaciales del voto han sido exitosamente aplicados para explicar el comportamiento electoral de los votantes. A partir de la autoubicaci\u00f3n de los electores en una (o m\u00e1s) dimensiones de competici\u00f3n pol\u00edtica (generalmente, la ideolog\u00eda), as\u00ed como de la ubicaci\u00f3n de los partidos en las mismas, estos modelos permiten predecir con cierta regularidad el resultado de las elecciones. Ahora bien, en algunas ocasiones la elegancia y parsimonia de los modelos casa mal con la complejidad de los fen\u00f3menos a explicar. As\u00ed, el consistente hallazgo emp\u00edrico de que la ideolog\u00eda pesa m\u00e1s que el nacionalismo para los votantes de comunidades aut\u00f3nomas con partidos nacionalistas fuertes parece chocar con la creciente polarizaci\u00f3n existente alrededor de la dimensi\u00f3n nacionalista en la pol\u00edtica vasca. Lo que en este trabajo se plantea es sondear esta \u00faltima hip\u00f3tesis <em>(que la polarizaci\u00f3n nacionalista yace en la base de los cambios electorales de los \u00faltimos diez a\u00f1os en la pol\u00edtica vasca)<\/em> con la intenci\u00f3n de encontrar explicaciones m\u00e1s coherentes con lo acontecido.<br \/>\n[vc_empty_space height=&#8221;10&#8243;]<br \/>\n<strong>Autor<\/strong><br \/>\nLuis de la Calle. <a title=\"Dialnet\" href=\"http:\/\/dialnet.unirioja.es\/servlet\/autor?codigo=329499\" target=\"_blank\">P\u00e1gina del autor en Dialnet.<\/a><br \/>\n[vc_empty_space height=&#8221;10&#8243;]<br \/>\n<strong>Tipo de documento<\/strong><br \/>\nArt\u00edculo<br \/>\n[vc_empty_space height=&#8221;10&#8243;]<br \/>\n[\/vc_column_text][\/vc_column][\/vc_row]<\/p>\n<\/div>","protected":false},"excerpt":{"rendered":"<p>[vc_row][vc_column width=&#8221;1\/1&#8243;][vc_column_text][vc_empty_space height=&#8221;20&#8243;] Referencia bibliogr\u00e1fica CALLE, Luis de la (2005): \u00abCuando la proximidad deja de ser importante: modelos espaciales y voto en la pol\u00edtica vasca. 1994-2001\u00bb, Revista Espa\u00f1ola de Ciencia&hellip;<\/p>\n","protected":false},"author":2,"featured_media":0,"parent":0,"menu_order":0,"comment_status":"open","ping_status":"open","template":"","meta":{"om_disable_all_campaigns":false,"_monsterinsights_skip_tracking":false,"_monsterinsights_sitenote_active":false,"_monsterinsights_sitenote_note":"","_monsterinsights_sitenote_category":0,"_uf_show_specific_survey":0,"_uf_disable_surveys":false,"_vp_format_video_url":"","_vp_image_focal_point":[],"_vp_custom_popup_image":0,"_vp_format_audio_url":"","_vp_custom_thumbnail":0,"_vp_custom_thumbnail_focal_point":[],"_vp_hover_thumbnail":0,"_vp_hover_thumbnail_focal_point":[],"footnotes":""},"class_list":["post-5780","page","type-page","status-publish","hentry"],"aioseo_notices":[],"_links":{"self":[{"href":"https:\/\/www.arovite.com\/eu\/wp-json\/wp\/v2\/pages\/5780","targetHints":{"allow":["GET"]}}],"collection":[{"href":"https:\/\/www.arovite.com\/eu\/wp-json\/wp\/v2\/pages"}],"about":[{"href":"https:\/\/www.arovite.com\/eu\/wp-json\/wp\/v2\/types\/page"}],"author":[{"embeddable":true,"href":"https:\/\/www.arovite.com\/eu\/wp-json\/wp\/v2\/users\/2"}],"replies":[{"embeddable":true,"href":"https:\/\/www.arovite.com\/eu\/wp-json\/wp\/v2\/comments?post=5780"}],"version-history":[{"count":2,"href":"https:\/\/www.arovite.com\/eu\/wp-json\/wp\/v2\/pages\/5780\/revisions"}],"predecessor-version":[{"id":6474,"href":"https:\/\/www.arovite.com\/eu\/wp-json\/wp\/v2\/pages\/5780\/revisions\/6474"}],"wp:attachment":[{"href":"https:\/\/www.arovite.com\/eu\/wp-json\/wp\/v2\/media?parent=5780"}],"curies":[{"name":"wp","href":"https:\/\/api.w.org\/{rel}","templated":true}]}}