{"id":5095,"date":"2015-12-02T22:18:44","date_gmt":"2015-12-02T22:18:44","guid":{"rendered":"http:\/\/www.arovite.com\/landa-jon-mirena-2010-2\/"},"modified":"2015-12-02T22:18:44","modified_gmt":"2015-12-02T22:18:44","slug":"landa-jon-mirena-2010","status":"publish","type":"page","link":"https:\/\/www.arovite.com\/eu\/landa-jon-mirena-2010\/","title":{"rendered":"LANDA, Jon Mirena (2010)"},"content":{"rendered":"<div class=\"wpb-content-wrapper\"><p>[vc_row][vc_column width=&#8221;1\/1&#8243;][vc_column_text][vc_empty_space height=&#8221;20&#8243;]<br \/>\n<strong>Referencia bibliogr\u00e1fica<\/strong><br \/>\nLANDA, Jon Mirena (2010): \u00abLa sombra de los cr\u00edmenes contra la humanidad en la pol\u00edtica antiterrorista espa\u00f1ola: reflexiones cr\u00edticas\u00bb, <em>Revista Electr\u00f3nica de Ciencia Penal y Criminolog\u00eda<\/em>, n\u00ba 12.<\/p>\n<p><a class=\"button blue  medium \" href=\"http:\/\/criminet.ugr.es\/recpc\/12\/recpc12-10.pdf\" target=\"_blank\">Consultar PDF<\/a>[vc_empty_space height=&#8221;10&#8243;]<br \/>\n<strong>Resumen<\/strong><br \/>\nEn la pol\u00edtica antiterrorista espa\u00f1ola hay una tendencia emergente a identificar el terrorismo con las violaciones graves y sistem\u00e1ticas de derechos humanos, en particular, con el crimen contra la humanidad. Dicha tendencia, sin embargo, carece de puntos de apoyo solventes a la luz del estado actual de evoluci\u00f3n del Derecho penal internacional. A describir y argumentar esta tesis central se dirige esta contribuci\u00f3n para lo que tras una aproximaci\u00f3n a la definici\u00f3n y tipolog\u00eda del terrorismo, y despu\u00e9s de presentar las posibles interferencias y diferencias entre el terrorismo y el crimen de lesa humanidad en el plano del Derecho penal internacional, se pasa a caracterizar cr\u00edticamente la infiltraci\u00f3n de ese paralelismo en la pol\u00edtica antiterrorista (y de v\u00edctimas) del Estado espa\u00f1ol. Caracterizaci\u00f3n que advierte de los riesgos de que una tal identificaci\u00f3n contribuya a acentuar a\u00fan m\u00e1s el perfil de derecho penal del enemigo en materia antiterrorista, sirva de coartada al Estado frente a su sus obligaciones internacionales en materia de derechos humanos o pueda desenfocar las pol\u00edticas de v\u00edctimas, memoria o reconciliaci\u00f3n en el Pa\u00eds Vasco o Espa\u00f1a.<br \/>\n[vc_empty_space height=&#8221;10&#8243;]<br \/>\n<strong>Autor<\/strong><br \/>\nJon Mirena Landa. <a title=\"Dialnet\" href=\"http:\/\/dialnet.unirioja.es\/servlet\/autor?codigo=267428\" target=\"_blank\">P\u00e1gina del autor en Dialnet.<\/a><br \/>\n[vc_empty_space height=&#8221;10&#8243;]<br \/>\n<strong>Tipo de documento<\/strong><br \/>\nArt\u00edculo<br \/>\n[vc_empty_space height=&#8221;10&#8243;]<br \/>\n<a title=\"Enlace alternativo\" href=\"http:\/\/dialnet.unirioja.es\/servlet\/articulo?codigo=3671643\" target=\"_blank\"><strong>Enlace alternativo.<\/strong><\/a><br \/>\n[\/vc_column_text][\/vc_column][\/vc_row]<\/p>\n<\/div>","protected":false},"excerpt":{"rendered":"<p>[vc_row][vc_column width=&#8221;1\/1&#8243;][vc_column_text][vc_empty_space height=&#8221;20&#8243;] Referencia bibliogr\u00e1fica LANDA, Jon Mirena (2010): \u00abLa sombra de los cr\u00edmenes contra la humanidad en la pol\u00edtica antiterrorista espa\u00f1ola: reflexiones cr\u00edticas\u00bb, Revista Electr\u00f3nica de Ciencia Penal y&hellip;<\/p>\n","protected":false},"author":1,"featured_media":0,"parent":0,"menu_order":0,"comment_status":"open","ping_status":"open","template":"","meta":{"om_disable_all_campaigns":false,"_monsterinsights_skip_tracking":false,"_monsterinsights_sitenote_active":false,"_monsterinsights_sitenote_note":"","_monsterinsights_sitenote_category":0,"_uf_show_specific_survey":0,"_uf_disable_surveys":false,"_vp_format_video_url":"","_vp_image_focal_point":[],"_vp_custom_popup_image":0,"_vp_format_audio_url":"","_vp_custom_thumbnail":0,"_vp_custom_thumbnail_focal_point":[],"_vp_hover_thumbnail":0,"_vp_hover_thumbnail_focal_point":[],"footnotes":""},"class_list":["post-5095","page","type-page","status-publish","hentry"],"aioseo_notices":[],"_links":{"self":[{"href":"https:\/\/www.arovite.com\/eu\/wp-json\/wp\/v2\/pages\/5095","targetHints":{"allow":["GET"]}}],"collection":[{"href":"https:\/\/www.arovite.com\/eu\/wp-json\/wp\/v2\/pages"}],"about":[{"href":"https:\/\/www.arovite.com\/eu\/wp-json\/wp\/v2\/types\/page"}],"author":[{"embeddable":true,"href":"https:\/\/www.arovite.com\/eu\/wp-json\/wp\/v2\/users\/1"}],"replies":[{"embeddable":true,"href":"https:\/\/www.arovite.com\/eu\/wp-json\/wp\/v2\/comments?post=5095"}],"version-history":[{"count":0,"href":"https:\/\/www.arovite.com\/eu\/wp-json\/wp\/v2\/pages\/5095\/revisions"}],"wp:attachment":[{"href":"https:\/\/www.arovite.com\/eu\/wp-json\/wp\/v2\/media?parent=5095"}],"curies":[{"name":"wp","href":"https:\/\/api.w.org\/{rel}","templated":true}]}}