{"id":5044,"date":"2015-12-02T21:34:55","date_gmt":"2015-12-02T21:34:55","guid":{"rendered":"http:\/\/www.arovite.com\/parlamento-de-navarra-2010-2\/"},"modified":"2015-12-30T12:37:16","modified_gmt":"2015-12-30T12:37:16","slug":"parlamento-de-navarra-2010","status":"publish","type":"page","link":"https:\/\/www.arovite.com\/eu\/parlamento-de-navarra-2010\/","title":{"rendered":"Parlamento de Navarra (2010)"},"content":{"rendered":"<div class=\"wpb-content-wrapper\"><p>[vc_row][vc_column width=&#8221;1\/1&#8243;][vc_column_text][vc_empty_space height=&#8221;20&#8243;]<br \/>\n<strong>Referencia bibliogr\u00e1fica<\/strong><br \/>\nParlamento de Navarra (2010): Ley foral 9\/2010, de 28 de abril, de ayuda a las v\u00edctimas del terrorismo.<\/p>\n<p><a class=\"button blue  medium \" href=\"http:\/\/www.arovite.com\/documentos\/2010_Ley_Navarra.pdf\" target=\"_blank\">Consultar PDF<\/a>[vc_empty_space height=&#8221;10&#8243;]<br \/>\n<strong>Resumen<\/strong><br \/>\nEl terrorismo constituye hoy en d\u00eda una de las mayores lacras que han de padecer los ciudadanos por el inmenso dolor que origina a las v\u00edctimas y a sus familiares; un dolor que es compartido por la propia sociedad y ante el que no cabe sino la solidaridad y el reconocimiento; un dolor que se manifiesta a trav\u00e9s de los asesinatos pero tambi\u00e9n a trav\u00e9s de las amenazas, los secuestros, las extorsiones o los chantajes; herramientas a trav\u00e9s de las cuales, los fan\u00e1ticos act\u00faan con la vana ilusi\u00f3n de poder conseguir as\u00ed sus objetivos. Afortunadamente, la inmensa mayor\u00eda de la sociedad condena tajantemente los actos terroristas y, por ello mismo, no est\u00e1 de m\u00e1s, y as\u00ed lo considera el grupo proponente, que, desde las instituciones que representan a esa misma sociedad y en concreto desde el Parlamento de Navarra, se articulen herramientas que sirvan no solo para combatir el terrorismo, sino tambi\u00e9n para resarcir a las v\u00edctimas de tan brutales actos. En este sentido consideramos oportuno, en aras de que el resarcimiento sea completo, articular los mecanismos legales que impidan, adem\u00e1s, que los asesinos terroristas y el entorno que se regocija con sus actuaciones y que ampara y parapeta al terrorismo como herramienta v\u00e1lida a trav\u00e9s de la cual conseguir postulados pol\u00edticos, puedan seguir actuando de esa forma, enalteciendo el terrorismo y mancillando a las v\u00edctimas.<br \/>\n[vc_empty_space height=&#8221;10&#8243;]<br \/>\n<strong>Tipo de documento<\/strong><br \/>\nLey<br \/>\n[vc_empty_space height=&#8221;10&#8243;]<br \/>\n<a title=\"Enlace alternativo\" href=\"http:\/\/www.lexnavarra.navarra.es\/detalle.asp?r=29976\" target=\"_blank\"><strong>Enlace alternativo.<\/strong><\/a><br \/>\n[\/vc_column_text][\/vc_column][\/vc_row]<\/p>\n<\/div>","protected":false},"excerpt":{"rendered":"<p>[vc_row][vc_column width=&#8221;1\/1&#8243;][vc_column_text][vc_empty_space height=&#8221;20&#8243;] Referencia bibliogr\u00e1fica Parlamento de Navarra (2010): Ley foral 9\/2010, de 28 de abril, de ayuda a las v\u00edctimas del terrorismo. Consultar PDF[vc_empty_space height=&#8221;10&#8243;] Resumen El terrorismo constituye&hellip;<\/p>\n","protected":false},"author":1,"featured_media":0,"parent":0,"menu_order":0,"comment_status":"open","ping_status":"open","template":"","meta":{"om_disable_all_campaigns":false,"_monsterinsights_skip_tracking":false,"_monsterinsights_sitenote_active":false,"_monsterinsights_sitenote_note":"","_monsterinsights_sitenote_category":0,"_uf_show_specific_survey":0,"_uf_disable_surveys":false,"_vp_format_video_url":"","_vp_image_focal_point":[],"_vp_custom_popup_image":0,"_vp_format_audio_url":"","_vp_custom_thumbnail":0,"_vp_custom_thumbnail_focal_point":[],"_vp_hover_thumbnail":0,"_vp_hover_thumbnail_focal_point":[],"footnotes":""},"class_list":["post-5044","page","type-page","status-publish","hentry"],"aioseo_notices":[],"_links":{"self":[{"href":"https:\/\/www.arovite.com\/eu\/wp-json\/wp\/v2\/pages\/5044","targetHints":{"allow":["GET"]}}],"collection":[{"href":"https:\/\/www.arovite.com\/eu\/wp-json\/wp\/v2\/pages"}],"about":[{"href":"https:\/\/www.arovite.com\/eu\/wp-json\/wp\/v2\/types\/page"}],"author":[{"embeddable":true,"href":"https:\/\/www.arovite.com\/eu\/wp-json\/wp\/v2\/users\/1"}],"replies":[{"embeddable":true,"href":"https:\/\/www.arovite.com\/eu\/wp-json\/wp\/v2\/comments?post=5044"}],"version-history":[{"count":1,"href":"https:\/\/www.arovite.com\/eu\/wp-json\/wp\/v2\/pages\/5044\/revisions"}],"predecessor-version":[{"id":5439,"href":"https:\/\/www.arovite.com\/eu\/wp-json\/wp\/v2\/pages\/5044\/revisions\/5439"}],"wp:attachment":[{"href":"https:\/\/www.arovite.com\/eu\/wp-json\/wp\/v2\/media?parent=5044"}],"curies":[{"name":"wp","href":"https:\/\/api.w.org\/{rel}","templated":true}]}}