{"id":4979,"date":"2015-12-02T13:45:53","date_gmt":"2015-12-02T13:45:53","guid":{"rendered":"http:\/\/www.arovite.com\/letamendia-francisco-1998-2\/"},"modified":"2015-12-02T13:47:40","modified_gmt":"2015-12-02T13:47:40","slug":"letamendia-francisco-1998","status":"publish","type":"page","link":"https:\/\/www.arovite.com\/eu\/letamendia-francisco-1998\/","title":{"rendered":"LETAMENDIA Francisco (1998)"},"content":{"rendered":"<div class=\"wpb-content-wrapper\"><p>[vc_row][vc_column width=&#8221;1\/1&#8243;][vc_column_text][vc_empty_space height=&#8221;20&#8243;]<br \/>\n<strong>Referencia bibliogr\u00e1fica<\/strong><br \/>\nLETAMENDIA Francisco (1998): \u00abSobre un cambio de escenario de las violencias vascas: las movilizaciones juveniles\u00bb, <em>Vasconia<\/em>, n\u00ba 26, pp. 277-284.<\/p>\n<p><a class=\"button blue  medium \" href=\"https:\/\/www.eusko-ikaskuntza.org\/es\/publicaciones\/colecciones\/cuadernos\/articulo.php?o=9276\" target=\"_blank\">Consultar PDF<\/a>[vc_empty_space height=&#8221;10&#8243;]<br \/>\n<strong>Resumen<\/strong><br \/>\nEl trabajo describe las fases previas de la estrategia negociadora de ETA que desembocan en la teor\u00eda de la &#8220;acumulaci\u00f3n de fuerzas&#8221; de los a\u00f1os 1986-88. Explica las movilizaciones juveniles violentas del \u00e1mbito del MLNV no s\u00f3lo como un elemento de la citada estrategia -y como una causa de su fracaso tras las conversaciones de Argel de 1989-, sino tambi\u00e9n como un proceso aut\u00f3nomo cuya l\u00f3gica interna deriva de la no receptividad a las demandas de ese sector social.<br \/>\n[vc_empty_space height=&#8221;10&#8243;]<br \/>\n<strong>Laburpena<\/strong><br \/>\nLan honek, 1986-88 urteetako &#8220;indarren elkarketa&#8221; teoria eragiten duen ETAren estrategia negoziatzailearen aurreko faseak deskribatzen ditu. ENAM-en inguruko gazte mugimendu biolentoak, estrategia horren elementu bezala ezezik -eta 1989ko Argeleko elkarrizketen ondoren bere porrotaren kausa bezala-, giza sectore honen eskakizunak kontuan ez hartzearen ondorioz sortzen den barne logikak eregiten duen prozesu autonomo bezala azaltzen du.<br \/>\n[vc_empty_space height=&#8221;10&#8243;]<br \/>\n<strong>Autor<\/strong><br \/>\nFrancisco Letamendia. <a title=\"Dialnet\" href=\"http:\/\/dialnet.unirioja.es\/servlet\/autor?codigo=510257\" target=\"_blank\">P\u00e1gina del autor en Dialnet.<\/a><br \/>\n[vc_empty_space height=&#8221;10&#8243;]<br \/>\n<strong>Tipo de documento<\/strong><br \/>\nArt\u00edculo<br \/>\n[vc_empty_space height=&#8221;10&#8243;]<br \/>\n<a title=\"Enlace alternativo\" href=\"http:\/\/dialnet.unirioja.es\/servlet\/articulo?codigo=4761307\" target=\"_blank\"><strong>Enlace alternativo.<\/strong><\/a><br \/>\n[\/vc_column_text][\/vc_column][\/vc_row]<\/p>\n<\/div>","protected":false},"excerpt":{"rendered":"<p>[vc_row][vc_column width=&#8221;1\/1&#8243;][vc_column_text][vc_empty_space height=&#8221;20&#8243;] Referencia bibliogr\u00e1fica LETAMENDIA Francisco (1998): \u00abSobre un cambio de escenario de las violencias vascas: las movilizaciones juveniles\u00bb, Vasconia, n\u00ba 26, pp. 277-284. Consultar PDF[vc_empty_space height=&#8221;10&#8243;] Resumen El&hellip;<\/p>\n","protected":false},"author":1,"featured_media":0,"parent":0,"menu_order":0,"comment_status":"open","ping_status":"open","template":"","meta":{"om_disable_all_campaigns":false,"_monsterinsights_skip_tracking":false,"_monsterinsights_sitenote_active":false,"_monsterinsights_sitenote_note":"","_monsterinsights_sitenote_category":0,"_uf_show_specific_survey":0,"_uf_disable_surveys":false,"_vp_format_video_url":"","_vp_image_focal_point":[],"_vp_custom_popup_image":0,"_vp_format_audio_url":"","_vp_custom_thumbnail":0,"_vp_custom_thumbnail_focal_point":[],"_vp_hover_thumbnail":0,"_vp_hover_thumbnail_focal_point":[],"footnotes":""},"class_list":["post-4979","page","type-page","status-publish","hentry"],"aioseo_notices":[],"_links":{"self":[{"href":"https:\/\/www.arovite.com\/eu\/wp-json\/wp\/v2\/pages\/4979","targetHints":{"allow":["GET"]}}],"collection":[{"href":"https:\/\/www.arovite.com\/eu\/wp-json\/wp\/v2\/pages"}],"about":[{"href":"https:\/\/www.arovite.com\/eu\/wp-json\/wp\/v2\/types\/page"}],"author":[{"embeddable":true,"href":"https:\/\/www.arovite.com\/eu\/wp-json\/wp\/v2\/users\/1"}],"replies":[{"embeddable":true,"href":"https:\/\/www.arovite.com\/eu\/wp-json\/wp\/v2\/comments?post=4979"}],"version-history":[{"count":1,"href":"https:\/\/www.arovite.com\/eu\/wp-json\/wp\/v2\/pages\/4979\/revisions"}],"predecessor-version":[{"id":4982,"href":"https:\/\/www.arovite.com\/eu\/wp-json\/wp\/v2\/pages\/4979\/revisions\/4982"}],"wp:attachment":[{"href":"https:\/\/www.arovite.com\/eu\/wp-json\/wp\/v2\/media?parent=4979"}],"curies":[{"name":"wp","href":"https:\/\/api.w.org\/{rel}","templated":true}]}}