{"id":4958,"date":"2015-12-02T13:25:12","date_gmt":"2015-12-02T13:25:12","guid":{"rendered":"http:\/\/www.arovite.com\/llera-francisco-j-1999-2\/"},"modified":"2015-12-02T13:25:12","modified_gmt":"2015-12-02T13:25:12","slug":"llera-francisco-j-1999","status":"publish","type":"page","link":"https:\/\/www.arovite.com\/eu\/llera-francisco-j-1999\/","title":{"rendered":"LLERA, Francisco J. (1999)"},"content":{"rendered":"<div class=\"wpb-content-wrapper\"><p>[vc_row][vc_column width=&#8221;1\/1&#8243;][vc_column_text][vc_empty_space height=&#8221;20&#8243;]<br \/>\n<strong>Referencia bibliogr\u00e1fica<\/strong><br \/>\nLLERA, Francisco J. (1999): \u00abPluralismo y gobernabilidad en Euskadi\u00bb, Institut de Ci\u00e8ncies Pol\u00edtiques i Socials, Universitat Aut\u00f2noma de Barcelona. Working paper n\u00ba 162.<\/p>\n<p><a class=\"button blue  medium \" href=\"http:\/\/www.icps.cat\/archivos\/WorkingPapers\/WP_I_162.pdf?noga=1\" target=\"_blank\">Consultar PDF<\/a>[vc_empty_space height=&#8221;10&#8243;]<br \/>\n<strong>Resumen<\/strong><br \/>\nLas elecciones auton\u00f3micas vascas han sido fundamentales para la legitimaci\u00f3n del proceso auton\u00f3mico vasco y la construcci\u00f3n y arraigo de las instituciones del autogobierno vasco. Pero, al mismo tiempo, la legitimaci\u00f3n de la autonom\u00eda vasca ha de verse tambi\u00e9n como clave para la consolidaci\u00f3n de la democracia en Espa\u00f1a. De este modo, autonom\u00eda vasca y democracia espa\u00f1ola comparten los mismos requisitos del sistema pol\u00edtico y definen un esquema de gobernabilidad con implicaciones rec\u00edprocas.<br \/>\n[vc_empty_space height=&#8221;10&#8243;]<br \/>\n<strong>Autor<\/strong><br \/>\nFrancisco J. Llera. <a title=\"Dialnet\" href=\"http:\/\/dialnet.unirioja.es\/servlet\/autor?codigo=55650\" target=\"_blank\">P\u00e1gina del autor en Dialnet.<\/a><br \/>\n[vc_empty_space height=&#8221;10&#8243;]<br \/>\n<strong>Tipo de documento<\/strong><br \/>\nWorking paper<br \/>\n[vc_empty_space height=&#8221;10&#8243;]<br \/>\n[\/vc_column_text][\/vc_column][\/vc_row]<\/p>\n<\/div>","protected":false},"excerpt":{"rendered":"<p>[vc_row][vc_column width=&#8221;1\/1&#8243;][vc_column_text][vc_empty_space height=&#8221;20&#8243;] Referencia bibliogr\u00e1fica LLERA, Francisco J. (1999): \u00abPluralismo y gobernabilidad en Euskadi\u00bb, Institut de Ci\u00e8ncies Pol\u00edtiques i Socials, Universitat Aut\u00f2noma de Barcelona. Working paper n\u00ba 162. Consultar PDF[vc_empty_space&hellip;<\/p>\n","protected":false},"author":1,"featured_media":0,"parent":0,"menu_order":0,"comment_status":"open","ping_status":"open","template":"","meta":{"om_disable_all_campaigns":false,"_monsterinsights_skip_tracking":false,"_monsterinsights_sitenote_active":false,"_monsterinsights_sitenote_note":"","_monsterinsights_sitenote_category":0,"_uf_show_specific_survey":0,"_uf_disable_surveys":false,"_vp_format_video_url":"","_vp_image_focal_point":[],"_vp_custom_popup_image":0,"_vp_format_audio_url":"","_vp_custom_thumbnail":0,"_vp_custom_thumbnail_focal_point":[],"_vp_hover_thumbnail":0,"_vp_hover_thumbnail_focal_point":[],"footnotes":""},"class_list":["post-4958","page","type-page","status-publish","hentry"],"aioseo_notices":[],"_links":{"self":[{"href":"https:\/\/www.arovite.com\/eu\/wp-json\/wp\/v2\/pages\/4958","targetHints":{"allow":["GET"]}}],"collection":[{"href":"https:\/\/www.arovite.com\/eu\/wp-json\/wp\/v2\/pages"}],"about":[{"href":"https:\/\/www.arovite.com\/eu\/wp-json\/wp\/v2\/types\/page"}],"author":[{"embeddable":true,"href":"https:\/\/www.arovite.com\/eu\/wp-json\/wp\/v2\/users\/1"}],"replies":[{"embeddable":true,"href":"https:\/\/www.arovite.com\/eu\/wp-json\/wp\/v2\/comments?post=4958"}],"version-history":[{"count":0,"href":"https:\/\/www.arovite.com\/eu\/wp-json\/wp\/v2\/pages\/4958\/revisions"}],"wp:attachment":[{"href":"https:\/\/www.arovite.com\/eu\/wp-json\/wp\/v2\/media?parent=4958"}],"curies":[{"name":"wp","href":"https:\/\/api.w.org\/{rel}","templated":true}]}}