{"id":4946,"date":"2015-12-02T13:13:54","date_gmt":"2015-12-02T13:13:54","guid":{"rendered":"http:\/\/www.arovite.com\/llera-francisco-j-1984-2\/"},"modified":"2015-12-02T13:13:54","modified_gmt":"2015-12-02T13:13:54","slug":"llera-francisco-j-1984","status":"publish","type":"page","link":"https:\/\/www.arovite.com\/eu\/llera-francisco-j-1984\/","title":{"rendered":"LLERA, Francisco J. (1984)"},"content":{"rendered":"<div class=\"wpb-content-wrapper\"><p>[vc_row][vc_column width=&#8221;1\/1&#8243;][vc_column_text][vc_empty_space height=&#8221;20&#8243;]<br \/>\n<strong>Referencia bibliogr\u00e1fica<\/strong><br \/>\nLLERA, Francisco J. (1984): \u00abEl sistema de partidos vasco: distancia ideol\u00f3gica y legitimaci\u00f3n pol\u00edtica\u00bb, <em>REIS: Revista Espa\u00f1ola de Investigaciones Sociol\u00f3gicas<\/em>, n\u00ba 28, pp. 171-206.<\/p>\n<p><a class=\"button blue  medium \" href=\"http:\/\/www.ehu.eus\/documents\/1457190\/1764019\/Llera+-+1984+-+sistema+de+partidos.pdf\" target=\"_blank\">Consultar PDF<\/a>[vc_empty_space height=&#8221;10&#8243;]<br \/>\n<strong>Resumen<\/strong><br \/>\nSiguen siendo v\u00e1lidas las principales hip\u00f3tesis que hace cuatro a\u00f1os tornaba como punto de partida para caracterizar la evoluci\u00f3n del comportamiento electoral y la estructura del sistema de partidos de la Comunidad Aut\u00f3noma del Pa\u00eds Vasco (CAPV): En primer lugar, la creciente segregaci\u00f3n del sistema de partidos vasco respecto del estatal. En segundo lugar, el avance continuo de las opciones nacionalistas, tanto por la desmovilizaci\u00f3n electoral de un importante contingente humano, como por el desarraigo de las opciones estatales. En tercer lugar, el sistema de partidos resultante se puede caracterizar como de pluralismo polarizado con un predominio institucional variable del nacionalismo moderado o centrista y con un profundo distanciamiento ideol\u00f3gico.<br \/>\n[vc_empty_space height=&#8221;10&#8243;]<br \/>\nFrancisco J. Llera. <a title=\"Dialnet\" href=\"http:\/\/dialnet.unirioja.es\/servlet\/autor?codigo=55650\" target=\"_blank\">P\u00e1gina del autor en Dialnet.<\/a><br \/>\n[vc_empty_space height=&#8221;10&#8243;]<br \/>\n<strong>Tipo de documento<\/strong><br \/>\nArt\u00edculo<br \/>\n[vc_empty_space height=&#8221;10&#8243;]<br \/>\n<a title=\"Enlace alternativo\" href=\"http:\/\/dialnet.unirioja.es\/servlet\/articulo?codigo=250526\" target=\"_blank\"><strong>Enlace alternativo.<\/strong><\/a><br \/>\n[\/vc_column_text][\/vc_column][\/vc_row]<\/p>\n<\/div>","protected":false},"excerpt":{"rendered":"<p>[vc_row][vc_column width=&#8221;1\/1&#8243;][vc_column_text][vc_empty_space height=&#8221;20&#8243;] Referencia bibliogr\u00e1fica LLERA, Francisco J. (1984): \u00abEl sistema de partidos vasco: distancia ideol\u00f3gica y legitimaci\u00f3n pol\u00edtica\u00bb, REIS: Revista Espa\u00f1ola de Investigaciones Sociol\u00f3gicas, n\u00ba 28, pp. 171-206. Consultar&hellip;<\/p>\n","protected":false},"author":1,"featured_media":0,"parent":0,"menu_order":0,"comment_status":"open","ping_status":"open","template":"","meta":{"om_disable_all_campaigns":false,"_monsterinsights_skip_tracking":false,"_monsterinsights_sitenote_active":false,"_monsterinsights_sitenote_note":"","_monsterinsights_sitenote_category":0,"_uf_show_specific_survey":0,"_uf_disable_surveys":false,"_vp_format_video_url":"","_vp_image_focal_point":[],"_vp_custom_popup_image":0,"_vp_format_audio_url":"","_vp_custom_thumbnail":0,"_vp_custom_thumbnail_focal_point":[],"_vp_hover_thumbnail":0,"_vp_hover_thumbnail_focal_point":[],"footnotes":""},"class_list":["post-4946","page","type-page","status-publish","hentry"],"aioseo_notices":[],"_links":{"self":[{"href":"https:\/\/www.arovite.com\/eu\/wp-json\/wp\/v2\/pages\/4946","targetHints":{"allow":["GET"]}}],"collection":[{"href":"https:\/\/www.arovite.com\/eu\/wp-json\/wp\/v2\/pages"}],"about":[{"href":"https:\/\/www.arovite.com\/eu\/wp-json\/wp\/v2\/types\/page"}],"author":[{"embeddable":true,"href":"https:\/\/www.arovite.com\/eu\/wp-json\/wp\/v2\/users\/1"}],"replies":[{"embeddable":true,"href":"https:\/\/www.arovite.com\/eu\/wp-json\/wp\/v2\/comments?post=4946"}],"version-history":[{"count":0,"href":"https:\/\/www.arovite.com\/eu\/wp-json\/wp\/v2\/pages\/4946\/revisions"}],"wp:attachment":[{"href":"https:\/\/www.arovite.com\/eu\/wp-json\/wp\/v2\/media?parent=4946"}],"curies":[{"name":"wp","href":"https:\/\/api.w.org\/{rel}","templated":true}]}}