{"id":4928,"date":"2015-12-02T11:08:20","date_gmt":"2015-12-02T11:08:20","guid":{"rendered":"http:\/\/www.arovite.com\/martin-beristain-carlos-2000-2\/"},"modified":"2015-12-02T11:08:20","modified_gmt":"2015-12-02T11:08:20","slug":"martin-beristain-carlos-2000","status":"publish","type":"page","link":"https:\/\/www.arovite.com\/eu\/martin-beristain-carlos-2000\/","title":{"rendered":"MART\u00cdN BERISTAIN, Carlos (2000)"},"content":{"rendered":"<div class=\"wpb-content-wrapper\"><p>[vc_row][vc_column width=&#8221;1\/1&#8243;][vc_column_text][vc_empty_space height=&#8221;20&#8243;]<br \/>\n<strong>Referencia bibliogr\u00e1fica<\/strong><br \/>\nMART\u00cdN BERISTAIN, Carlos (2000): \u00abJusticia y reconciliaci\u00f3n: el papel de la verdad y la justicia en la reconstrucci\u00f3n de sociedades fracturadas por la violencia\u00bb, <em>Cuadernos de Trabajo Hegoa<\/em>, n\u00ba 27, pp. 1-40.<\/p>\n<p><a class=\"button blue  medium \" href=\"http:\/\/publicaciones.hegoa.ehu.es\/assets\/pdfs\/120\/Cuaderno_de_trabajo_27.pdf?1304002052\" target=\"_blank\">Consultar PDF<\/a>[vc_empty_space height=&#8221;10&#8243;]<br \/>\n<strong>Resumen<\/strong><br \/>\nEn este trabajo se analiza el papel de la verdad y la justicia en comunidades fracturadas por la violencia. \u00bfC\u00f3mo se reconstruye una sociedad que ha sido golpeada de manera brutal y qu\u00e9 papel pueden cumplir la verdad y la justicia en un proceso de reconstrucci\u00f3n del tejido social y reconciliaci\u00f3n? En las \u00faltimas dos d\u00e9cadas se han llevado a cabo numerosas experiencias de trabajo sobre la verdad y la memoria colectiva de las violaciones de los derechos humanos, en sociedades que han vivido dictaduras militares o guerras internas. Esas experiencias fueron un intento de enfrentar de alguna manera el pasado y plantear nuevas bases de convivencia basadas en el reconocimiento de los hechos, el apoyo a las v\u00edctimas y la propuesta de algunos cambios pol\u00edticos. Sin embargo, tampoco han estado exentas de intentos de manipulaci\u00f3n pol\u00edtica por quienes ten\u00edan inter\u00e9s en la impunidad o segu\u00edan teniendo el poder de coacci\u00f3n sobre la sociedad.<br \/>\n[vc_empty_space height=&#8221;10&#8243;]<br \/>\n<strong>Autor<\/strong><br \/>\nCarlos Mart\u00edn Beristain. <a title=\"Dialnet\" href=\"http:\/\/dialnet.unirioja.es\/servlet\/autor?codigo=584074\" target=\"_blank\">P\u00e1gina del autor en Dialnet.<\/a><br \/>\n[vc_empty_space height=&#8221;10&#8243;]<br \/>\n<strong>Tipo de documento<\/strong><br \/>\nArt\u00edculo<br \/>\n[vc_empty_space height=&#8221;10&#8243;]<br \/>\n<a title=\"Enlace alternativo\" href=\"http:\/\/dialnet.unirioja.es\/servlet\/articulo?codigo=4462228\" target=\"_blank\"><strong>Enlace alternativo.<\/strong><\/a><br \/>\n[\/vc_column_text][\/vc_column][\/vc_row]<\/p>\n<\/div>","protected":false},"excerpt":{"rendered":"<p>[vc_row][vc_column width=&#8221;1\/1&#8243;][vc_column_text][vc_empty_space height=&#8221;20&#8243;] Referencia bibliogr\u00e1fica MART\u00cdN BERISTAIN, Carlos (2000): \u00abJusticia y reconciliaci\u00f3n: el papel de la verdad y la justicia en la reconstrucci\u00f3n de sociedades fracturadas por la violencia\u00bb, Cuadernos&hellip;<\/p>\n","protected":false},"author":1,"featured_media":0,"parent":0,"menu_order":0,"comment_status":"open","ping_status":"open","template":"","meta":{"om_disable_all_campaigns":false,"_monsterinsights_skip_tracking":false,"_monsterinsights_sitenote_active":false,"_monsterinsights_sitenote_note":"","_monsterinsights_sitenote_category":0,"_uf_show_specific_survey":0,"_uf_disable_surveys":false,"_vp_format_video_url":"","_vp_image_focal_point":[],"_vp_custom_popup_image":0,"_vp_format_audio_url":"","_vp_custom_thumbnail":0,"_vp_custom_thumbnail_focal_point":[],"_vp_hover_thumbnail":0,"_vp_hover_thumbnail_focal_point":[],"footnotes":""},"class_list":["post-4928","page","type-page","status-publish","hentry"],"aioseo_notices":[],"_links":{"self":[{"href":"https:\/\/www.arovite.com\/eu\/wp-json\/wp\/v2\/pages\/4928","targetHints":{"allow":["GET"]}}],"collection":[{"href":"https:\/\/www.arovite.com\/eu\/wp-json\/wp\/v2\/pages"}],"about":[{"href":"https:\/\/www.arovite.com\/eu\/wp-json\/wp\/v2\/types\/page"}],"author":[{"embeddable":true,"href":"https:\/\/www.arovite.com\/eu\/wp-json\/wp\/v2\/users\/1"}],"replies":[{"embeddable":true,"href":"https:\/\/www.arovite.com\/eu\/wp-json\/wp\/v2\/comments?post=4928"}],"version-history":[{"count":0,"href":"https:\/\/www.arovite.com\/eu\/wp-json\/wp\/v2\/pages\/4928\/revisions"}],"wp:attachment":[{"href":"https:\/\/www.arovite.com\/eu\/wp-json\/wp\/v2\/media?parent=4928"}],"curies":[{"name":"wp","href":"https:\/\/api.w.org\/{rel}","templated":true}]}}