{"id":4897,"date":"2015-12-02T11:54:42","date_gmt":"2015-12-02T11:54:42","guid":{"rendered":"http:\/\/www.arovite.com\/lopez-romo-raul-2011-2\/"},"modified":"2015-12-30T11:57:15","modified_gmt":"2015-12-30T11:57:15","slug":"lopez-romo-raul-2011","status":"publish","type":"page","link":"https:\/\/www.arovite.com\/eu\/lopez-romo-raul-2011\/","title":{"rendered":"L\u00d3PEZ ROMO, Ra\u00fal (2011)"},"content":{"rendered":"<div class=\"wpb-content-wrapper\"><p>[vc_row][vc_column width=&#8221;1\/1&#8243;][vc_column_text][vc_empty_space height=&#8221;20&#8243;]<br \/>\n<strong>Referencia bibliogr\u00e1fica<\/strong><br \/>\nL\u00d3PEZ ROMO, Ra\u00fal (2011): <em>A\u00f1os en claroscuro. Nuevos movimientos sociales y democratizaci\u00f3n en Euskadi, 1975-1980<\/em>. Bilbao: Universidad del Pa\u00eds Vasco.<\/p>\n<p><a class=\"button blue  medium \" href=\"http:\/\/www.arovite.com\/documentos\/2011_Lopez.pdf\" target=\"_blank\">Consultar PDF<\/a>[vc_empty_space height=&#8221;10&#8243;]<br \/>\n<strong>Resumen<\/strong><br \/>\nEste libro trata de una \u00e9poca convulsa y apasionante, la Transici\u00f3n democr\u00e1tica en Euskadi. La historia se narra a trav\u00e9s de los nuevos movimientos sociales de la d\u00e9cada de 1970: feminista, antinuclear y gay. Estos ejemplos nos permiten seguir el hilo tanto del proceso pol\u00edtico como de los cambios socioculturales que se sucedieron en un breve lapso cronol\u00f3gico. Fueron unos a\u00f1os en claroscuro, en los que la construcci\u00f3n de la libertad convivi\u00f3 con el desaf\u00edo de la violencia.<br \/>\n[vc_empty_space height=&#8221;10&#8243;]<br \/>\n<strong>Autor<\/strong><br \/>\nRa\u00fal L\u00f3pez Romo. <a title=\"Dialnet\" href=\"http:\/\/dialnet.unirioja.es\/servlet\/autor?codigo=2165020\" target=\"_blank\">P\u00e1gina del autor en Dialnet.<\/a><br \/>\n[vc_empty_space height=&#8221;10&#8243;]<br \/>\n<strong>Tipo de documento<\/strong><br \/>\nLibro<br \/>\n[vc_empty_space height=&#8221;10&#8243;]<br \/>\n<a title=\"Enlace alternativo\" href=\"https:\/\/www.academia.edu\/6198056\/A%C3%B1os_en_claroscuro_nuevos_movimientos_sociales_y_democratizaci%C3%B3n_en_Euskadi_1975-1980_Bilbao_Universidad_del_Pa%C3%ADs_Vasco_2011_\" target=\"_blank\"><strong>Enlace alternativo.<\/strong><\/a><br \/>\n[\/vc_column_text][\/vc_column][\/vc_row]<\/p>\n<\/div>","protected":false},"excerpt":{"rendered":"<p>[vc_row][vc_column width=&#8221;1\/1&#8243;][vc_column_text][vc_empty_space height=&#8221;20&#8243;] Referencia bibliogr\u00e1fica L\u00d3PEZ ROMO, Ra\u00fal (2011): A\u00f1os en claroscuro. Nuevos movimientos sociales y democratizaci\u00f3n en Euskadi, 1975-1980. Bilbao: Universidad del Pa\u00eds Vasco. Consultar PDF[vc_empty_space height=&#8221;10&#8243;] Resumen Este&hellip;<\/p>\n","protected":false},"author":1,"featured_media":0,"parent":0,"menu_order":0,"comment_status":"open","ping_status":"open","template":"","meta":{"om_disable_all_campaigns":false,"_monsterinsights_skip_tracking":false,"_monsterinsights_sitenote_active":false,"_monsterinsights_sitenote_note":"","_monsterinsights_sitenote_category":0,"_uf_show_specific_survey":0,"_uf_disable_surveys":false,"_vp_format_video_url":"","_vp_image_focal_point":[],"_vp_custom_popup_image":0,"_vp_format_audio_url":"","_vp_custom_thumbnail":0,"_vp_custom_thumbnail_focal_point":[],"_vp_hover_thumbnail":0,"_vp_hover_thumbnail_focal_point":[],"footnotes":""},"class_list":["post-4897","page","type-page","status-publish","hentry"],"aioseo_notices":[],"_links":{"self":[{"href":"https:\/\/www.arovite.com\/eu\/wp-json\/wp\/v2\/pages\/4897","targetHints":{"allow":["GET"]}}],"collection":[{"href":"https:\/\/www.arovite.com\/eu\/wp-json\/wp\/v2\/pages"}],"about":[{"href":"https:\/\/www.arovite.com\/eu\/wp-json\/wp\/v2\/types\/page"}],"author":[{"embeddable":true,"href":"https:\/\/www.arovite.com\/eu\/wp-json\/wp\/v2\/users\/1"}],"replies":[{"embeddable":true,"href":"https:\/\/www.arovite.com\/eu\/wp-json\/wp\/v2\/comments?post=4897"}],"version-history":[{"count":1,"href":"https:\/\/www.arovite.com\/eu\/wp-json\/wp\/v2\/pages\/4897\/revisions"}],"predecessor-version":[{"id":5400,"href":"https:\/\/www.arovite.com\/eu\/wp-json\/wp\/v2\/pages\/4897\/revisions\/5400"}],"wp:attachment":[{"href":"https:\/\/www.arovite.com\/eu\/wp-json\/wp\/v2\/media?parent=4897"}],"curies":[{"name":"wp","href":"https:\/\/api.w.org\/{rel}","templated":true}]}}