{"id":4886,"date":"2015-12-02T11:42:42","date_gmt":"2015-12-02T11:42:42","guid":{"rendered":"http:\/\/www.arovite.com\/lopez-vidales-nereida-2004-2\/"},"modified":"2015-12-02T11:42:42","modified_gmt":"2015-12-02T11:42:42","slug":"lopez-vidales-nereida-2004","status":"publish","type":"page","link":"https:\/\/www.arovite.com\/eu\/lopez-vidales-nereida-2004\/","title":{"rendered":"L\u00d3PEZ VIDALES, Nereida (2004)"},"content":{"rendered":"<div class=\"wpb-content-wrapper\"><p>[vc_row][vc_column width=&#8221;1\/1&#8243;][vc_column_text][vc_empty_space height=&#8221;20&#8243;]<br \/>\n<strong>Referencia bibliogr\u00e1fica<\/strong><br \/>\nL\u00d3PEZ VIDALES, Nereida (2004): \u00abRitualismo y simbolog\u00eda en el nacionalismo vasco radical. La religi\u00f3n nacionalista\u00bb, <em>Espiral<\/em>, vol. 10, n\u00ba 30, pp. 11-36.<\/p>\n<p><a class=\"button blue  medium \" href=\"http:\/\/www.redalyc.org\/pdf\/138\/13803001.pdf\" target=\"_blank\">Consultar PDF<\/a>[vc_empty_space height=&#8221;10&#8243;]<br \/>\n<strong>Resumen<\/strong><br \/>\nEn un momento en el que resulta evidente la crisis de valores es importante buscar referencias culturales que se asienten, si no en la tradici\u00f3n, s\u00ed en el desarrollo social contempor\u00e1neo. Los movimientos sociales han adquirido protagonismo en las \u00faltimas d\u00e9cadas intentando canalizar reivindicaciones sociales, pol\u00edticas y culturales de diversos colectivos, conscientes, de uno u otro modo, de la inexistencia de un marco cultural. No todos han seguido una trayectoria acorde con las reglas establecidas. Algunos han mimetizado el contexto del que huyen recreando un corpus de creencias pretendidamente distinto y al que se accede mediante procesos inici\u00e1ticos que llamamos ritos. La pol\u00edtica abusa con profusi\u00f3n de la acci\u00f3n de compartir s\u00edmbolos para mantener unidos a sus seguidores. La exaltaci\u00f3n nacionalista los eleva a la categor\u00eda de \u201cnormas de comportamiento\u201d.<br \/>\n[vc_empty_space height=&#8221;10&#8243;]<br \/>\n<strong>Autor<\/strong><br \/>\nNereida L\u00f3pez Vidales. <a title=\"Dialnet\" href=\"http:\/\/dialnet.unirioja.es\/servlet\/autor?codigo=521606\" target=\"_blank\">P\u00e1gina del autor en Dialnet.<\/a><br \/>\n[vc_empty_space height=&#8221;10&#8243;]<br \/>\n<strong>Tipo de documento<\/strong><br \/>\nArt\u00edculo<br \/>\n[vc_empty_space height=&#8221;10&#8243;]<br \/>\n<a title=\"Enlace alternativo\" href=\"http:\/\/dialnet.unirioja.es\/servlet\/articulo?codigo=3701880\" target=\"_blank\"><strong>Enlace alternativo.<\/strong><\/a><br \/>\n[\/vc_column_text][\/vc_column][\/vc_row]<\/p>\n<\/div>","protected":false},"excerpt":{"rendered":"<p>[vc_row][vc_column width=&#8221;1\/1&#8243;][vc_column_text][vc_empty_space height=&#8221;20&#8243;] Referencia bibliogr\u00e1fica L\u00d3PEZ VIDALES, Nereida (2004): \u00abRitualismo y simbolog\u00eda en el nacionalismo vasco radical. La religi\u00f3n nacionalista\u00bb, Espiral, vol. 10, n\u00ba 30, pp. 11-36. Consultar PDF[vc_empty_space height=&#8221;10&#8243;]&hellip;<\/p>\n","protected":false},"author":1,"featured_media":0,"parent":0,"menu_order":0,"comment_status":"open","ping_status":"open","template":"","meta":{"om_disable_all_campaigns":false,"_monsterinsights_skip_tracking":false,"_monsterinsights_sitenote_active":false,"_monsterinsights_sitenote_note":"","_monsterinsights_sitenote_category":0,"_uf_show_specific_survey":0,"_uf_disable_surveys":false,"_vp_format_video_url":"","_vp_image_focal_point":[],"_vp_custom_popup_image":0,"_vp_format_audio_url":"","_vp_custom_thumbnail":0,"_vp_custom_thumbnail_focal_point":[],"_vp_hover_thumbnail":0,"_vp_hover_thumbnail_focal_point":[],"footnotes":""},"class_list":["post-4886","page","type-page","status-publish","hentry"],"aioseo_notices":[],"_links":{"self":[{"href":"https:\/\/www.arovite.com\/eu\/wp-json\/wp\/v2\/pages\/4886","targetHints":{"allow":["GET"]}}],"collection":[{"href":"https:\/\/www.arovite.com\/eu\/wp-json\/wp\/v2\/pages"}],"about":[{"href":"https:\/\/www.arovite.com\/eu\/wp-json\/wp\/v2\/types\/page"}],"author":[{"embeddable":true,"href":"https:\/\/www.arovite.com\/eu\/wp-json\/wp\/v2\/users\/1"}],"replies":[{"embeddable":true,"href":"https:\/\/www.arovite.com\/eu\/wp-json\/wp\/v2\/comments?post=4886"}],"version-history":[{"count":0,"href":"https:\/\/www.arovite.com\/eu\/wp-json\/wp\/v2\/pages\/4886\/revisions"}],"wp:attachment":[{"href":"https:\/\/www.arovite.com\/eu\/wp-json\/wp\/v2\/media?parent=4886"}],"curies":[{"name":"wp","href":"https:\/\/api.w.org\/{rel}","templated":true}]}}