{"id":4806,"date":"2015-12-02T09:15:45","date_gmt":"2015-12-02T09:15:45","guid":{"rendered":"http:\/\/www.arovite.com\/molina-fernando-2012-3-2\/"},"modified":"2015-12-02T09:17:02","modified_gmt":"2015-12-02T09:17:02","slug":"molina-fernando-2012-3","status":"publish","type":"page","link":"https:\/\/www.arovite.com\/eu\/molina-fernando-2012-3\/","title":{"rendered":"MOLINA, Fernando (2012)"},"content":{"rendered":"<div class=\"wpb-content-wrapper\"><p>[vc_row][vc_column width=&#8221;1\/1&#8243;][vc_column_text][vc_empty_space height=&#8221;20&#8243;]<br \/>\n<strong>Referencia bibliogr\u00e1fica<\/strong><br \/>\nMOLINA, Fernando (2012): <em>Mario Onaindia (1948-2003). Biograf\u00eda patria<\/em>. Madrid: Biblioteca Nueva.<\/p>\n<p><a class=\"button blue  medium \" href=\"https:\/\/www.researchgate.net\/publication\/267451939_Mario_Onaindia_1948-2003._Biografa_patria?ev=prf_pub\" target=\"_blank\">Consultar PDF<\/a>[vc_empty_space height=&#8221;10&#8243;]<br \/>\n<strong>Resumen<\/strong><br \/>\nDurante dos a\u00f1os he contemplado, en un rinc\u00f3n de mi oficina de trabajo, los libros que Esozi Leturiondo me entreg\u00f3 una ma\u00f1ana en Vitoria. Me hab\u00eda puesto en contacto con la mujer de Mario Onaindia para charlar con ella sobre mi intenci\u00f3n de hacer un breve estudio hist\u00f3rico sobre su marido. Su destino era un Congreso sobre \u00abheterodoxos de la patria\u00bb, personas que hab\u00edan mostrado, en la Espa\u00f1a del siglo XX, una trayectoria biogr\u00e1fica discrepante con el canon que establece que crecemos identific\u00e1ndonos con una naci\u00f3n y morimos fieles a ella. Ese canon es el producto m\u00e1s elaborado del discurso nacionalista sobre la identidad. Y es que existen muchos nacionalismos, estatales o subestatales, m\u00e1s \u00e9tnicos o m\u00e1s c\u00edvicos (partiendo de la hibridaci\u00f3n com\u00fan a todos), desde \u00abarriba\u00bb (dotados de un respaldo institucional y p\u00fablico) y desde \u00ababajo\u00bb (manifestados a trav\u00e9s de la sociedad civil, el espacio local, etc.), oficiales y banales\u2026 Todos se unen en lo que Craig Calhoun denomina los \u00abaires de familia\u00bb y todos tienen peculiaridades propias. Y una de las caracter\u00edsticas que dota a todos de un aire com\u00fan es su condici\u00f3n de discurso can\u00f3nico acerca de lo patri\u00f3ticamente correcto e incorrecto, que fija las obligaciones que impone la naci\u00f3n al individuo: creer que cada naci\u00f3n es indivisible; que los individuos pertenecen solo a una, que el mundo est\u00e1 dividido solo o primordialmente en naciones&#8230;<br \/>\n[vc_empty_space height=&#8221;10&#8243;]<br \/>\n<strong>Autor<\/strong><br \/>\nFernando Molina. <a title=\"Dialnet\" href=\"http:\/\/dialnet.unirioja.es\/servlet\/autor?codigo=819573\" target=\"_blank\">P\u00e1gina del autor en Dialnet.<\/a><br \/>\n[vc_empty_space height=&#8221;10&#8243;]<br \/>\n<strong>Tipo de documento<\/strong><br \/>\nLibro<br \/>\n[vc_empty_space height=&#8221;10&#8243;]<br \/>\n[\/vc_column_text][\/vc_column][\/vc_row]<\/p>\n<\/div>","protected":false},"excerpt":{"rendered":"<p>[vc_row][vc_column width=&#8221;1\/1&#8243;][vc_column_text][vc_empty_space height=&#8221;20&#8243;] Referencia bibliogr\u00e1fica MOLINA, Fernando (2012): Mario Onaindia (1948-2003). Biograf\u00eda patria. Madrid: Biblioteca Nueva. Consultar PDF[vc_empty_space height=&#8221;10&#8243;] Resumen Durante dos a\u00f1os he contemplado, en un rinc\u00f3n de mi&hellip;<\/p>\n","protected":false},"author":1,"featured_media":0,"parent":0,"menu_order":0,"comment_status":"open","ping_status":"open","template":"","meta":{"om_disable_all_campaigns":false,"_monsterinsights_skip_tracking":false,"_monsterinsights_sitenote_active":false,"_monsterinsights_sitenote_note":"","_monsterinsights_sitenote_category":0,"_uf_show_specific_survey":0,"_uf_disable_surveys":false,"_vp_format_video_url":"","_vp_image_focal_point":[],"_vp_custom_popup_image":0,"_vp_format_audio_url":"","_vp_custom_thumbnail":0,"_vp_custom_thumbnail_focal_point":[],"_vp_hover_thumbnail":0,"_vp_hover_thumbnail_focal_point":[],"footnotes":""},"class_list":["post-4806","page","type-page","status-publish","hentry"],"aioseo_notices":[],"_links":{"self":[{"href":"https:\/\/www.arovite.com\/eu\/wp-json\/wp\/v2\/pages\/4806","targetHints":{"allow":["GET"]}}],"collection":[{"href":"https:\/\/www.arovite.com\/eu\/wp-json\/wp\/v2\/pages"}],"about":[{"href":"https:\/\/www.arovite.com\/eu\/wp-json\/wp\/v2\/types\/page"}],"author":[{"embeddable":true,"href":"https:\/\/www.arovite.com\/eu\/wp-json\/wp\/v2\/users\/1"}],"replies":[{"embeddable":true,"href":"https:\/\/www.arovite.com\/eu\/wp-json\/wp\/v2\/comments?post=4806"}],"version-history":[{"count":1,"href":"https:\/\/www.arovite.com\/eu\/wp-json\/wp\/v2\/pages\/4806\/revisions"}],"predecessor-version":[{"id":4809,"href":"https:\/\/www.arovite.com\/eu\/wp-json\/wp\/v2\/pages\/4806\/revisions\/4809"}],"wp:attachment":[{"href":"https:\/\/www.arovite.com\/eu\/wp-json\/wp\/v2\/media?parent=4806"}],"curies":[{"name":"wp","href":"https:\/\/api.w.org\/{rel}","templated":true}]}}