{"id":4772,"date":"2015-12-02T08:53:12","date_gmt":"2015-12-02T08:53:12","guid":{"rendered":"http:\/\/www.arovite.com\/munoz-alonso-alejandro-1988-2\/"},"modified":"2015-12-02T08:53:12","modified_gmt":"2015-12-02T08:53:12","slug":"munoz-alonso-alejandro-1988","status":"publish","type":"page","link":"https:\/\/www.arovite.com\/eu\/munoz-alonso-alejandro-1988\/","title":{"rendered":"MU\u00d1OZ ALONSO, Alejandro (1988)"},"content":{"rendered":"<div class=\"wpb-content-wrapper\"><p>[vc_row][vc_column width=&#8221;1\/1&#8243;][vc_column_text][vc_empty_space height=&#8221;20&#8243;]<br \/>\n<strong>Referencia bibliogr\u00e1fica<\/strong><br \/>\nMU\u00d1OZ ALONSO, Alejandro (1988): \u00abLa espiral del silencio en el Pa\u00eds Vasco\u00bb, <em>Cuenta y Raz\u00f3n<\/em>, n\u00ba 33, pp. 45-52. <\/p>\n<p><a class=\"button blue  medium \" href=\"http:\/\/www.cuentayrazon.org\/revista\/pdf\/033\/Num033_007.pdf\" target=\"_blank\">Consultar PDF<\/a>[vc_empty_space height=&#8221;10&#8243;]<br \/>\n<strong>Resumen<\/strong><br \/>\nDentro del sistema espa\u00f1ol de partidos \u2014caracterizado por| su falta de consolidaci\u00f3n y por su situaci\u00f3n de desequilibrio\u2014 existen dos subsistemas muy definidos, el vasco y el catal\u00e1n, que solo parcialmente coinciden con el sistema nacional. De estos dos subsistemas, el vasco es el que presenta caracter\u00edsticas m\u00e1s peculiares que, en cierto modo, hacen de \u00e9l un todo cerrado en s\u00ed mismo y con escasas posibilidades de contacto y relaci\u00f3n con los partidos del sistema nacional.<br \/>\n[vc_empty_space height=&#8221;10&#8243;]<br \/>\n<strong>Autor<\/strong><br \/>\nAlejandro Mu\u00f1oz Alonso. <a title=\"Dialnet\" href=\"http:\/\/dialnet.unirioja.es\/servlet\/autor?codigo=69143\" target=\"_blank\">P\u00e1gina del autor en Dialnet.<\/a><br \/>\n[vc_empty_space height=&#8221;10&#8243;]<br \/>\n<strong>Tipo de documento<\/strong><br \/>\nArt\u00edculo<br \/>\n[vc_empty_space height=&#8221;10&#8243;]<br \/>\n<a title=\"Enlace alternativo\" href=\"http:\/\/dialnet.unirioja.es\/servlet\/articulo?codigo=2047520\" target=\"_blank\"><strong>Enlace alternativo.<\/strong><\/a><br \/>\n[\/vc_column_text][\/vc_column][\/vc_row]<\/p>\n<\/div>","protected":false},"excerpt":{"rendered":"<p>[vc_row][vc_column width=&#8221;1\/1&#8243;][vc_column_text][vc_empty_space height=&#8221;20&#8243;] Referencia bibliogr\u00e1fica MU\u00d1OZ ALONSO, Alejandro (1988): \u00abLa espiral del silencio en el Pa\u00eds Vasco\u00bb, Cuenta y Raz\u00f3n, n\u00ba 33, pp. 45-52. Consultar PDF[vc_empty_space height=&#8221;10&#8243;] Resumen Dentro del&hellip;<\/p>\n","protected":false},"author":1,"featured_media":0,"parent":0,"menu_order":0,"comment_status":"open","ping_status":"open","template":"","meta":{"om_disable_all_campaigns":false,"_monsterinsights_skip_tracking":false,"_monsterinsights_sitenote_active":false,"_monsterinsights_sitenote_note":"","_monsterinsights_sitenote_category":0,"_uf_show_specific_survey":0,"_uf_disable_surveys":false,"_vp_format_video_url":"","_vp_image_focal_point":[],"_vp_custom_popup_image":0,"_vp_format_audio_url":"","_vp_custom_thumbnail":0,"_vp_custom_thumbnail_focal_point":[],"_vp_hover_thumbnail":0,"_vp_hover_thumbnail_focal_point":[],"footnotes":""},"class_list":["post-4772","page","type-page","status-publish","hentry"],"aioseo_notices":[],"_links":{"self":[{"href":"https:\/\/www.arovite.com\/eu\/wp-json\/wp\/v2\/pages\/4772","targetHints":{"allow":["GET"]}}],"collection":[{"href":"https:\/\/www.arovite.com\/eu\/wp-json\/wp\/v2\/pages"}],"about":[{"href":"https:\/\/www.arovite.com\/eu\/wp-json\/wp\/v2\/types\/page"}],"author":[{"embeddable":true,"href":"https:\/\/www.arovite.com\/eu\/wp-json\/wp\/v2\/users\/1"}],"replies":[{"embeddable":true,"href":"https:\/\/www.arovite.com\/eu\/wp-json\/wp\/v2\/comments?post=4772"}],"version-history":[{"count":0,"href":"https:\/\/www.arovite.com\/eu\/wp-json\/wp\/v2\/pages\/4772\/revisions"}],"wp:attachment":[{"href":"https:\/\/www.arovite.com\/eu\/wp-json\/wp\/v2\/media?parent=4772"}],"curies":[{"name":"wp","href":"https:\/\/api.w.org\/{rel}","templated":true}]}}