{"id":4751,"date":"2015-12-02T08:30:48","date_gmt":"2015-12-02T08:30:48","guid":{"rendered":"http:\/\/www.arovite.com\/observatorio-contra-la-impunidad-2014-2\/"},"modified":"2015-12-30T12:25:00","modified_gmt":"2015-12-30T12:25:00","slug":"observatorio-contra-la-impunidad-2014","status":"publish","type":"page","link":"https:\/\/www.arovite.com\/eu\/observatorio-contra-la-impunidad-2014\/","title":{"rendered":"OBSERVATORIO CONTRA LA IMPUNIDAD (2014)"},"content":{"rendered":"<div class=\"wpb-content-wrapper\"><p>[vc_row][vc_column width=&#8221;1\/1&#8243;][vc_column_text][vc_empty_space height=&#8221;20&#8243;]<br \/>\n<strong>Referencia bibliogr\u00e1fica<\/strong><br \/>\nOBSERVATORIO CONTRA LA IMPUNIDAD (2014): <em>Estudio del Observatorio contra la Impunidad sobre el informe de la Fiscal\u00eda de la Audiencia Nacional<\/em>. Observatorio contra la Impunidad.<\/p>\n<p><a class=\"button blue  medium \" href=\"http:\/\/www.arovite.com\/documentos\/2014_Observatorio_contra_Impunidad.pdf\" target=\"_blank\">Consultar PDF<\/a>[vc_empty_space height=&#8221;10&#8243;]<br \/>\n<strong>Resumen<\/strong><br \/>\nEl pasado 13 de diciembre la Fiscal\u00eda de la Audiencia Nacional entreg\u00f3 al Observatorio contra la Impunidad un informe sobre los asesinatos de ETA sin resoluci\u00f3n judicial de autor material. Este informe respond\u00eda a la solicitud planteada por las V\u00edctimas del Terrorismo a la Audiencia Nacional en marzo del 2010. Hay que recordar que en los datos aportados en su d\u00eda por las V\u00edctimas del Terrorismo a la Audiencia Nacional se hac\u00eda constar una relaci\u00f3n de 349 v\u00edctimas mortales, de las que en un principio no se ten\u00eda dato alguno sobre sentencia de autor material. El infirme oficial entregado recientemente por la Fiscal\u00eda concluye que son 314 los asesinatos de ETA que han quedado impunes, porque sus autores materiales no han sido juzgados. Hay que destacar que el informe de la Fiscal\u00eda de la Audiencia Nacional se plantea a partir de 1978, obviando los 75 atentados mortales cometidos hasta entonces por ETA, dado que el 15 de octubre de 1977 fue aprobada la ley 46\/1977 de amnist\u00eda.<br \/>\n[vc_empty_space height=&#8221;10&#8243;]<br \/>\n<strong>Tipo de documento<\/strong><br \/>\nInforme<br \/>\n[vc_empty_space height=&#8221;10&#8243;]<br \/>\n<a title=\"Enlace alternativo\" href=\"http:\/\/www.parlamento.euskadi.net\/irud\/09\/00\/034424.pdf\" target=\"_blank\"><strong>Enlace alternativo.<\/strong><\/a><br \/>\n[\/vc_column_text][\/vc_column][\/vc_row]<\/p>\n<\/div>","protected":false},"excerpt":{"rendered":"<p>[vc_row][vc_column width=&#8221;1\/1&#8243;][vc_column_text][vc_empty_space height=&#8221;20&#8243;] Referencia bibliogr\u00e1fica OBSERVATORIO CONTRA LA IMPUNIDAD (2014): Estudio del Observatorio contra la Impunidad sobre el informe de la Fiscal\u00eda de la Audiencia Nacional. Observatorio contra la Impunidad.&hellip;<\/p>\n","protected":false},"author":1,"featured_media":0,"parent":0,"menu_order":0,"comment_status":"open","ping_status":"open","template":"","meta":{"om_disable_all_campaigns":false,"_monsterinsights_skip_tracking":false,"_monsterinsights_sitenote_active":false,"_monsterinsights_sitenote_note":"","_monsterinsights_sitenote_category":0,"_uf_show_specific_survey":0,"_uf_disable_surveys":false,"_vp_format_video_url":"","_vp_image_focal_point":[],"_vp_custom_popup_image":0,"_vp_format_audio_url":"","_vp_custom_thumbnail":0,"_vp_custom_thumbnail_focal_point":[],"_vp_hover_thumbnail":0,"_vp_hover_thumbnail_focal_point":[],"footnotes":""},"class_list":["post-4751","page","type-page","status-publish","hentry"],"aioseo_notices":[],"_links":{"self":[{"href":"https:\/\/www.arovite.com\/eu\/wp-json\/wp\/v2\/pages\/4751","targetHints":{"allow":["GET"]}}],"collection":[{"href":"https:\/\/www.arovite.com\/eu\/wp-json\/wp\/v2\/pages"}],"about":[{"href":"https:\/\/www.arovite.com\/eu\/wp-json\/wp\/v2\/types\/page"}],"author":[{"embeddable":true,"href":"https:\/\/www.arovite.com\/eu\/wp-json\/wp\/v2\/users\/1"}],"replies":[{"embeddable":true,"href":"https:\/\/www.arovite.com\/eu\/wp-json\/wp\/v2\/comments?post=4751"}],"version-history":[{"count":1,"href":"https:\/\/www.arovite.com\/eu\/wp-json\/wp\/v2\/pages\/4751\/revisions"}],"predecessor-version":[{"id":5430,"href":"https:\/\/www.arovite.com\/eu\/wp-json\/wp\/v2\/pages\/4751\/revisions\/5430"}],"wp:attachment":[{"href":"https:\/\/www.arovite.com\/eu\/wp-json\/wp\/v2\/media?parent=4751"}],"curies":[{"name":"wp","href":"https:\/\/api.w.org\/{rel}","templated":true}]}}