{"id":4628,"date":"2015-11-30T12:55:01","date_gmt":"2015-11-30T12:55:01","guid":{"rendered":"http:\/\/www.arovite.com\/mate-reyes-2006-2\/"},"modified":"2015-11-30T12:55:01","modified_gmt":"2015-11-30T12:55:01","slug":"mate-reyes-2006","status":"publish","type":"page","link":"https:\/\/www.arovite.com\/eu\/mate-reyes-2006\/","title":{"rendered":"MATE, Reyes (2006)"},"content":{"rendered":"<div class=\"wpb-content-wrapper\"><p>[vc_row][vc_column width=&#8221;1\/1&#8243;][vc_column_text][vc_empty_space height=&#8221;20&#8243;]<br \/>\n<strong>Referencia bibliogr\u00e1fica<\/strong><br \/>\nMATE, Reyes (2006): \u00abJusticia de las v\u00edctimas y reconciliaci\u00f3n en el Pa\u00eds Vasco\u00bb, Fundaci\u00f3n Alternativas, Documento de trabajo n\u00ba 96.<\/p>\n<p><a class=\"button blue  medium \" href=\"http:\/\/www.fundacionalternativas.org\/public\/storage\/laboratorio_documentos_archivos\/xmlimport-TTg1rD.pdf\" target=\"_blank\">Consultar PDF<\/a>[vc_empty_space height=&#8221;10&#8243;]<br \/>\n<strong>Resumen<\/strong><br \/>\nV\u00edctimas ha habido siempre, pero hasta ahora eran invisibles porque se las consideraba el precio obligado de la marcha de la historia. Ahora se han hecho visibles y eso significa que entienden su situaci\u00f3n no como algo natural o inevitable, sino como una injusticia que espera respuesta. Estamos ante un fen\u00f3meno nuevo, de alcance mundial, que va a condicionar la respuesta pol\u00edtica a la cuesti\u00f3n vasca. Precisamente por eso la respuesta pol\u00edtica al \u201calto el fuego permanente\u201d (abril de 2006) tiene que ser diferente de la que hubieran dado F. Gonz\u00e1lez o J. M. Aznar en las frustradas treguas de 1988 y 1998. Que unos traten de utilizar a las v\u00edctimas pol\u00edticamente y otros se refieran a ellas ret\u00f3ricamente no debe ocultar que ya no hay discurso cre\u00edble que las silencie. Hay que tomarlas en cuenta, aunque el problema es c\u00f3mo entender su significado. Podemos aceptar que se les debe una reparaci\u00f3n y hasta un reconocimiento, pero no deben interferir en la soluci\u00f3n de los problemas pol\u00edticos que dieron pie a la violencia (el soberanismo o la territorialidad): esto es asunto exclusivo de los partidos pol\u00edticos representativos de la voluntad ciudadana. Y tambi\u00e9n podemos entender la justicia a las v\u00edctimas como el centro de gravedad de la soluci\u00f3n pol\u00edtica a esas cuestiones pol\u00edticas, y eso s\u00ed que es una novedad pol\u00edtica. Se impone, por tanto, clarificar lo que significa memoria de las v\u00edctimas.<br \/>\n[vc_empty_space height=&#8221;10&#8243;]<br \/>\n<strong>Autor<\/strong><br \/>\nReyes Mate. <a title=\"Dialnet\" href=\"http:\/\/dialnet.unirioja.es\/servlet\/autor?codigo=145113\" target=\"_blank\">P\u00e1gina del autor en Dialnet.<\/a><br \/>\n[vc_empty_space height=&#8221;10&#8243;]<br \/>\n<strong>Tipo de documento<\/strong><br \/>\nWorking paper<br \/>\n[vc_empty_space height=&#8221;10&#8243;]<br \/>\n<a title=\"Enlace alternativo\" href=\"http:\/\/dialnet.unirioja.es\/servlet\/articulo?codigo=2880557\" target=\"_blank\"><strong>Enlace alternativo.<\/strong><\/a><br \/>\n[\/vc_column_text][\/vc_column][\/vc_row]<\/p>\n<\/div>","protected":false},"excerpt":{"rendered":"<p>[vc_row][vc_column width=&#8221;1\/1&#8243;][vc_column_text][vc_empty_space height=&#8221;20&#8243;] Referencia bibliogr\u00e1fica MATE, Reyes (2006): \u00abJusticia de las v\u00edctimas y reconciliaci\u00f3n en el Pa\u00eds Vasco\u00bb, Fundaci\u00f3n Alternativas, Documento de trabajo n\u00ba 96. Consultar PDF[vc_empty_space height=&#8221;10&#8243;] Resumen V\u00edctimas&hellip;<\/p>\n","protected":false},"author":1,"featured_media":0,"parent":0,"menu_order":0,"comment_status":"open","ping_status":"open","template":"","meta":{"om_disable_all_campaigns":false,"_monsterinsights_skip_tracking":false,"_monsterinsights_sitenote_active":false,"_monsterinsights_sitenote_note":"","_monsterinsights_sitenote_category":0,"_uf_show_specific_survey":0,"_uf_disable_surveys":false,"_vp_format_video_url":"","_vp_image_focal_point":[],"_vp_custom_popup_image":0,"_vp_format_audio_url":"","_vp_custom_thumbnail":0,"_vp_custom_thumbnail_focal_point":[],"_vp_hover_thumbnail":0,"_vp_hover_thumbnail_focal_point":[],"footnotes":""},"class_list":["post-4628","page","type-page","status-publish","hentry"],"aioseo_notices":[],"_links":{"self":[{"href":"https:\/\/www.arovite.com\/eu\/wp-json\/wp\/v2\/pages\/4628","targetHints":{"allow":["GET"]}}],"collection":[{"href":"https:\/\/www.arovite.com\/eu\/wp-json\/wp\/v2\/pages"}],"about":[{"href":"https:\/\/www.arovite.com\/eu\/wp-json\/wp\/v2\/types\/page"}],"author":[{"embeddable":true,"href":"https:\/\/www.arovite.com\/eu\/wp-json\/wp\/v2\/users\/1"}],"replies":[{"embeddable":true,"href":"https:\/\/www.arovite.com\/eu\/wp-json\/wp\/v2\/comments?post=4628"}],"version-history":[{"count":0,"href":"https:\/\/www.arovite.com\/eu\/wp-json\/wp\/v2\/pages\/4628\/revisions"}],"wp:attachment":[{"href":"https:\/\/www.arovite.com\/eu\/wp-json\/wp\/v2\/media?parent=4628"}],"curies":[{"name":"wp","href":"https:\/\/api.w.org\/{rel}","templated":true}]}}