{"id":4560,"date":"2015-11-30T12:34:45","date_gmt":"2015-11-30T12:34:45","guid":{"rendered":"http:\/\/www.arovite.com\/perez-kepa-2007-2-2\/"},"modified":"2015-12-30T12:56:16","modified_gmt":"2015-12-30T12:56:16","slug":"perez-kepa-2007-2","status":"publish","type":"page","link":"https:\/\/www.arovite.com\/eu\/perez-kepa-2007-2\/","title":{"rendered":"P\u00c9REZ, Kepa (2007)"},"content":{"rendered":"<div class=\"wpb-content-wrapper\"><p>[vc_row][vc_column width=&#8221;1\/1&#8243;][vc_column_text][vc_empty_space height=&#8221;20&#8243;]<br \/>\n<strong>Referencia bibliogr\u00e1fica<\/strong><br \/>\nP\u00c9REZ, Kepa (2007): <em>El pueblo quiere la paz: principales manifestaciones en favor de la paz<\/em>. Bilbao: Asociaci\u00f3n para la Defensa de la Dignidad Humana.<\/p>\n<p><a class=\"button blue  medium \" href=\"http:\/\/www.arovite.com\/documentos\/2007_Perez.pdf\" target=\"_blank\">Consultar PDF<\/a>[vc_empty_space height=&#8221;10&#8243;]<br \/>\n<strong>Resumen<\/strong><br \/>\nSin armas, sin tiros, sin bombas, sin venganzas, en silencio y sufriendo el dolor que causa la p\u00e9rdida de seres queridos asesinados a manos de los terroristas; en la calle y con el pueblo&#8230;As\u00ed est\u00e1 luchando el pueblo vasco desde hace m\u00e1s de treinta a\u00f1os para conseguir su verdadera libertad, para lograr vivir sin la amenaza del asesinato, sin la imposici\u00f3n de la barbarie. Para conseguir lo que anhela todo pueblo desde los albores de la humanidad: vivir en paz. La conquista de la paz en Euskadi es la verdadera lucha de un pueblo milenario, pac\u00edfico y trabajador, que en la \u00faltima centuria del siglo XX, sufri\u00f3 las consecuencias de un fanatismo exacerbado que le llev\u00f3 a padecer una devastadora violencia terrorista, que alter\u00f3 la vida social y las interacciones de todo su conjunto.<br \/>\n[vc_empty_space height=&#8221;10&#8243;]<br \/>\n<strong>Autor<\/strong><br \/>\nKepa P\u00e9rez.<br \/>\n[vc_empty_space height=&#8221;10&#8243;]<br \/>\n<strong>Tipo de documento<\/strong><br \/>\nLibro<br \/>\n[vc_empty_space height=&#8221;10&#8243;]<br \/>\n<a title=\"Enlace alternativo\" href=\"http:\/\/www.addh.org.es\/EL%20PUEBLO%20QUIERE%20LA%20PAZ%20.pdf\" target=\"_blank\"><strong>Enlace alternativo.<\/strong><\/a><br \/>\n[\/vc_column_text][\/vc_column][\/vc_row]<\/p>\n<\/div>","protected":false},"excerpt":{"rendered":"<p>[vc_row][vc_column width=&#8221;1\/1&#8243;][vc_column_text][vc_empty_space height=&#8221;20&#8243;] Referencia bibliogr\u00e1fica P\u00c9REZ, Kepa (2007): El pueblo quiere la paz: principales manifestaciones en favor de la paz. Bilbao: Asociaci\u00f3n para la Defensa de la Dignidad Humana. Consultar&hellip;<\/p>\n","protected":false},"author":1,"featured_media":0,"parent":0,"menu_order":0,"comment_status":"open","ping_status":"open","template":"","meta":{"om_disable_all_campaigns":false,"_monsterinsights_skip_tracking":false,"_monsterinsights_sitenote_active":false,"_monsterinsights_sitenote_note":"","_monsterinsights_sitenote_category":0,"_uf_show_specific_survey":0,"_uf_disable_surveys":false,"_vp_format_video_url":"","_vp_image_focal_point":[],"_vp_custom_popup_image":0,"_vp_format_audio_url":"","_vp_custom_thumbnail":0,"_vp_custom_thumbnail_focal_point":[],"_vp_hover_thumbnail":0,"_vp_hover_thumbnail_focal_point":[],"footnotes":""},"class_list":["post-4560","page","type-page","status-publish","hentry"],"aioseo_notices":[],"_links":{"self":[{"href":"https:\/\/www.arovite.com\/eu\/wp-json\/wp\/v2\/pages\/4560","targetHints":{"allow":["GET"]}}],"collection":[{"href":"https:\/\/www.arovite.com\/eu\/wp-json\/wp\/v2\/pages"}],"about":[{"href":"https:\/\/www.arovite.com\/eu\/wp-json\/wp\/v2\/types\/page"}],"author":[{"embeddable":true,"href":"https:\/\/www.arovite.com\/eu\/wp-json\/wp\/v2\/users\/1"}],"replies":[{"embeddable":true,"href":"https:\/\/www.arovite.com\/eu\/wp-json\/wp\/v2\/comments?post=4560"}],"version-history":[{"count":2,"href":"https:\/\/www.arovite.com\/eu\/wp-json\/wp\/v2\/pages\/4560\/revisions"}],"predecessor-version":[{"id":5480,"href":"https:\/\/www.arovite.com\/eu\/wp-json\/wp\/v2\/pages\/4560\/revisions\/5480"}],"wp:attachment":[{"href":"https:\/\/www.arovite.com\/eu\/wp-json\/wp\/v2\/media?parent=4560"}],"curies":[{"name":"wp","href":"https:\/\/api.w.org\/{rel}","templated":true}]}}