{"id":4557,"date":"2015-11-30T12:34:19","date_gmt":"2015-11-30T12:34:19","guid":{"rendered":"http:\/\/www.arovite.com\/buesa-mikel-2009-2\/"},"modified":"2015-11-30T12:34:19","modified_gmt":"2015-11-30T12:34:19","slug":"buesa-mikel-2009","status":"publish","type":"page","link":"https:\/\/www.arovite.com\/eu\/buesa-mikel-2009\/","title":{"rendered":"BUESA, Mikel (2009)"},"content":{"rendered":"<div class=\"wpb-content-wrapper\"><p>[vc_row][vc_column width=&#8221;1\/1&#8243;][vc_column_text][vc_empty_space height=&#8221;20&#8243;]<br \/>\n<strong>Referencia bibliogr\u00e1fica<\/strong><br \/>\nBUESA, Mikel (2009): \u00abEl coste econ\u00f3mico de la violencia terrorista: el caso de ETA y el Pa\u00eds Vasco\u00bb, <em>C\u00e1tedra de Econom\u00eda del Terrorismo<\/em>, Documento de trabajo n\u00ba 6.<\/p>\n<p><a class=\"button blue  medium \" href=\"http:\/\/www.arovite.com\/documentos\/2009_Buesa.pdf\" target=\"_blank\">Consultar PDF<\/a>[vc_empty_space height=&#8221;10&#8243;]<br \/>\n<strong>Resumen<\/strong><br \/>\nEste texto ofrece una s\u00edntesis de los costes que ha ocasionado el terrorismo de ETA en el Pa\u00eds Vasco entre 1993 y 2008. Se examinan as\u00ed las finanzas de ETA y la depredaci\u00f3n de recursos econ\u00f3micos en la que se fundamenta. Tambi\u00e9n se abordan los costes directos del terrorismo mediante la estimaci\u00f3n de los da\u00f1os que ha causado. Y, finalmente, se exponen las p\u00e9rdidas que ha experimentado la econom\u00eda vasca como consecuencia de que, por efecto del terrorismo, su crecimiento real ha sido menor que el que corresponder\u00eda a su nivel potencial.<br \/>\n[vc_empty_space height=&#8221;10&#8243;]<br \/>\n<strong>Abstract<\/strong><br \/>\nThis text provides a summary of costs that caused the terrorism of ETA in the Basque Country between 1993 and 2008. And examines the finances of ETA and predation of economic resources on which it is based. It also addresses the direct costs of terrorism by estimating the damage it has caused. And finally, outlines the losses experienced by the Basque economy as a result of that, the effect of terrorism, its real growth was lower than that correspond to its potential level.<br \/>\n[vc_empty_space height=&#8221;10&#8243;]<br \/>\n<strong>Autor<\/strong><br \/>\nMikel Buesa Blanco. <a title=\"Dialnet\" href=\"http:\/\/dialnet.unirioja.es\/servlet\/autor?codigo=10436\" target=\"_blank\">P\u00e1gina del autor en Dialnet.<\/a><br \/>\n[vc_empty_space height=&#8221;10&#8243;]<br \/>\n<strong>Tipo de documento<\/strong><br \/>\nWorking paper<br \/>\n[vc_empty_space height=&#8221;10&#8243;]<br \/>\n<a title=\"Enlace alternativo\" href=\"http:\/\/eprints.ucm.es\/31209\/1\/DT%20IAIF%202009%20(72).pdf\" target=\"_blank\">Enlace alternativo.<\/a><br \/>\n[vc_empty_space height=&#8221;10&#8243;]<br \/>\n[\/vc_column_text][\/vc_column][\/vc_row]<\/p>\n<\/div>","protected":false},"excerpt":{"rendered":"<p>[vc_row][vc_column width=&#8221;1\/1&#8243;][vc_column_text][vc_empty_space height=&#8221;20&#8243;] Referencia bibliogr\u00e1fica BUESA, Mikel (2009): \u00abEl coste econ\u00f3mico de la violencia terrorista: el caso de ETA y el Pa\u00eds Vasco\u00bb, C\u00e1tedra de Econom\u00eda del Terrorismo, Documento de&hellip;<\/p>\n","protected":false},"author":2,"featured_media":0,"parent":0,"menu_order":0,"comment_status":"open","ping_status":"open","template":"","meta":{"om_disable_all_campaigns":false,"_monsterinsights_skip_tracking":false,"_monsterinsights_sitenote_active":false,"_monsterinsights_sitenote_note":"","_monsterinsights_sitenote_category":0,"_uf_show_specific_survey":0,"_uf_disable_surveys":false,"_vp_format_video_url":"","_vp_image_focal_point":[],"_vp_custom_popup_image":0,"_vp_format_audio_url":"","_vp_custom_thumbnail":0,"_vp_custom_thumbnail_focal_point":[],"_vp_hover_thumbnail":0,"_vp_hover_thumbnail_focal_point":[],"footnotes":""},"class_list":["post-4557","page","type-page","status-publish","hentry"],"aioseo_notices":[],"_links":{"self":[{"href":"https:\/\/www.arovite.com\/eu\/wp-json\/wp\/v2\/pages\/4557","targetHints":{"allow":["GET"]}}],"collection":[{"href":"https:\/\/www.arovite.com\/eu\/wp-json\/wp\/v2\/pages"}],"about":[{"href":"https:\/\/www.arovite.com\/eu\/wp-json\/wp\/v2\/types\/page"}],"author":[{"embeddable":true,"href":"https:\/\/www.arovite.com\/eu\/wp-json\/wp\/v2\/users\/2"}],"replies":[{"embeddable":true,"href":"https:\/\/www.arovite.com\/eu\/wp-json\/wp\/v2\/comments?post=4557"}],"version-history":[{"count":0,"href":"https:\/\/www.arovite.com\/eu\/wp-json\/wp\/v2\/pages\/4557\/revisions"}],"wp:attachment":[{"href":"https:\/\/www.arovite.com\/eu\/wp-json\/wp\/v2\/media?parent=4557"}],"curies":[{"name":"wp","href":"https:\/\/api.w.org\/{rel}","templated":true}]}}