{"id":4553,"date":"2015-11-30T12:33:28","date_gmt":"2015-11-30T12:33:28","guid":{"rendered":"http:\/\/www.arovite.com\/roldan-carlos-2001-2\/"},"modified":"2015-11-30T12:33:28","modified_gmt":"2015-11-30T12:33:28","slug":"roldan-carlos-2001","status":"publish","type":"page","link":"https:\/\/www.arovite.com\/eu\/roldan-carlos-2001\/","title":{"rendered":"ROLD\u00c1N, Carlos (2001)"},"content":{"rendered":"<div class=\"wpb-content-wrapper\"><p>[vc_row][vc_column width=&#8221;1\/1&#8243;][vc_column_text][vc_empty_space height=&#8221;20&#8243;]<br \/>\n<strong>Referencia bibliogr\u00e1fica<\/strong><br \/>\nROLD\u00c1N, Carlos (2001): \u00abUna apuesta suicida: ETA en el cine de Euskadi\u00bb, <em>Ikusgaiak<\/em>, n\u00ba 5, pp. 181-205.<\/p>\n<p><a class=\"button blue  medium \" href=\"http:\/\/www.euskomedia.org\/PDFAnlt\/ikusgaiak\/05\/05181205.pdf\" target=\"_blank\">Consultar PDF<\/a>[vc_empty_space height=&#8221;10&#8243;]<br \/>\n<strong>Resumen<\/strong><br \/>\nA principios del 2000, con motivo del estreno de Yoyes, el tema de ETA dentro del cine volvi\u00f3 a ocupar p\u00e1ginas en los distintos medios de comunicaci\u00f3n vascos y espa\u00f1oles. La intenci\u00f3n de este art\u00edculo es revisar la historia del cine vasco moderno analizando brevemente las diversas ocasiones en que el cine de Euskadi ha llevado a ETA a la pantalla y las consecuencias que esta decisi\u00f3n ha generado. Las adversas reacciones, desde todos los bandos, que estas propuestas art\u00edsticas han suscitado, muestran un preocupante estado de la libertad de expresi\u00f3n en nuestra sociedad y revelan las dificultades que tienen los cineastas vascos al tratar la historia vasca contempor\u00e1nea.<br \/>\n[vc_empty_space height=&#8221;10&#8243;]<br \/>\n<strong>Laburpena<\/strong><br \/>\n2000. urtearen hasieran, Yoyes filmaren estreinaldia zela eta, zinearen barnean ETAren gaiak Euskal Herriko zein Espainiako hainbat komunikabidetako orriak bete zituen berriro. Euskal zine modernoaren historia berrikustea da artikulu honen helburua, Euskadiko zineak ETA pantailaratu duen aldiak eta moldeak eta halako erabakiak sorrarazi dituen ondorioak aztertuz, laburki bada ere. Proposamen artistiko horiek alderdi guztietan pizturiko aurkako erreakzioek erakustera ematen dute adierazpen askatasunaren egoera kezkagarria gure gizarteari dagokionez, bai eta euskal zinegileek gaur egungo euskal historiaz jarduteko duten zailtasuna ere.<br \/>\n[vc_empty_space height=&#8221;10&#8243;]<br \/>\n<strong>Autor<\/strong><br \/>\nCarlos Rold\u00e1n. <a title=\"Dialnet\" href=\"http:\/\/dialnet.unirioja.es\/servlet\/autor?codigo=25796\" target=\"_blank\">P\u00e1gina del autor en Dialnet.<\/a><br \/>\n[vc_empty_space height=&#8221;10&#8243;]<br \/>\n<strong>Tipo de documento<\/strong><br \/>\nArt\u00edculo<br \/>\n[\/vc_column_text][\/vc_column][\/vc_row]<\/p>\n<\/div>","protected":false},"excerpt":{"rendered":"<p>[vc_row][vc_column width=&#8221;1\/1&#8243;][vc_column_text][vc_empty_space height=&#8221;20&#8243;] Referencia bibliogr\u00e1fica ROLD\u00c1N, Carlos (2001): \u00abUna apuesta suicida: ETA en el cine de Euskadi\u00bb, Ikusgaiak, n\u00ba 5, pp. 181-205. Consultar PDF[vc_empty_space height=&#8221;10&#8243;] Resumen A principios del 2000,&hellip;<\/p>\n","protected":false},"author":1,"featured_media":0,"parent":0,"menu_order":0,"comment_status":"open","ping_status":"open","template":"","meta":{"om_disable_all_campaigns":false,"_monsterinsights_skip_tracking":false,"_monsterinsights_sitenote_active":false,"_monsterinsights_sitenote_note":"","_monsterinsights_sitenote_category":0,"_uf_show_specific_survey":0,"_uf_disable_surveys":false,"_vp_format_video_url":"","_vp_image_focal_point":[],"_vp_custom_popup_image":0,"_vp_format_audio_url":"","_vp_custom_thumbnail":0,"_vp_custom_thumbnail_focal_point":[],"_vp_hover_thumbnail":0,"_vp_hover_thumbnail_focal_point":[],"footnotes":""},"class_list":["post-4553","page","type-page","status-publish","hentry"],"aioseo_notices":[],"_links":{"self":[{"href":"https:\/\/www.arovite.com\/eu\/wp-json\/wp\/v2\/pages\/4553","targetHints":{"allow":["GET"]}}],"collection":[{"href":"https:\/\/www.arovite.com\/eu\/wp-json\/wp\/v2\/pages"}],"about":[{"href":"https:\/\/www.arovite.com\/eu\/wp-json\/wp\/v2\/types\/page"}],"author":[{"embeddable":true,"href":"https:\/\/www.arovite.com\/eu\/wp-json\/wp\/v2\/users\/1"}],"replies":[{"embeddable":true,"href":"https:\/\/www.arovite.com\/eu\/wp-json\/wp\/v2\/comments?post=4553"}],"version-history":[{"count":0,"href":"https:\/\/www.arovite.com\/eu\/wp-json\/wp\/v2\/pages\/4553\/revisions"}],"wp:attachment":[{"href":"https:\/\/www.arovite.com\/eu\/wp-json\/wp\/v2\/media?parent=4553"}],"curies":[{"name":"wp","href":"https:\/\/api.w.org\/{rel}","templated":true}]}}