{"id":4533,"date":"2015-11-30T12:27:06","date_gmt":"2015-11-30T12:27:06","guid":{"rendered":"http:\/\/www.arovite.com\/romero-pena-aleix-2013-2\/"},"modified":"2015-11-30T12:27:06","modified_gmt":"2015-11-30T12:27:06","slug":"romero-pena-aleix-2013","status":"publish","type":"page","link":"https:\/\/www.arovite.com\/eu\/romero-pena-aleix-2013\/","title":{"rendered":"ROMERO PE\u00d1A, Aleix (2013)"},"content":{"rendered":"<div class=\"wpb-content-wrapper\"><p>[vc_row][vc_column width=&#8221;1\/1&#8243;][vc_column_text][vc_empty_space height=&#8221;20&#8243;]<br \/>\n<strong>Referencia bibliogr\u00e1fica<\/strong><br \/>\nROMERO PE\u00d1A, Aleix (2013): \u00abEl proceso de negociaci\u00f3n entre el Gobierno y ETA durante la etapa de Jos\u00e9 Luis Rodr\u00edguez Zapatero (2004-2011)\u00bb, <em>Historia Actual Online<\/em>, n\u00ba 30, pp. 39-51.<\/p>\n<p><a class=\"button blue  medium \" href=\"http:\/\/www.historia-actual.org\/Publicaciones\/index.php\/haol\/article\/view\/811\/645\" target=\"_blank\">Consultar PDF<\/a>[vc_empty_space height=&#8221;10&#8243;]<br \/>\n<strong>Resumen<\/strong><br \/>\nTras producirse el anuncio por parte de ETA del abandono de la lucha armada (20 de octubre 2011), hay que hacer balance de la pol\u00edtica antiterrorista de Jos\u00e9 Luis Rodr\u00edguez Zapatero, basada en el uso de todas las v\u00edas para hacer posible la paz, incluido el di\u00e1logo. \u00bfFue una estrategia equivocada? \u00bfContribuy\u00f3 a la declaraci\u00f3n de ETA? El fracaso del proceso de negociaci\u00f3n y el ruido medi\u00e1tico han ocultado las consecuencias positivas que tuvo para impulsar un cambio de estrategia en la izquierda abertzale que potenciara una lucha pol\u00edtica ajena a las armas.<br \/>\n[vc_empty_space height=&#8221;10&#8243;]<br \/>\n<strong>Autor<\/strong><br \/>\nAleix Romero Pe\u00f1a. <a title=\"Dialnet\" href=\"http:\/\/dialnet.unirioja.es\/servlet\/autor?codigo=1883553\" target=\"_blank\">P\u00e1gina del autor en Dialnet.<\/a><br \/>\n[vc_empty_space height=&#8221;10&#8243;]<br \/>\n<strong>Tipo de documento<\/strong><br \/>\nArt\u00edculo<br \/>\n[vc_empty_space height=&#8221;10&#8243;]<br \/>\n<a title=\"Enlace alternativo\" href=\"http:\/\/dialnet.unirioja.es\/servlet\/articulo?codigo=4197161\" target=\"_blank\"><strong>Enlace alternativo.<\/strong><\/a><br \/>\n[\/vc_column_text][\/vc_column][\/vc_row]<\/p>\n<\/div>","protected":false},"excerpt":{"rendered":"<p>[vc_row][vc_column width=&#8221;1\/1&#8243;][vc_column_text][vc_empty_space height=&#8221;20&#8243;] Referencia bibliogr\u00e1fica ROMERO PE\u00d1A, Aleix (2013): \u00abEl proceso de negociaci\u00f3n entre el Gobierno y ETA durante la etapa de Jos\u00e9 Luis Rodr\u00edguez Zapatero (2004-2011)\u00bb, Historia Actual Online,&hellip;<\/p>\n","protected":false},"author":1,"featured_media":0,"parent":0,"menu_order":0,"comment_status":"open","ping_status":"open","template":"","meta":{"om_disable_all_campaigns":false,"_monsterinsights_skip_tracking":false,"_monsterinsights_sitenote_active":false,"_monsterinsights_sitenote_note":"","_monsterinsights_sitenote_category":0,"_uf_show_specific_survey":0,"_uf_disable_surveys":false,"_vp_format_video_url":"","_vp_image_focal_point":[],"_vp_custom_popup_image":0,"_vp_format_audio_url":"","_vp_custom_thumbnail":0,"_vp_custom_thumbnail_focal_point":[],"_vp_hover_thumbnail":0,"_vp_hover_thumbnail_focal_point":[],"footnotes":""},"class_list":["post-4533","page","type-page","status-publish","hentry"],"aioseo_notices":[],"_links":{"self":[{"href":"https:\/\/www.arovite.com\/eu\/wp-json\/wp\/v2\/pages\/4533","targetHints":{"allow":["GET"]}}],"collection":[{"href":"https:\/\/www.arovite.com\/eu\/wp-json\/wp\/v2\/pages"}],"about":[{"href":"https:\/\/www.arovite.com\/eu\/wp-json\/wp\/v2\/types\/page"}],"author":[{"embeddable":true,"href":"https:\/\/www.arovite.com\/eu\/wp-json\/wp\/v2\/users\/1"}],"replies":[{"embeddable":true,"href":"https:\/\/www.arovite.com\/eu\/wp-json\/wp\/v2\/comments?post=4533"}],"version-history":[{"count":0,"href":"https:\/\/www.arovite.com\/eu\/wp-json\/wp\/v2\/pages\/4533\/revisions"}],"wp:attachment":[{"href":"https:\/\/www.arovite.com\/eu\/wp-json\/wp\/v2\/media?parent=4533"}],"curies":[{"name":"wp","href":"https:\/\/api.w.org\/{rel}","templated":true}]}}