{"id":4472,"date":"2015-11-30T12:08:44","date_gmt":"2015-11-30T12:08:44","guid":{"rendered":"http:\/\/www.arovite.com\/sanchez-cuenca-ignacio-2009-3-2\/"},"modified":"2015-11-30T12:08:44","modified_gmt":"2015-11-30T12:08:44","slug":"sanchez-cuenca-ignacio-2009-3","status":"publish","type":"page","link":"https:\/\/www.arovite.com\/eu\/sanchez-cuenca-ignacio-2009-3\/","title":{"rendered":"S\u00c1NCHEZ-CUENCA, Ignacio (2009)"},"content":{"rendered":"<div class=\"wpb-content-wrapper\"><p>[vc_row][vc_column width=&#8221;1\/1&#8243;][vc_column_text][vc_empty_space height=&#8221;20&#8243;]<br \/>\n<strong>Referencia bibliogr\u00e1fica<\/strong><br \/>\nS\u00c1NCHEZ-CUENCA, Ignacio (2009): \u00abExplaining temporal variation in the lethality of ETA\u00bb, <em>Revista Internacional de Sociolog\u00eda<\/em>, vol. 67, n\u00ba 3, pp. 609-629.<\/p>\n<p><a class=\"button blue  medium \" href=\"http:\/\/recursos.march.es\/web\/ceacs\/proyectos\/dtv\/pdf\/Explaining%20temporal%20variation%20in%20the%20lethality%20of%20ETA%20RIS.pdf\" target=\"_blank\">Consultar PDF<\/a>[vc_empty_space height=&#8221;10&#8243;]<br \/>\n<strong>Resumen<\/strong><br \/>\nEste art\u00edculo analiza la variaci\u00f3n temporal en la violencia letal de la organizaci\u00f3n terrorista ETA. Dada la estructura din\u00e1mica de la serie temporal de v\u00edctimas mortales, se estudia el efecto de una serie de variables independientes (celebraci\u00f3n de distintos tipos de elecciones, actividad anti-ETA de la extrema derecha y del GAL, detenciones policiales y sucesos especiales como los referendos sobre la Constituci\u00f3n o el Estatuto de Autonom\u00eda de Guernica). Para ello, se estiman diversos modelos ARIMA con la serie trimestral de v\u00edctimas mortales entre 1968 y 2007. Adem\u00e1s, se completan los resultados obtenidos con un an\u00e1lisis hist\u00f3rico-pol\u00edtico del periodo de m\u00e1xima violencia durante la transici\u00f3n a la democracia.<br \/>\n[vc_empty_space height=&#8221;10&#8243;]<br \/>\n<strong>Abstract<\/strong><br \/>\nThis article analyzes time variation in the lethal violence of the terrorist organization ETA. Given the dynamic structure of the time series of fatalities, I look at the effect of a number of independent variables (the celebration of different types of elections, anti-ETA activity by extreme right-wing organizations and the GAL, police arrests, and other relevant events, such as the referendums on the Constitution and the Statute of Autonomy of Guernica). To do so, I have estimated several ARIMA models using the time series of fatalities between 1968 and 2007. Moreover, the results obtained are complemented by a historical-political analysis of the period of maximum violence, which took place during the Spanish transition to democracy.<br \/>\n[vc_empty_space height=&#8221;10&#8243;]<br \/>\n<strong>Autor<\/strong><br \/>\nIgnacio S\u00e1nchez-Cuenca. <a title=\"Dialnet\" href=\"http:\/\/dialnet.unirioja.es\/servlet\/autor?codigo=19338\" target=\"_blank\">P\u00e1gina del autor en Dialnet.<\/a><br \/>\n[vc_empty_space height=&#8221;10&#8243;]<br \/>\n<strong>Tipo de documento<\/strong><br \/>\nArt\u00edculo<br \/>\n[\/vc_column_text][\/vc_column][\/vc_row]<\/p>\n<\/div>","protected":false},"excerpt":{"rendered":"<p>[vc_row][vc_column width=&#8221;1\/1&#8243;][vc_column_text][vc_empty_space height=&#8221;20&#8243;] Referencia bibliogr\u00e1fica S\u00c1NCHEZ-CUENCA, Ignacio (2009): \u00abExplaining temporal variation in the lethality of ETA\u00bb, Revista Internacional de Sociolog\u00eda, vol. 67, n\u00ba 3, pp. 609-629. Consultar PDF[vc_empty_space height=&#8221;10&#8243;] Resumen&hellip;<\/p>\n","protected":false},"author":1,"featured_media":0,"parent":0,"menu_order":0,"comment_status":"open","ping_status":"open","template":"","meta":{"om_disable_all_campaigns":false,"_monsterinsights_skip_tracking":false,"_monsterinsights_sitenote_active":false,"_monsterinsights_sitenote_note":"","_monsterinsights_sitenote_category":0,"_uf_show_specific_survey":0,"_uf_disable_surveys":false,"_vp_format_video_url":"","_vp_image_focal_point":[],"_vp_custom_popup_image":0,"_vp_format_audio_url":"","_vp_custom_thumbnail":0,"_vp_custom_thumbnail_focal_point":[],"_vp_hover_thumbnail":0,"_vp_hover_thumbnail_focal_point":[],"footnotes":""},"class_list":["post-4472","page","type-page","status-publish","hentry"],"aioseo_notices":[],"_links":{"self":[{"href":"https:\/\/www.arovite.com\/eu\/wp-json\/wp\/v2\/pages\/4472","targetHints":{"allow":["GET"]}}],"collection":[{"href":"https:\/\/www.arovite.com\/eu\/wp-json\/wp\/v2\/pages"}],"about":[{"href":"https:\/\/www.arovite.com\/eu\/wp-json\/wp\/v2\/types\/page"}],"author":[{"embeddable":true,"href":"https:\/\/www.arovite.com\/eu\/wp-json\/wp\/v2\/users\/1"}],"replies":[{"embeddable":true,"href":"https:\/\/www.arovite.com\/eu\/wp-json\/wp\/v2\/comments?post=4472"}],"version-history":[{"count":0,"href":"https:\/\/www.arovite.com\/eu\/wp-json\/wp\/v2\/pages\/4472\/revisions"}],"wp:attachment":[{"href":"https:\/\/www.arovite.com\/eu\/wp-json\/wp\/v2\/media?parent=4472"}],"curies":[{"name":"wp","href":"https:\/\/api.w.org\/{rel}","templated":true}]}}