{"id":4406,"date":"2015-11-30T11:29:42","date_gmt":"2015-11-30T11:29:42","guid":{"rendered":"http:\/\/www.arovite.com\/barrenetxea-igor-2008-2\/"},"modified":"2015-11-30T11:29:42","modified_gmt":"2015-11-30T11:29:42","slug":"barrenetxea-igor-2008","status":"publish","type":"page","link":"https:\/\/www.arovite.com\/eu\/barrenetxea-igor-2008\/","title":{"rendered":"BARRENETXEA, Igor (2008)"},"content":{"rendered":"<div class=\"wpb-content-wrapper\"><p>[vc_row][vc_column width=&#8221;1\/1&#8243;][vc_column_text][vc_empty_space height=&#8221;20&#8243;]<br \/>\n<strong>Referencia bibliogr\u00e1fica<\/strong><br \/>\nBARRENETXEA, Igor (2008): \u00abLa transici\u00f3n y ETA: La fuga de Segovia\u00bb, <em>Quaderns de Cine<\/em>, n\u00ba 2, pp. 25-32.<\/p>\n<p><a class=\"button blue  medium \" href=\"http:\/\/rua.ua.es\/dspace\/bitstream\/10045\/11389\/1\/Quaderns_Cine_N2_03.pdf\" target=\"_blank\">Consultar PDF<\/a>[vc_empty_space height=&#8221;10&#8243;]<br \/>\n<strong>Resumen<\/strong><br \/>\nA decir verdad, daba la impresi\u00f3n de que Imanol Uribe ten\u00eda una deuda pendiente con la sociedad vasca. A pesar del \u00e9xito fraguado por El proceso de Burgos (1979), Uribe no saci\u00f3 sus ansias de comprender y analizar el contexto vasco, por su enorme contenido dram\u00e1tico. Inspirado por el libro Operaci\u00f3n Poncho de \u00c1ngel Amigo (Amigo, 1978)1, decidi\u00f3 trasladar al cine, esta vez desde la recreaci\u00f3n ficcionada, un episodio ver\u00eddico: la fuga de la c\u00e1rcel de Segovia de una treintena de presos, en su mayor parte miembros de ETA, en abril de 1976. Encomend\u00f3 a Amigo la elaboraci\u00f3n del gui\u00f3n y, adem\u00e1s, como se hab\u00eda previsto un presupuesto elevado (de los ocho millones de pesetas que cost\u00f3 El proceso de Burgos se pas\u00f3 a los sesenta), se acomod\u00f3 a las labores de productor ejecutivo. Uribe cont\u00f3 tambi\u00e9n con las primeras subvenciones oficiales del Gobierno Vasco a una producci\u00f3n cinematogr\u00e1fica. Y otra parte se financi\u00f3 gracias al cr\u00e9dito concedido por varias entidades bancarias vascas.<br \/>\n[vc_empty_space height=&#8221;10&#8243;]<br \/>\n<strong>Autor<\/strong><br \/>\nIgor Barrenetxea Mara\u00f1\u00f3n. <a title=\"Dialnet\" href=\"http:\/\/dialnet.unirioja.es\/servlet\/autor?codigo=153222\" target=\"_blank\">P\u00e1gina del autor en Dialnet.<\/a><br \/>\n[vc_empty_space height=&#8221;10&#8243;]<br \/>\n<strong>Tipo de documento<\/strong><br \/>\nArt\u00edculo<br \/>\n[vc_empty_space height=&#8221;10&#8243;]<br \/>\n[\/vc_column_text][\/vc_column][\/vc_row]<\/p>\n<\/div>","protected":false},"excerpt":{"rendered":"<p>[vc_row][vc_column width=&#8221;1\/1&#8243;][vc_column_text][vc_empty_space height=&#8221;20&#8243;] Referencia bibliogr\u00e1fica BARRENETXEA, Igor (2008): \u00abLa transici\u00f3n y ETA: La fuga de Segovia\u00bb, Quaderns de Cine, n\u00ba 2, pp. 25-32. Consultar PDF[vc_empty_space height=&#8221;10&#8243;] Resumen A decir verdad,&hellip;<\/p>\n","protected":false},"author":2,"featured_media":0,"parent":0,"menu_order":0,"comment_status":"open","ping_status":"open","template":"","meta":{"om_disable_all_campaigns":false,"_monsterinsights_skip_tracking":false,"_monsterinsights_sitenote_active":false,"_monsterinsights_sitenote_note":"","_monsterinsights_sitenote_category":0,"_uf_show_specific_survey":0,"_uf_disable_surveys":false,"_vp_format_video_url":"","_vp_image_focal_point":[],"_vp_custom_popup_image":0,"_vp_format_audio_url":"","_vp_custom_thumbnail":0,"_vp_custom_thumbnail_focal_point":[],"_vp_hover_thumbnail":0,"_vp_hover_thumbnail_focal_point":[],"footnotes":""},"class_list":["post-4406","page","type-page","status-publish","hentry"],"aioseo_notices":[],"_links":{"self":[{"href":"https:\/\/www.arovite.com\/eu\/wp-json\/wp\/v2\/pages\/4406","targetHints":{"allow":["GET"]}}],"collection":[{"href":"https:\/\/www.arovite.com\/eu\/wp-json\/wp\/v2\/pages"}],"about":[{"href":"https:\/\/www.arovite.com\/eu\/wp-json\/wp\/v2\/types\/page"}],"author":[{"embeddable":true,"href":"https:\/\/www.arovite.com\/eu\/wp-json\/wp\/v2\/users\/2"}],"replies":[{"embeddable":true,"href":"https:\/\/www.arovite.com\/eu\/wp-json\/wp\/v2\/comments?post=4406"}],"version-history":[{"count":0,"href":"https:\/\/www.arovite.com\/eu\/wp-json\/wp\/v2\/pages\/4406\/revisions"}],"wp:attachment":[{"href":"https:\/\/www.arovite.com\/eu\/wp-json\/wp\/v2\/media?parent=4406"}],"curies":[{"name":"wp","href":"https:\/\/api.w.org\/{rel}","templated":true}]}}