{"id":4391,"date":"2015-11-30T11:25:02","date_gmt":"2015-11-30T11:25:02","guid":{"rendered":"http:\/\/www.arovite.com\/parlamento-vasco-2009-2\/"},"modified":"2016-01-26T18:13:03","modified_gmt":"2016-01-26T18:13:03","slug":"parlamento-vasco-2009","status":"publish","type":"page","link":"https:\/\/www.arovite.com\/eu\/parlamento-vasco-2009\/","title":{"rendered":"PARLAMENTO VASCO (2009)"},"content":{"rendered":"<div class=\"wpb-content-wrapper\"><p>[vc_row][vc_column width=&#8221;1\/1&#8243;][vc_column_text][vc_empty_space height=&#8221;20&#8243;]<br \/>\n<strong>Referencia bibliogr\u00e1fica<\/strong><br \/>\nPARLAMENTO VASCO (2009): <em>Terrorismoaren biktimak. V\u00edctimas del terrorismo<\/em>. Dossier n\u00ba 44, Parlamento Vasco.<\/p>\n<p><a class=\"button blue  medium \" href=\"http:\/\/www.arovite.com\/documentos\/2009_Parlamento_Vasco.pdf\" target=\"_blank\">Consultar PDF<\/a>[vc_empty_space height=&#8221;10&#8243;]<br \/>\n<strong>Resumen<\/strong><br \/>\nIniciativas en el Parlamento Vasco; legislaci\u00f3n; jurisprudencia; documentos; otros enlaces de inter\u00e9s; Gobierno Vasco \u2013 Direcci\u00f3n de Atenci\u00f3n a las V\u00edctimas del Terrorismo.<br \/>\n[vc_empty_space height=&#8221;10&#8243;]<br \/>\n<strong>Tipo de documento<\/strong><br \/>\nInforme<br \/>\n[vc_empty_space height=&#8221;10&#8243;]<br \/>\n<a title=\"Enlace alternativo\" href=\"http:\/\/www.parlamento.euskadi.net\/pdfs_batzorde\/104.pdf\" target=\"_blank\"><strong>Enlace alternativo.<\/strong><\/a><br \/>\n[\/vc_column_text][\/vc_column][\/vc_row]<\/p>\n<\/div>","protected":false},"excerpt":{"rendered":"<p>[vc_row][vc_column width=&#8221;1\/1&#8243;][vc_column_text][vc_empty_space height=&#8221;20&#8243;] Referencia bibliogr\u00e1fica PARLAMENTO VASCO (2009): Terrorismoaren biktimak. V\u00edctimas del terrorismo. Dossier n\u00ba 44, Parlamento Vasco. Consultar PDF[vc_empty_space height=&#8221;10&#8243;] Resumen Iniciativas en el Parlamento Vasco; legislaci\u00f3n; jurisprudencia; documentos;&hellip;<\/p>\n","protected":false},"author":1,"featured_media":0,"parent":0,"menu_order":0,"comment_status":"open","ping_status":"open","template":"","meta":{"om_disable_all_campaigns":false,"_monsterinsights_skip_tracking":false,"_monsterinsights_sitenote_active":false,"_monsterinsights_sitenote_note":"","_monsterinsights_sitenote_category":0,"_uf_show_specific_survey":0,"_uf_disable_surveys":false,"_vp_format_video_url":"","_vp_image_focal_point":[],"_vp_custom_popup_image":0,"_vp_format_audio_url":"","_vp_custom_thumbnail":0,"_vp_custom_thumbnail_focal_point":[],"_vp_hover_thumbnail":0,"_vp_hover_thumbnail_focal_point":[],"footnotes":""},"class_list":["post-4391","page","type-page","status-publish","hentry"],"aioseo_notices":[],"_links":{"self":[{"href":"https:\/\/www.arovite.com\/eu\/wp-json\/wp\/v2\/pages\/4391","targetHints":{"allow":["GET"]}}],"collection":[{"href":"https:\/\/www.arovite.com\/eu\/wp-json\/wp\/v2\/pages"}],"about":[{"href":"https:\/\/www.arovite.com\/eu\/wp-json\/wp\/v2\/types\/page"}],"author":[{"embeddable":true,"href":"https:\/\/www.arovite.com\/eu\/wp-json\/wp\/v2\/users\/1"}],"replies":[{"embeddable":true,"href":"https:\/\/www.arovite.com\/eu\/wp-json\/wp\/v2\/comments?post=4391"}],"version-history":[{"count":3,"href":"https:\/\/www.arovite.com\/eu\/wp-json\/wp\/v2\/pages\/4391\/revisions"}],"predecessor-version":[{"id":6587,"href":"https:\/\/www.arovite.com\/eu\/wp-json\/wp\/v2\/pages\/4391\/revisions\/6587"}],"wp:attachment":[{"href":"https:\/\/www.arovite.com\/eu\/wp-json\/wp\/v2\/media?parent=4391"}],"curies":[{"name":"wp","href":"https:\/\/api.w.org\/{rel}","templated":true}]}}