{"id":4370,"date":"2015-11-30T11:06:31","date_gmt":"2015-11-30T11:06:31","guid":{"rendered":"http:\/\/www.arovite.com\/baglietto-pedro-mari-2006-2\/"},"modified":"2015-11-30T11:06:31","modified_gmt":"2015-11-30T11:06:31","slug":"baglietto-pedro-mari-2006","status":"publish","type":"page","link":"https:\/\/www.arovite.com\/eu\/baglietto-pedro-mari-2006\/","title":{"rendered":"BAGLIETTO, Pedro Mari (2006)"},"content":{"rendered":"<div class=\"wpb-content-wrapper\"><p>[vc_row][vc_column width=&#8221;1\/1&#8243;][vc_column_text][vc_empty_space height=&#8221;20&#8243;]<br \/>\n<strong>Referencia bibliogr\u00e1fica<\/strong><br \/>\nBAGLIETTO, Pedro Mari (2006): <em>Un grito de paz. Autobiograf\u00eda p\u00f3stuma de una v\u00edctima de ETA<\/em>. Madrid: Espasa.<\/p>\n<p><a class=\"button blue  medium \" href=\"http:\/\/www.fundacionvt.org\/documentos\/LIBRO_UN_GRITO_DE_PAZ.pdf\" target=\"_blank\">Consultar PDF<\/a>[vc_empty_space height=&#8221;10&#8243;]<br \/>\n<strong>Resumen<\/strong><br \/>\nEuskadi, el Pa\u00eds Vasco, cuenta con algo m\u00e1s de dos millones de habitantes, los mismos que Kosovo, por ejemplo, pero en un territorio bastante m\u00e1s peque\u00f1o y mucho mejor comunicado. Por eso, en el Pa\u00eds Vasco, como suele decirse &#8220;nos conocemos todos&#8221;. Por eso tambi\u00e9n, podemos empezar esta historia por casi cualquier punto.<br \/>\n[vc_empty_space height=&#8221;10&#8243;]<br \/>\n<strong>Autor<\/strong><br \/>\nPedro Mari Baglietto. <a title=\"Dialnet\" href=\"http:\/\/dialnet.unirioja.es\/servlet\/libro?codigo=64869\" target=\"_blank\">P\u00e1gina del autor en Dialnet.<\/a><br \/>\n[vc_empty_space height=&#8221;10&#8243;]<br \/>\n<strong>Tipo de documento<\/strong><br \/>\nLibro<br \/>\n[vc_empty_space height=&#8221;10&#8243;][\/vc_column_text][\/vc_column][\/vc_row]<\/p>\n<\/div>","protected":false},"excerpt":{"rendered":"<p>[vc_row][vc_column width=&#8221;1\/1&#8243;][vc_column_text][vc_empty_space height=&#8221;20&#8243;] Referencia bibliogr\u00e1fica BAGLIETTO, Pedro Mari (2006): Un grito de paz. Autobiograf\u00eda p\u00f3stuma de una v\u00edctima de ETA. Madrid: Espasa. Consultar PDF[vc_empty_space height=&#8221;10&#8243;] Resumen Euskadi, el Pa\u00eds Vasco,&hellip;<\/p>\n","protected":false},"author":2,"featured_media":0,"parent":0,"menu_order":0,"comment_status":"open","ping_status":"open","template":"","meta":{"om_disable_all_campaigns":false,"_monsterinsights_skip_tracking":false,"_monsterinsights_sitenote_active":false,"_monsterinsights_sitenote_note":"","_monsterinsights_sitenote_category":0,"_uf_show_specific_survey":0,"_uf_disable_surveys":false,"_vp_format_video_url":"","_vp_image_focal_point":[],"_vp_custom_popup_image":0,"_vp_format_audio_url":"","_vp_custom_thumbnail":0,"_vp_custom_thumbnail_focal_point":[],"_vp_hover_thumbnail":0,"_vp_hover_thumbnail_focal_point":[],"footnotes":""},"class_list":["post-4370","page","type-page","status-publish","hentry"],"aioseo_notices":[],"_links":{"self":[{"href":"https:\/\/www.arovite.com\/eu\/wp-json\/wp\/v2\/pages\/4370","targetHints":{"allow":["GET"]}}],"collection":[{"href":"https:\/\/www.arovite.com\/eu\/wp-json\/wp\/v2\/pages"}],"about":[{"href":"https:\/\/www.arovite.com\/eu\/wp-json\/wp\/v2\/types\/page"}],"author":[{"embeddable":true,"href":"https:\/\/www.arovite.com\/eu\/wp-json\/wp\/v2\/users\/2"}],"replies":[{"embeddable":true,"href":"https:\/\/www.arovite.com\/eu\/wp-json\/wp\/v2\/comments?post=4370"}],"version-history":[{"count":0,"href":"https:\/\/www.arovite.com\/eu\/wp-json\/wp\/v2\/pages\/4370\/revisions"}],"wp:attachment":[{"href":"https:\/\/www.arovite.com\/eu\/wp-json\/wp\/v2\/media?parent=4370"}],"curies":[{"name":"wp","href":"https:\/\/api.w.org\/{rel}","templated":true}]}}