{"id":4355,"date":"2015-11-30T11:08:32","date_gmt":"2015-11-30T11:08:32","guid":{"rendered":"http:\/\/www.arovite.com\/parejo-nekane-2006-2\/"},"modified":"2015-11-30T11:08:32","modified_gmt":"2015-11-30T11:08:32","slug":"parejo-nekane-2006","status":"publish","type":"page","link":"https:\/\/www.arovite.com\/eu\/parejo-nekane-2006\/","title":{"rendered":"PAREJO, Nekane (2006)"},"content":{"rendered":"<div class=\"wpb-content-wrapper\"><p>[vc_row][vc_column width=&#8221;1\/1&#8243;][vc_column_text][vc_empty_space height=&#8221;20&#8243;]<br \/>\n<strong>Referencia bibliogr\u00e1fica<\/strong><br \/>\nPAREJO, Nekane (2006): \u00abVisi\u00f3n de los fot\u00f3grafos de la prensa vasca de los atentados de ETA hasta 1975\u00bb, <em>Ondare<\/em>, n\u00ba 25, pp. 415-424.<\/p>\n<p><a class=\"button blue  medium \" href=\"http:\/\/www.euskomedia.org\/PDFAnlt\/arte\/25\/25415424.pdf\" target=\"_blank\">Consultar PDF<\/a>[vc_empty_space height=&#8221;10&#8243;]<br \/>\n<strong>Resumen<\/strong><br \/>\nEste estudio es el an\u00e1lisis de las fotos, y por tanto, de la visi\u00f3n de los fot\u00f3grafos que las realizaron, que registran muertos en actos terroristas de ETA desde sus inicios hasta el fallecimiento de Franco. La investigaci\u00f3n tiene como soporte lo que posteriormente se denominar\u00e1n diarios tradicionales vascos: La Gaceta del Norte, Hierro y El Correo.<br \/>\n[vc_empty_space height=&#8221;10&#8243;]<br \/>\n<strong>Laburpena<\/strong><br \/>\nETA sortu zenetik Franco hil arte ekintza terroristetan hildakoen argazkiei buruz egindako azterketa da lan hau, eta ondorioz, argazki horiek atera zituzten argazkilarien ikuspuntuarena. Gerora euskal egunkari tradizionalak deituko zirenak dira ikerketa honen euskarria: La Gaceta del Norte, Hierro eta El Correo.<br \/>\n[vc_empty_space height=&#8221;10&#8243;]<br \/>\n<strong>Abstract<\/strong><br \/>\nThis study is an analysis of the photographs, and first of the vision of the photographers that took them, that the trade people killed in ETA terrorist actions from its beginnings to Franco&#8217;s death. The research is supported on what were later to be the nominated Basque traditional newspapers: La Gaceta del Norte, Hierro and El Correo.<br \/>\n[vc_empty_space height=&#8221;10&#8243;]<br \/>\n<strong>Autor<\/strong><br \/>\nNekane Parejo. <a title=\"Dialnet\" href=\"http:\/\/dialnet.unirioja.es\/servlet\/autor?codigo=1801105\" target=\"_blank\">P\u00e1gina del autor en Dialnet.<\/a><br \/>\n[vc_empty_space height=&#8221;10&#8243;]<br \/>\n<strong>Tipo de documento<\/strong><br \/>\nArt\u00edculo<br \/>\n[vc_empty_space height=&#8221;10&#8243;]<br \/>\n<a title=\"Enlace alternativo\" href=\"http:\/\/www.europeana.eu\/portal\/record\/2022701\/oai_hedatuz_euskomedia_org_3876.html\" target=\"_blank\"><strong>Enlace alternativo.<\/strong><\/a><br \/>\n[\/vc_column_text][\/vc_column][\/vc_row]<\/p>\n<\/div>","protected":false},"excerpt":{"rendered":"<p>[vc_row][vc_column width=&#8221;1\/1&#8243;][vc_column_text][vc_empty_space height=&#8221;20&#8243;] Referencia bibliogr\u00e1fica PAREJO, Nekane (2006): \u00abVisi\u00f3n de los fot\u00f3grafos de la prensa vasca de los atentados de ETA hasta 1975\u00bb, Ondare, n\u00ba 25, pp. 415-424. Consultar PDF[vc_empty_space&hellip;<\/p>\n","protected":false},"author":1,"featured_media":0,"parent":0,"menu_order":0,"comment_status":"open","ping_status":"open","template":"","meta":{"om_disable_all_campaigns":false,"_monsterinsights_skip_tracking":false,"_monsterinsights_sitenote_active":false,"_monsterinsights_sitenote_note":"","_monsterinsights_sitenote_category":0,"_uf_show_specific_survey":0,"_uf_disable_surveys":false,"_vp_format_video_url":"","_vp_image_focal_point":[],"_vp_custom_popup_image":0,"_vp_format_audio_url":"","_vp_custom_thumbnail":0,"_vp_custom_thumbnail_focal_point":[],"_vp_hover_thumbnail":0,"_vp_hover_thumbnail_focal_point":[],"footnotes":""},"class_list":["post-4355","page","type-page","status-publish","hentry"],"aioseo_notices":[],"_links":{"self":[{"href":"https:\/\/www.arovite.com\/eu\/wp-json\/wp\/v2\/pages\/4355","targetHints":{"allow":["GET"]}}],"collection":[{"href":"https:\/\/www.arovite.com\/eu\/wp-json\/wp\/v2\/pages"}],"about":[{"href":"https:\/\/www.arovite.com\/eu\/wp-json\/wp\/v2\/types\/page"}],"author":[{"embeddable":true,"href":"https:\/\/www.arovite.com\/eu\/wp-json\/wp\/v2\/users\/1"}],"replies":[{"embeddable":true,"href":"https:\/\/www.arovite.com\/eu\/wp-json\/wp\/v2\/comments?post=4355"}],"version-history":[{"count":0,"href":"https:\/\/www.arovite.com\/eu\/wp-json\/wp\/v2\/pages\/4355\/revisions"}],"wp:attachment":[{"href":"https:\/\/www.arovite.com\/eu\/wp-json\/wp\/v2\/media?parent=4355"}],"curies":[{"name":"wp","href":"https:\/\/api.w.org\/{rel}","templated":true}]}}