{"id":4332,"date":"2015-11-30T10:59:52","date_gmt":"2015-11-30T10:59:52","guid":{"rendered":"http:\/\/www.arovite.com\/parejo-nekane-y-gomez-agustin-2005-2\/"},"modified":"2015-11-30T10:59:52","modified_gmt":"2015-11-30T10:59:52","slug":"parejo-nekane-y-gomez-agustin-2005","status":"publish","type":"page","link":"https:\/\/www.arovite.com\/eu\/parejo-nekane-y-gomez-agustin-2005\/","title":{"rendered":"PAREJO, Nekane y G\u00d3MEZ, Agust\u00edn (2005)"},"content":{"rendered":"<div class=\"wpb-content-wrapper\"><p>[vc_row][vc_column width=&#8221;1\/1&#8243;][vc_column_text][vc_empty_space height=&#8221;20&#8243;]<br \/>\n<strong>Referencia bibliogr\u00e1fica<\/strong><br \/>\nPAREJO, Nekane y G\u00d3MEZ, Agust\u00edn (2005): \u00abLos encuadres fotogr\u00e1ficos del lugar de los hechos. Atentados de ETA de la dictadura a la transici\u00f3n\u00bb, en AMADOR, M\u00aa Pilar et al. (coords.): <em>Terceras Jornadas Imagen, Cultura y Tecnolog\u00eda<\/em>. Madrid: Universidad Carlos III y Archiviana, pp. 351-364.<\/p>\n<p><a class=\"button blue  medium \" href=\"http:\/\/e-archivo.uc3m.es\/bitstream\/handle\/10016\/9033\/encuadres_parejo_IC_2005.pdf?sequence=1\" target=\"_blank\">Consultar PDF<\/a>[vc_empty_space height=&#8221;10&#8243;]<br \/>\n<strong>Resumen<\/strong><br \/>\nEn esta comunicaci\u00f3n se pretenden ver las transformaciones que se registran en la representaci\u00f3n de los lugares donde se produjeron atentados terroristas perpetrados por ETA desde 1968 hasta 1978 a trav\u00e9s de las im\u00e1genes fotogr\u00e1ficas publicadas en la prensa. En concreto, en los diarios La Gaceta del Norte, Hierro y El Correo para los a\u00f1os pertenecientes a la Dictadura. En la \u00e9poca de la Transici\u00f3n a \u00e9stos se sumar\u00e1n Deia y Egin como representativos del Pa\u00eds Vasco, y uno de car\u00e1cter nacional, El Pa\u00eds. El periodo delimitado se sit\u00faa entre 1968 y 1978, diez a\u00f1os en los que se ven claramente los valores morales dominantes a trav\u00e9s del tratamiento visual, al principio con escasez de libertad y luego reflejando la libertad conseguida. Finalizar en 1978 con la muerte de Lisardo Sampil encuentra su fundamento en que en su selecci\u00f3n fotogr\u00e1fica est\u00e1n algunas de las claves que ir\u00e1n madur\u00e1ndose en los ochenta. Un claro ejemplo es que en esa fecha por primera vez coinciden en el encuadre la figura del espectador y el cuerpo sin vida in situ.<br \/>\n[vc_empty_space height=&#8221;10&#8243;]<br \/>\n<strong>Autor<\/strong><br \/>\nNekane Parejo. <a title=\"Dialnet\" href=\"http:\/\/dialnet.unirioja.es\/servlet\/autor?codigo=1801105\" target=\"_blank\">P\u00e1gina del autor en Dialnet.<\/a><br \/>\nAgust\u00edn G\u00f3mez. <a title=\"Dialnet\" href=\"http:\/\/dialnet.unirioja.es\/servlet\/autor?codigo=15726\" target=\"_blank\">P\u00e1gina del autor en Dialnet.<\/a><br \/>\n[vc_empty_space height=&#8221;10&#8243;]<br \/>\n<strong>Tipo de documento<\/strong><br \/>\nCap\u00edtulo de libro<br \/>\n[vc_empty_space height=&#8221;10&#8243;]<br \/>\n[\/vc_column_text][\/vc_column][\/vc_row]<\/p>\n<\/div>","protected":false},"excerpt":{"rendered":"<p>[vc_row][vc_column width=&#8221;1\/1&#8243;][vc_column_text][vc_empty_space height=&#8221;20&#8243;] Referencia bibliogr\u00e1fica PAREJO, Nekane y G\u00d3MEZ, Agust\u00edn (2005): \u00abLos encuadres fotogr\u00e1ficos del lugar de los hechos. Atentados de ETA de la dictadura a la transici\u00f3n\u00bb, en AMADOR,&hellip;<\/p>\n","protected":false},"author":1,"featured_media":0,"parent":0,"menu_order":0,"comment_status":"open","ping_status":"open","template":"","meta":{"om_disable_all_campaigns":false,"_monsterinsights_skip_tracking":false,"_monsterinsights_sitenote_active":false,"_monsterinsights_sitenote_note":"","_monsterinsights_sitenote_category":0,"_uf_show_specific_survey":0,"_uf_disable_surveys":false,"_vp_format_video_url":"","_vp_image_focal_point":[],"_vp_custom_popup_image":0,"_vp_format_audio_url":"","_vp_custom_thumbnail":0,"_vp_custom_thumbnail_focal_point":[],"_vp_hover_thumbnail":0,"_vp_hover_thumbnail_focal_point":[],"footnotes":""},"class_list":["post-4332","page","type-page","status-publish","hentry"],"aioseo_notices":[],"_links":{"self":[{"href":"https:\/\/www.arovite.com\/eu\/wp-json\/wp\/v2\/pages\/4332","targetHints":{"allow":["GET"]}}],"collection":[{"href":"https:\/\/www.arovite.com\/eu\/wp-json\/wp\/v2\/pages"}],"about":[{"href":"https:\/\/www.arovite.com\/eu\/wp-json\/wp\/v2\/types\/page"}],"author":[{"embeddable":true,"href":"https:\/\/www.arovite.com\/eu\/wp-json\/wp\/v2\/users\/1"}],"replies":[{"embeddable":true,"href":"https:\/\/www.arovite.com\/eu\/wp-json\/wp\/v2\/comments?post=4332"}],"version-history":[{"count":0,"href":"https:\/\/www.arovite.com\/eu\/wp-json\/wp\/v2\/pages\/4332\/revisions"}],"wp:attachment":[{"href":"https:\/\/www.arovite.com\/eu\/wp-json\/wp\/v2\/media?parent=4332"}],"curies":[{"name":"wp","href":"https:\/\/api.w.org\/{rel}","templated":true}]}}